{"id":813,"date":"2024-10-15T08:11:33","date_gmt":"2024-10-15T08:11:33","guid":{"rendered":"https:\/\/www.siciliarance.com\/prodotto\/origan-de-sicile\/"},"modified":"2024-10-24T08:00:46","modified_gmt":"2024-10-24T08:00:46","slug":"origan-de-sicile","status":"publish","type":"product","link":"https:\/\/www.siciliarance.com\/fr\/prodotto\/origan-de-sicile\/","title":{"rendered":"Origan de Sicile"},"content":{"rendered":"<p>D\u00e9couvrez l&rsquo;ar\u00f4me incomparable de l&rsquo;origan sicilien, cultiv\u00e9 sous le soleil chaud de notre \u00eele. Cueilli \u00e0 la main et s\u00e9ch\u00e9 naturellement, cet origan est parfait pour enrichir n&rsquo;importe quel plat de sa saveur aromatique intense. De la pizza aux p\u00e2tes, des salades aux plats de viande, ajoutez une touche sicilienne \u00e0 votre cuisine gr\u00e2ce \u00e0 cet ingr\u00e9dient polyvalent et authentique.  <\/p>\n<p><strong>Caract\u00e9ristiques :<\/strong><\/p>\n<ul>\n<li>100% naturel et sans additifs<\/li>\n<li>R\u00e9colt\u00e9 \u00e0 la main dans les collines de Sicile<\/li>\n<li>S\u00e9ch\u00e9 naturellement pour conserver toutes les propri\u00e9t\u00e9s aromatiques<\/li>\n<li>Id\u00e9al pour aromatiser les pizzas, les sauces, les salades et les plats de viande<\/li>\n<\/ul>\n<p>Faites entrer la tradition m\u00e9diterran\u00e9enne dans votre cuisine avec notre origan sicilien, un must pour ceux qui aiment les saveurs authentiques.<\/p>\n","protected":false},"excerpt":{"rendered":"<p>D\u00e9couvrez l&rsquo;ar\u00f4me incomparable de l&rsquo;origan sicilien, cultiv\u00e9 sous le soleil chaud de notre \u00eele. Cueilli \u00e0 la main et s\u00e9ch\u00e9 naturellement, cet origan est parfait pour enrichir n&rsquo;importe quel plat de sa saveur aromatique intense. De la pizza aux p\u00e2tes, des salades aux plats de viande, ajoutez une touche sicilienne \u00e0 votre cuisine gr\u00e2ce \u00e0 [&hellip;]<\/p>\n","protected":false},"featured_media":1031,"comment_status":"open","ping_status":"closed","template":"","meta":[],"product_brand":[],"product_cat":[43],"product_tag":[],"class_list":{"0":"post-813","1":"product","2":"type-product","3":"status-publish","4":"has-post-thumbnail","6":"product_cat-produits-typiques-de-la-sicile","8":"first","9":"instock","10":"shipping-taxable","11":"purchasable","12":"product-type-simple"},"yoast_head":"<!-- This site is optimized with the Yoast SEO Premium plugin v23.5 (Yoast SEO v23.6) - https:\/\/yoast.com\/wordpress\/plugins\/seo\/ -->\n<title>Origan de Sicile - Siciliarance<\/title>\n<meta name=\"description\" content=\"D\u00e9couvrez l&#039;ar\u00f4me incomparable de l&#039;Origan sicilien, cultiv\u00e9 sous le soleil chaud de notre \u00eele. Cueilli \u00e0 la main et s\u00e9ch\u00e9 naturellement\" \/>\n<meta name=\"robots\" content=\"index, follow, max-snippet:-1, max-image-preview:large, max-video-preview:-1\" \/>\n<link rel=\"canonical\" href=\"https:\/\/www.siciliarance.com\/fr\/prodotto\/origan-de-sicile\/\" \/>\n<meta property=\"og:locale\" content=\"fr_FR\" \/>\n<meta property=\"og:type\" content=\"article\" \/>\n<meta property=\"og:title\" content=\"Origan de Sicile\" \/>\n<meta property=\"og:description\" content=\"D\u00e9couvrez l&#039;ar\u00f4me incomparable de l&#039;Origan sicilien, cultiv\u00e9 sous le soleil chaud de notre \u00eele. Cueilli \u00e0 la main et s\u00e9ch\u00e9 naturellement\" \/>\n<meta property=\"og:url\" content=\"https:\/\/www.siciliarance.com\/fr\/prodotto\/origan-de-sicile\/\" \/>\n<meta property=\"og:site_name\" content=\"Siciliarance\" \/>\n<meta property=\"article:modified_time\" content=\"2024-10-24T08:00:46+00:00\" \/>\n<meta property=\"og:image\" content=\"https:\/\/www.siciliarance.com\/wp-content\/uploads\/2024\/10\/JY3A6859-16-scaled.jpg\" \/>\n\t<meta property=\"og:image:width\" content=\"2560\" \/>\n\t<meta property=\"og:image:height\" content=\"2560\" \/>\n\t<meta property=\"og:image:type\" content=\"image\/jpeg\" \/>\n<meta name=\"twitter:card\" content=\"summary_large_image\" \/>\n<meta name=\"twitter:label1\" content=\"Dur\u00e9e de lecture estim\u00e9e\" \/>\n\t<meta name=\"twitter:data1\" content=\"1 minute\" \/>\n<script type=\"application\/ld+json\" class=\"yoast-schema-graph\">{\"@context\":\"https:\/\/schema.org\",\"@graph\":[{\"@type\":\"WebPage\",\"@id\":\"https:\/\/www.siciliarance.com\/fr\/prodotto\/origan-de-sicile\/\",\"url\":\"https:\/\/www.siciliarance.com\/fr\/prodotto\/origan-de-sicile\/\",\"name\":\"Origan de Sicile - Siciliarance\",\"isPartOf\":{\"@id\":\"https:\/\/www.siciliarance.com\/fr\/#website\"},\"primaryImageOfPage\":{\"@id\":\"https:\/\/www.siciliarance.com\/fr\/prodotto\/origan-de-sicile\/#primaryimage\"},\"image\":{\"@id\":\"https:\/\/www.siciliarance.com\/fr\/prodotto\/origan-de-sicile\/#primaryimage\"},\"thumbnailUrl\":\"https:\/\/www.siciliarance.com\/wp-content\/uploads\/2024\/10\/JY3A6859-16-scaled.jpg\",\"datePublished\":\"2024-10-15T08:11:33+00:00\",\"dateModified\":\"2024-10-24T08:00:46+00:00\",\"description\":\"D\u00e9couvrez l'ar\u00f4me incomparable de l'Origan sicilien, cultiv\u00e9 sous le soleil chaud de notre \u00eele. Cueilli \u00e0 la main et s\u00e9ch\u00e9 naturellement\",\"breadcrumb\":{\"@id\":\"https:\/\/www.siciliarance.com\/fr\/prodotto\/origan-de-sicile\/#breadcrumb\"},\"inLanguage\":\"fr-FR\",\"potentialAction\":[{\"@type\":\"ReadAction\",\"target\":[\"https:\/\/www.siciliarance.com\/fr\/prodotto\/origan-de-sicile\/\"]}]},{\"@type\":\"ImageObject\",\"inLanguage\":\"fr-FR\",\"@id\":\"https:\/\/www.siciliarance.com\/fr\/prodotto\/origan-de-sicile\/#primaryimage\",\"url\":\"https:\/\/www.siciliarance.com\/wp-content\/uploads\/2024\/10\/JY3A6859-16-scaled.jpg\",\"contentUrl\":\"https:\/\/www.siciliarance.com\/wp-content\/uploads\/2024\/10\/JY3A6859-16-scaled.jpg\",\"width\":2560,\"height\":2560},{\"@type\":\"BreadcrumbList\",\"@id\":\"https:\/\/www.siciliarance.com\/fr\/prodotto\/origan-de-sicile\/#breadcrumb\",\"itemListElement\":[{\"@type\":\"ListItem\",\"position\":1,\"name\":\"Home\",\"item\":\"https:\/\/www.siciliarance.com\/fr\/domicile\/\"},{\"@type\":\"ListItem\",\"position\":2,\"name\":\"Boutique\",\"item\":\"https:\/\/www.siciliarance.com\/fr\/boutique\/\"},{\"@type\":\"ListItem\",\"position\":3,\"name\":\"Origan de Sicile\"}]},{\"@type\":\"WebSite\",\"@id\":\"https:\/\/www.siciliarance.com\/fr\/#website\",\"url\":\"https:\/\/www.siciliarance.com\/fr\/\",\"name\":\"Siciliarance\",\"description\":\"Agrumi di ribera\",\"publisher\":{\"@id\":\"https:\/\/www.siciliarance.com\/fr\/#organization\"},\"potentialAction\":[{\"@type\":\"SearchAction\",\"target\":{\"@type\":\"EntryPoint\",\"urlTemplate\":\"https:\/\/www.siciliarance.com\/fr\/?s={search_term_string}\"},\"query-input\":{\"@type\":\"PropertyValueSpecification\",\"valueRequired\":true,\"valueName\":\"search_term_string\"}}],\"inLanguage\":\"fr-FR\"},{\"@type\":\"Organization\",\"@id\":\"https:\/\/www.siciliarance.com\/fr\/#organization\",\"name\":\"Siciliarance\",\"url\":\"https:\/\/www.siciliarance.com\/fr\/\",\"logo\":{\"@type\":\"ImageObject\",\"inLanguage\":\"fr-FR\",\"@id\":\"https:\/\/www.siciliarance.com\/fr\/#\/schema\/logo\/image\/\",\"url\":\"https:\/\/www.siciliarance.com\/wp-content\/uploads\/2024\/08\/logo-definitivo.png\",\"contentUrl\":\"https:\/\/www.siciliarance.com\/wp-content\/uploads\/2024\/08\/logo-definitivo.png\",\"width\":1921,\"height\":482,\"caption\":\"Siciliarance\"},\"image\":{\"@id\":\"https:\/\/www.siciliarance.com\/fr\/#\/schema\/logo\/image\/\"}}]}<\/script>\n<!-- \/ Yoast SEO Premium plugin. -->","yoast_head_json":{"title":"Origan de Sicile - Siciliarance","description":"D\u00e9couvrez l'ar\u00f4me incomparable de l'Origan sicilien, cultiv\u00e9 sous le soleil chaud de notre \u00eele. Cueilli \u00e0 la main et s\u00e9ch\u00e9 naturellement","robots":{"index":"index","follow":"follow","max-snippet":"max-snippet:-1","max-image-preview":"max-image-preview:large","max-video-preview":"max-video-preview:-1"},"canonical":"https:\/\/www.siciliarance.com\/fr\/prodotto\/origan-de-sicile\/","og_locale":"fr_FR","og_type":"article","og_title":"Origan de Sicile","og_description":"D\u00e9couvrez l'ar\u00f4me incomparable de l'Origan sicilien, cultiv\u00e9 sous le soleil chaud de notre \u00eele. Cueilli \u00e0 la main et s\u00e9ch\u00e9 naturellement","og_url":"https:\/\/www.siciliarance.com\/fr\/prodotto\/origan-de-sicile\/","og_site_name":"Siciliarance","article_modified_time":"2024-10-24T08:00:46+00:00","og_image":[{"width":2560,"height":2560,"url":"https:\/\/www.siciliarance.com\/wp-content\/uploads\/2024\/10\/JY3A6859-16-scaled.jpg","type":"image\/jpeg"}],"twitter_card":"summary_large_image","twitter_misc":{"Dur\u00e9e de lecture estim\u00e9e":"1 minute"},"schema":{"@context":"https:\/\/schema.org","@graph":[{"@type":"WebPage","@id":"https:\/\/www.siciliarance.com\/fr\/prodotto\/origan-de-sicile\/","url":"https:\/\/www.siciliarance.com\/fr\/prodotto\/origan-de-sicile\/","name":"Origan de Sicile - Siciliarance","isPartOf":{"@id":"https:\/\/www.siciliarance.com\/fr\/#website"},"primaryImageOfPage":{"@id":"https:\/\/www.siciliarance.com\/fr\/prodotto\/origan-de-sicile\/#primaryimage"},"image":{"@id":"https:\/\/www.siciliarance.com\/fr\/prodotto\/origan-de-sicile\/#primaryimage"},"thumbnailUrl":"https:\/\/www.siciliarance.com\/wp-content\/uploads\/2024\/10\/JY3A6859-16-scaled.jpg","datePublished":"2024-10-15T08:11:33+00:00","dateModified":"2024-10-24T08:00:46+00:00","description":"D\u00e9couvrez l'ar\u00f4me incomparable de l'Origan sicilien, cultiv\u00e9 sous le soleil chaud de notre \u00eele. Cueilli \u00e0 la main et s\u00e9ch\u00e9 naturellement","breadcrumb":{"@id":"https:\/\/www.siciliarance.com\/fr\/prodotto\/origan-de-sicile\/#breadcrumb"},"inLanguage":"fr-FR","potentialAction":[{"@type":"ReadAction","target":["https:\/\/www.siciliarance.com\/fr\/prodotto\/origan-de-sicile\/"]}]},{"@type":"ImageObject","inLanguage":"fr-FR","@id":"https:\/\/www.siciliarance.com\/fr\/prodotto\/origan-de-sicile\/#primaryimage","url":"https:\/\/www.siciliarance.com\/wp-content\/uploads\/2024\/10\/JY3A6859-16-scaled.jpg","contentUrl":"https:\/\/www.siciliarance.com\/wp-content\/uploads\/2024\/10\/JY3A6859-16-scaled.jpg","width":2560,"height":2560},{"@type":"BreadcrumbList","@id":"https:\/\/www.siciliarance.com\/fr\/prodotto\/origan-de-sicile\/#breadcrumb","itemListElement":[{"@type":"ListItem","position":1,"name":"Home","item":"https:\/\/www.siciliarance.com\/fr\/domicile\/"},{"@type":"ListItem","position":2,"name":"Boutique","item":"https:\/\/www.siciliarance.com\/fr\/boutique\/"},{"@type":"ListItem","position":3,"name":"Origan de Sicile"}]},{"@type":"WebSite","@id":"https:\/\/www.siciliarance.com\/fr\/#website","url":"https:\/\/www.siciliarance.com\/fr\/","name":"Siciliarance","description":"Agrumi di ribera","publisher":{"@id":"https:\/\/www.siciliarance.com\/fr\/#organization"},"potentialAction":[{"@type":"SearchAction","target":{"@type":"EntryPoint","urlTemplate":"https:\/\/www.siciliarance.com\/fr\/?s={search_term_string}"},"query-input":{"@type":"PropertyValueSpecification","valueRequired":true,"valueName":"search_term_string"}}],"inLanguage":"fr-FR"},{"@type":"Organization","@id":"https:\/\/www.siciliarance.com\/fr\/#organization","name":"Siciliarance","url":"https:\/\/www.siciliarance.com\/fr\/","logo":{"@type":"ImageObject","inLanguage":"fr-FR","@id":"https:\/\/www.siciliarance.com\/fr\/#\/schema\/logo\/image\/","url":"https:\/\/www.siciliarance.com\/wp-content\/uploads\/2024\/08\/logo-definitivo.png","contentUrl":"https:\/\/www.siciliarance.com\/wp-content\/uploads\/2024\/08\/logo-definitivo.png","width":1921,"height":482,"caption":"Siciliarance"},"image":{"@id":"https:\/\/www.siciliarance.com\/fr\/#\/schema\/logo\/image\/"}}]}},"_links":{"self":[{"href":"https:\/\/www.siciliarance.com\/fr\/wp-json\/wp\/v2\/product\/813","targetHints":{"allow":["GET"]}}],"collection":[{"href":"https:\/\/www.siciliarance.com\/fr\/wp-json\/wp\/v2\/product"}],"about":[{"href":"https:\/\/www.siciliarance.com\/fr\/wp-json\/wp\/v2\/types\/product"}],"replies":[{"embeddable":true,"href":"https:\/\/www.siciliarance.com\/fr\/wp-json\/wp\/v2\/comments?post=813"}],"version-history":[{"count":0,"href":"https:\/\/www.siciliarance.com\/fr\/wp-json\/wp\/v2\/product\/813\/revisions"}],"wp:featuredmedia":[{"embeddable":true,"href":"https:\/\/www.siciliarance.com\/fr\/wp-json\/wp\/v2\/media\/1031"}],"wp:attachment":[{"href":"https:\/\/www.siciliarance.com\/fr\/wp-json\/wp\/v2\/media?parent=813"}],"wp:term":[{"taxonomy":"product_brand","embeddable":true,"href":"https:\/\/www.siciliarance.com\/fr\/wp-json\/wp\/v2\/product_brand?post=813"},{"taxonomy":"product_cat","embeddable":true,"href":"https:\/\/www.siciliarance.com\/fr\/wp-json\/wp\/v2\/product_cat?post=813"},{"taxonomy":"product_tag","embeddable":true,"href":"https:\/\/www.siciliarance.com\/fr\/wp-json\/wp\/v2\/product_tag?post=813"}],"curies":[{"name":"wp","href":"https:\/\/api.w.org\/{rel}","templated":true}]}}