{"id":718,"date":"2024-07-30T10:01:19","date_gmt":"2024-07-30T08:01:19","guid":{"rendered":"https:\/\/www.siciliarance.com\/prodotto\/fioroni-washington-navel-oranges-biologiques-15kg\/"},"modified":"2025-11-16T07:02:57","modified_gmt":"2025-11-16T07:02:57","slug":"fioroni-washington-navel-oranges-biologiques-15kg","status":"publish","type":"product","link":"https:\/\/www.siciliarance.com\/fr\/prodotto\/fioroni-washington-navel-oranges-biologiques-15kg\/","title":{"rendered":"Oranges Bio Fioroni &#8211; 15kg"},"content":{"rendered":"<h4>Oranges Bio Fioroni &#8211; 15 kg<\/h4>\n<p>Bienvenue sur Siciliarance.com, votre destination pour les meilleures oranges bio de Sicile&nbsp;! Nous sommes fiers de vous pr\u00e9senter nos <strong>oranges Navel Washington bio Fioroni (15&nbsp;kg)<\/strong> , cultiv\u00e9es avec amour et soin par la c\u00e9l\u00e8bre ferme Borsellino. <\/p>\n<h4>Pourquoi choisir nos oranges ?<\/h4>\n<p>Nos oranges Navel Fioroni Washington sont cultiv\u00e9es sur les terres ensoleill\u00e9es de la Sicile, en suivant strictement les m\u00e9thodes de l&rsquo;agriculture biologique. Cela signifie que nous n&rsquo;utilisons pas de pesticides chimiques ni d&rsquo;engrais artificiels, ce qui garantit un produit sain, naturel et riche en saveurs. <\/p>\n<h4>Caract\u00e9ristiques principales :<\/h4>\n<ul>\n<li><strong>Qualit\u00e9 biologique<\/strong>: nos oranges sont certifi\u00e9es biologiques et cultiv\u00e9es sans l&rsquo;utilisation de produits chimiques nocifs.<\/li>\n<li><strong>Go\u00fbt authentique<\/strong>: les oranges siciliennes sont r\u00e9put\u00e9es pour leur go\u00fbt unique, sucr\u00e9 et aromatique, parfait pour \u00eatre d\u00e9gust\u00e9 frais.<\/li>\n<li>Fra\u00eecheur <strong>garantie<\/strong>: Nos oranges sont cueillies au bon moment et exp\u00e9di\u00e9es rapidement afin de pr\u00e9server leur fra\u00eecheur.<\/li>\n<li><strong>Quantit\u00e9 g\u00e9n\u00e9reuse<\/strong> : Le pack de 15 kg est id\u00e9al pour les familles, les restaurants ou pour ceux qui aiment avoir toujours des fruits frais et authentiques \u00e0 disposition.<\/li>\n<\/ul>\n<h4>Avantages pour la sant\u00e9 :<\/h4>\n<p>Les Washington Navel Oranges de Fioroni sont riches en vitamine C, en antioxydants, en fibres et autres nutriments essentiels qui contribuent \u00e0 renforcer le syst\u00e8me immunitaire, \u00e0 am\u00e9liorer la digestion et \u00e0 favoriser le bien-\u00eatre g\u00e9n\u00e9ral.<\/p>\n<h4>Emballage et livraison :<\/h4>\n<p>Nos oranges sont soigneusement emball\u00e9es pour garantir leur fra\u00eecheur et leur qualit\u00e9 optimale \u00e0 l&rsquo;arriv\u00e9e. Nous assurons une livraison rapide et fiable dans toute l&rsquo;Europe. <\/p>\n","protected":false},"excerpt":{"rendered":"<p>Poids de 300 \u00e0 500 g chacun.<br \/>\n Diam\u00e8tre de 84 mm \u00e0&gt; 100 mm.<br \/>\n Poids net 15 kg &#8211; Poids brut 16 kg<\/p>\n","protected":false},"featured_media":546,"comment_status":"open","ping_status":"closed","template":"","meta":[],"product_brand":[],"product_cat":[41,45],"product_tag":[],"class_list":{"0":"post-718","1":"product","2":"type-product","3":"status-publish","4":"has-post-thumbnail","6":"product_cat-agrumes-de-sicile","7":"product_cat-oranges-de-sicile","9":"first","10":"outofstock","11":"shipping-taxable","12":"purchasable","13":"product-type-simple"},"yoast_head":"<!-- This site is optimized with the Yoast SEO Premium plugin v23.5 (Yoast SEO v23.6) - https:\/\/yoast.com\/wordpress\/plugins\/seo\/ -->\n<title>Fioroni Washington Navel Oranges Bio 17 kg<\/title>\n<meta name=\"description\" content=\"Achetez des oranges Navel bio de Washington Fioroni (17 kg) sur Siciliarance.com. Savourez des oranges fra\u00eeches et sucr\u00e9es, issues de l&#039;agriculture biologique en Sicile.\" \/>\n<meta name=\"robots\" content=\"index, follow, max-snippet:-1, max-image-preview:large, max-video-preview:-1\" \/>\n<link rel=\"canonical\" href=\"https:\/\/www.siciliarance.com\/fr\/prodotto\/fioroni-washington-navel-oranges-biologiques-15kg\/\" \/>\n<meta property=\"og:locale\" content=\"fr_FR\" \/>\n<meta property=\"og:type\" content=\"article\" \/>\n<meta property=\"og:title\" content=\"Oranges Bio Fioroni - 15kg\" \/>\n<meta property=\"og:description\" content=\"Achetez des oranges Navel bio de Washington Fioroni (17 kg) sur Siciliarance.com. Savourez des oranges fra\u00eeches et sucr\u00e9es, issues de l&#039;agriculture biologique en Sicile.\" \/>\n<meta property=\"og:url\" content=\"https:\/\/www.siciliarance.com\/fr\/prodotto\/fioroni-washington-navel-oranges-biologiques-15kg\/\" \/>\n<meta property=\"og:site_name\" content=\"Siciliarance\" \/>\n<meta property=\"article:modified_time\" content=\"2025-11-16T07:02:57+00:00\" \/>\n<meta property=\"og:image\" content=\"https:\/\/www.siciliarance.com\/wp-content\/uploads\/2024\/05\/arance-biologiche-washington-navel-fioroni-17-kg.jpg\" \/>\n\t<meta property=\"og:image:width\" content=\"458\" \/>\n\t<meta property=\"og:image:height\" content=\"458\" \/>\n\t<meta property=\"og:image:type\" content=\"image\/jpeg\" \/>\n<meta name=\"twitter:card\" content=\"summary_large_image\" \/>\n<meta name=\"twitter:label1\" content=\"Dur\u00e9e de lecture estim\u00e9e\" \/>\n\t<meta name=\"twitter:data1\" content=\"1 minute\" \/>\n<script type=\"application\/ld+json\" class=\"yoast-schema-graph\">{\"@context\":\"https:\/\/schema.org\",\"@graph\":[{\"@type\":\"WebPage\",\"@id\":\"https:\/\/www.siciliarance.com\/fr\/prodotto\/fioroni-washington-navel-oranges-biologiques-15kg\/\",\"url\":\"https:\/\/www.siciliarance.com\/fr\/prodotto\/fioroni-washington-navel-oranges-biologiques-15kg\/\",\"name\":\"Fioroni Washington Navel Oranges Bio 17 kg\",\"isPartOf\":{\"@id\":\"https:\/\/www.siciliarance.com\/fr\/#website\"},\"primaryImageOfPage\":{\"@id\":\"https:\/\/www.siciliarance.com\/fr\/prodotto\/fioroni-washington-navel-oranges-biologiques-15kg\/#primaryimage\"},\"image\":{\"@id\":\"https:\/\/www.siciliarance.com\/fr\/prodotto\/fioroni-washington-navel-oranges-biologiques-15kg\/#primaryimage\"},\"thumbnailUrl\":\"https:\/\/www.siciliarance.com\/wp-content\/uploads\/2024\/05\/arance-biologiche-washington-navel-fioroni-17-kg.jpg\",\"datePublished\":\"2024-07-30T08:01:19+00:00\",\"dateModified\":\"2025-11-16T07:02:57+00:00\",\"description\":\"Achetez des oranges Navel bio de Washington Fioroni (17 kg) sur Siciliarance.com. Savourez des oranges fra\u00eeches et sucr\u00e9es, issues de l'agriculture biologique en Sicile.\",\"breadcrumb\":{\"@id\":\"https:\/\/www.siciliarance.com\/fr\/prodotto\/fioroni-washington-navel-oranges-biologiques-15kg\/#breadcrumb\"},\"inLanguage\":\"fr-FR\",\"potentialAction\":[{\"@type\":\"ReadAction\",\"target\":[\"https:\/\/www.siciliarance.com\/fr\/prodotto\/fioroni-washington-navel-oranges-biologiques-15kg\/\"]}]},{\"@type\":\"ImageObject\",\"inLanguage\":\"fr-FR\",\"@id\":\"https:\/\/www.siciliarance.com\/fr\/prodotto\/fioroni-washington-navel-oranges-biologiques-15kg\/#primaryimage\",\"url\":\"https:\/\/www.siciliarance.com\/wp-content\/uploads\/2024\/05\/arance-biologiche-washington-navel-fioroni-17-kg.jpg\",\"contentUrl\":\"https:\/\/www.siciliarance.com\/wp-content\/uploads\/2024\/05\/arance-biologiche-washington-navel-fioroni-17-kg.jpg\",\"width\":458,\"height\":458},{\"@type\":\"BreadcrumbList\",\"@id\":\"https:\/\/www.siciliarance.com\/fr\/prodotto\/fioroni-washington-navel-oranges-biologiques-15kg\/#breadcrumb\",\"itemListElement\":[{\"@type\":\"ListItem\",\"position\":1,\"name\":\"Home\",\"item\":\"https:\/\/www.siciliarance.com\/fr\/domicile\/\"},{\"@type\":\"ListItem\",\"position\":2,\"name\":\"Boutique\",\"item\":\"https:\/\/www.siciliarance.com\/fr\/boutique\/\"},{\"@type\":\"ListItem\",\"position\":3,\"name\":\"Oranges Bio Fioroni &#8211; 15kg\"}]},{\"@type\":\"WebSite\",\"@id\":\"https:\/\/www.siciliarance.com\/fr\/#website\",\"url\":\"https:\/\/www.siciliarance.com\/fr\/\",\"name\":\"Siciliarance\",\"description\":\"Agrumi di ribera\",\"publisher\":{\"@id\":\"https:\/\/www.siciliarance.com\/fr\/#organization\"},\"potentialAction\":[{\"@type\":\"SearchAction\",\"target\":{\"@type\":\"EntryPoint\",\"urlTemplate\":\"https:\/\/www.siciliarance.com\/fr\/?s={search_term_string}\"},\"query-input\":{\"@type\":\"PropertyValueSpecification\",\"valueRequired\":true,\"valueName\":\"search_term_string\"}}],\"inLanguage\":\"fr-FR\"},{\"@type\":\"Organization\",\"@id\":\"https:\/\/www.siciliarance.com\/fr\/#organization\",\"name\":\"Siciliarance\",\"url\":\"https:\/\/www.siciliarance.com\/fr\/\",\"logo\":{\"@type\":\"ImageObject\",\"inLanguage\":\"fr-FR\",\"@id\":\"https:\/\/www.siciliarance.com\/fr\/#\/schema\/logo\/image\/\",\"url\":\"https:\/\/www.siciliarance.com\/wp-content\/uploads\/2024\/08\/logo-definitivo.png\",\"contentUrl\":\"https:\/\/www.siciliarance.com\/wp-content\/uploads\/2024\/08\/logo-definitivo.png\",\"width\":1921,\"height\":482,\"caption\":\"Siciliarance\"},\"image\":{\"@id\":\"https:\/\/www.siciliarance.com\/fr\/#\/schema\/logo\/image\/\"}}]}<\/script>\n<!-- \/ Yoast SEO Premium plugin. -->","yoast_head_json":{"title":"Fioroni Washington Navel Oranges Bio 17 kg","description":"Achetez des oranges Navel bio de Washington Fioroni (17 kg) sur Siciliarance.com. Savourez des oranges fra\u00eeches et sucr\u00e9es, issues de l'agriculture biologique en Sicile.","robots":{"index":"index","follow":"follow","max-snippet":"max-snippet:-1","max-image-preview":"max-image-preview:large","max-video-preview":"max-video-preview:-1"},"canonical":"https:\/\/www.siciliarance.com\/fr\/prodotto\/fioroni-washington-navel-oranges-biologiques-15kg\/","og_locale":"fr_FR","og_type":"article","og_title":"Oranges Bio Fioroni - 15kg","og_description":"Achetez des oranges Navel bio de Washington Fioroni (17 kg) sur Siciliarance.com. Savourez des oranges fra\u00eeches et sucr\u00e9es, issues de l'agriculture biologique en Sicile.","og_url":"https:\/\/www.siciliarance.com\/fr\/prodotto\/fioroni-washington-navel-oranges-biologiques-15kg\/","og_site_name":"Siciliarance","article_modified_time":"2025-11-16T07:02:57+00:00","og_image":[{"width":458,"height":458,"url":"https:\/\/www.siciliarance.com\/wp-content\/uploads\/2024\/05\/arance-biologiche-washington-navel-fioroni-17-kg.jpg","type":"image\/jpeg"}],"twitter_card":"summary_large_image","twitter_misc":{"Dur\u00e9e de lecture estim\u00e9e":"1 minute"},"schema":{"@context":"https:\/\/schema.org","@graph":[{"@type":"WebPage","@id":"https:\/\/www.siciliarance.com\/fr\/prodotto\/fioroni-washington-navel-oranges-biologiques-15kg\/","url":"https:\/\/www.siciliarance.com\/fr\/prodotto\/fioroni-washington-navel-oranges-biologiques-15kg\/","name":"Fioroni Washington Navel Oranges Bio 17 kg","isPartOf":{"@id":"https:\/\/www.siciliarance.com\/fr\/#website"},"primaryImageOfPage":{"@id":"https:\/\/www.siciliarance.com\/fr\/prodotto\/fioroni-washington-navel-oranges-biologiques-15kg\/#primaryimage"},"image":{"@id":"https:\/\/www.siciliarance.com\/fr\/prodotto\/fioroni-washington-navel-oranges-biologiques-15kg\/#primaryimage"},"thumbnailUrl":"https:\/\/www.siciliarance.com\/wp-content\/uploads\/2024\/05\/arance-biologiche-washington-navel-fioroni-17-kg.jpg","datePublished":"2024-07-30T08:01:19+00:00","dateModified":"2025-11-16T07:02:57+00:00","description":"Achetez des oranges Navel bio de Washington Fioroni (17 kg) sur Siciliarance.com. Savourez des oranges fra\u00eeches et sucr\u00e9es, issues de l'agriculture biologique en Sicile.","breadcrumb":{"@id":"https:\/\/www.siciliarance.com\/fr\/prodotto\/fioroni-washington-navel-oranges-biologiques-15kg\/#breadcrumb"},"inLanguage":"fr-FR","potentialAction":[{"@type":"ReadAction","target":["https:\/\/www.siciliarance.com\/fr\/prodotto\/fioroni-washington-navel-oranges-biologiques-15kg\/"]}]},{"@type":"ImageObject","inLanguage":"fr-FR","@id":"https:\/\/www.siciliarance.com\/fr\/prodotto\/fioroni-washington-navel-oranges-biologiques-15kg\/#primaryimage","url":"https:\/\/www.siciliarance.com\/wp-content\/uploads\/2024\/05\/arance-biologiche-washington-navel-fioroni-17-kg.jpg","contentUrl":"https:\/\/www.siciliarance.com\/wp-content\/uploads\/2024\/05\/arance-biologiche-washington-navel-fioroni-17-kg.jpg","width":458,"height":458},{"@type":"BreadcrumbList","@id":"https:\/\/www.siciliarance.com\/fr\/prodotto\/fioroni-washington-navel-oranges-biologiques-15kg\/#breadcrumb","itemListElement":[{"@type":"ListItem","position":1,"name":"Home","item":"https:\/\/www.siciliarance.com\/fr\/domicile\/"},{"@type":"ListItem","position":2,"name":"Boutique","item":"https:\/\/www.siciliarance.com\/fr\/boutique\/"},{"@type":"ListItem","position":3,"name":"Oranges Bio Fioroni &#8211; 15kg"}]},{"@type":"WebSite","@id":"https:\/\/www.siciliarance.com\/fr\/#website","url":"https:\/\/www.siciliarance.com\/fr\/","name":"Siciliarance","description":"Agrumi di ribera","publisher":{"@id":"https:\/\/www.siciliarance.com\/fr\/#organization"},"potentialAction":[{"@type":"SearchAction","target":{"@type":"EntryPoint","urlTemplate":"https:\/\/www.siciliarance.com\/fr\/?s={search_term_string}"},"query-input":{"@type":"PropertyValueSpecification","valueRequired":true,"valueName":"search_term_string"}}],"inLanguage":"fr-FR"},{"@type":"Organization","@id":"https:\/\/www.siciliarance.com\/fr\/#organization","name":"Siciliarance","url":"https:\/\/www.siciliarance.com\/fr\/","logo":{"@type":"ImageObject","inLanguage":"fr-FR","@id":"https:\/\/www.siciliarance.com\/fr\/#\/schema\/logo\/image\/","url":"https:\/\/www.siciliarance.com\/wp-content\/uploads\/2024\/08\/logo-definitivo.png","contentUrl":"https:\/\/www.siciliarance.com\/wp-content\/uploads\/2024\/08\/logo-definitivo.png","width":1921,"height":482,"caption":"Siciliarance"},"image":{"@id":"https:\/\/www.siciliarance.com\/fr\/#\/schema\/logo\/image\/"}}]}},"_links":{"self":[{"href":"https:\/\/www.siciliarance.com\/fr\/wp-json\/wp\/v2\/product\/718","targetHints":{"allow":["GET"]}}],"collection":[{"href":"https:\/\/www.siciliarance.com\/fr\/wp-json\/wp\/v2\/product"}],"about":[{"href":"https:\/\/www.siciliarance.com\/fr\/wp-json\/wp\/v2\/types\/product"}],"replies":[{"embeddable":true,"href":"https:\/\/www.siciliarance.com\/fr\/wp-json\/wp\/v2\/comments?post=718"}],"version-history":[{"count":1,"href":"https:\/\/www.siciliarance.com\/fr\/wp-json\/wp\/v2\/product\/718\/revisions"}],"predecessor-version":[{"id":2361,"href":"https:\/\/www.siciliarance.com\/fr\/wp-json\/wp\/v2\/product\/718\/revisions\/2361"}],"wp:featuredmedia":[{"embeddable":true,"href":"https:\/\/www.siciliarance.com\/fr\/wp-json\/wp\/v2\/media\/546"}],"wp:attachment":[{"href":"https:\/\/www.siciliarance.com\/fr\/wp-json\/wp\/v2\/media?parent=718"}],"wp:term":[{"taxonomy":"product_brand","embeddable":true,"href":"https:\/\/www.siciliarance.com\/fr\/wp-json\/wp\/v2\/product_brand?post=718"},{"taxonomy":"product_cat","embeddable":true,"href":"https:\/\/www.siciliarance.com\/fr\/wp-json\/wp\/v2\/product_cat?post=718"},{"taxonomy":"product_tag","embeddable":true,"href":"https:\/\/www.siciliarance.com\/fr\/wp-json\/wp\/v2\/product_tag?post=718"}],"curies":[{"name":"wp","href":"https:\/\/api.w.org\/{rel}","templated":true}]}}