{"id":706,"date":"2024-07-30T10:01:20","date_gmt":"2024-07-30T08:01:20","guid":{"rendered":"https:\/\/www.siciliarance.com\/prodotto\/oranges-douces-biologiques-vanilla-apireno-15-kg\/"},"modified":"2025-11-17T21:16:32","modified_gmt":"2025-11-17T21:16:32","slug":"oranges-douces-biologiques-vanilla-apireno-15-kg","status":"publish","type":"product","link":"https:\/\/www.siciliarance.com\/fr\/prodotto\/oranges-douces-biologiques-vanilla-apireno-15-kg\/","title":{"rendered":"Oranges douces biologiques Vanilla Apireno &#8211; 15 kg"},"content":{"rendered":"<h4>Oranges douces biologiques aux graines de vanille &#8211; 15 kg<\/h4>\n<p>Bienvenue sur Siciliarance.com, votre destination pour les meilleures oranges bio de Sicile ! Nous sommes heureux de vous pr\u00e9senter nos <strong>oranges douces bio \u00e0 la vanille (15 kg)<\/strong> , produites avec passion et d\u00e9vouement par la ferme Borsellino. <\/p>\n<h4>Pourquoi choisir nos oranges ?<\/h4>\n<p>Nos oranges douces Vanilla Apireno Organic sont le r\u00e9sultat d&rsquo;une culture attentive et respectueuse de l&rsquo;environnement, selon des normes biologiques strictes. Chaque orange est soigneusement s\u00e9lectionn\u00e9e pour garantir une douceur unique et un go\u00fbt irr\u00e9sistible. <\/p>\n<h4>Caract\u00e9ristiques principales :<\/h4>\n<ul>\n<li><strong>Go\u00fbt<\/strong> unique : les oranges Vanilla Apireno sont r\u00e9put\u00e9es pour leur saveur douce et aromatique, avec un l\u00e9ger arri\u00e8re-go\u00fbt de vanille qui les rend uniques.<\/li>\n<li><strong>100% biologique<\/strong>: Cultiv\u00e9es sans pesticides ni engrais chimiques, nos oranges sont certifi\u00e9es biologiques pour garantir une qualit\u00e9 et une s\u00e9curit\u00e9 maximales.<\/li>\n<li><strong>Fra\u00eecheur garantie<\/strong>: les oranges sont cueillies au bon moment pour pr\u00e9server leur fra\u00eecheur et leur go\u00fbt authentique.<\/li>\n<li><strong>Conditionnement pratique<\/strong> : Le paquet de 15 kg est id\u00e9al pour les familles, les restaurants ou pour tous ceux qui souhaitent avoir toujours des oranges fra\u00eeches et authentiques \u00e0 disposition.<\/li>\n<\/ul>\n<h4>Avantages pour la sant\u00e9 :<\/h4>\n<p>Les oranges douces biologiques \u00e0 la vanille sont riches en vitamines et en antioxydants, qui contribuent au bien-\u00eatre g\u00e9n\u00e9ral et au maintien d&rsquo;un syst\u00e8me immunitaire fort.<\/p>\n<h4>Emballage et livraison :<\/h4>\n<p>Nos oranges sont soigneusement emball\u00e9es et exp\u00e9di\u00e9es directement \u00e0 votre domicile, ce qui garantit qu&rsquo;elles arrivent fra\u00eeches et pr\u00eates \u00e0 \u00eatre d\u00e9gust\u00e9es.<\/p>\n","protected":false},"excerpt":{"rendered":"<p>Poids de 200 \u00e0 300 g chacun.<br \/>\n Diam\u00e8tre de 70 mm \u00e0 90 mm.<br \/>\n Poids net 15 kg &#8211; Poids brut 16 kg<\/p>\n","protected":false},"featured_media":1425,"comment_status":"open","ping_status":"closed","template":"","meta":[],"product_brand":[],"product_cat":[41],"product_tag":[],"class_list":{"0":"post-706","1":"product","2":"type-product","3":"status-publish","4":"has-post-thumbnail","6":"product_cat-agrumes-de-sicile","8":"first","9":"outofstock","10":"shipping-taxable","11":"purchasable","12":"product-type-simple"},"yoast_head":"<!-- This site is optimized with the Yoast SEO Premium plugin v23.5 (Yoast SEO v23.6) - https:\/\/yoast.com\/wordpress\/plugins\/seo\/ -->\n<title>Oranges douces biologiques sans p\u00e9pins, aromatis\u00e9es \u00e0 la vanille, 15 kg | Siciliarance.com<\/title>\n<meta name=\"description\" content=\"Achetez des oranges douces bio \u00e0 la vanille sans p\u00e9pins (15 kg) sur Siciliarance.com. Ces oranges bio sont cultiv\u00e9es en Sicile.\" \/>\n<meta name=\"robots\" content=\"index, follow, max-snippet:-1, max-image-preview:large, max-video-preview:-1\" \/>\n<link rel=\"canonical\" href=\"https:\/\/www.siciliarance.com\/fr\/prodotto\/oranges-douces-biologiques-vanilla-apireno-15-kg\/\" \/>\n<meta property=\"og:locale\" content=\"fr_FR\" \/>\n<meta property=\"og:type\" content=\"article\" \/>\n<meta property=\"og:title\" content=\"Oranges douces biologiques Vanilla Apireno - 15 kg\" \/>\n<meta property=\"og:description\" content=\"Achetez des oranges douces bio \u00e0 la vanille sans p\u00e9pins (15 kg) sur Siciliarance.com. Ces oranges bio sont cultiv\u00e9es en Sicile.\" \/>\n<meta property=\"og:url\" content=\"https:\/\/www.siciliarance.com\/fr\/prodotto\/oranges-douces-biologiques-vanilla-apireno-15-kg\/\" \/>\n<meta property=\"og:site_name\" content=\"Siciliarance\" \/>\n<meta property=\"article:modified_time\" content=\"2025-11-17T21:16:32+00:00\" \/>\n<meta property=\"og:image\" content=\"https:\/\/www.siciliarance.com\/wp-content\/uploads\/2024\/07\/arance-vaniglia-siciliane-biologiche.webp\" \/>\n\t<meta property=\"og:image:width\" content=\"400\" \/>\n\t<meta property=\"og:image:height\" content=\"320\" \/>\n\t<meta property=\"og:image:type\" content=\"image\/webp\" \/>\n<meta name=\"twitter:card\" content=\"summary_large_image\" \/>\n<meta name=\"twitter:label1\" content=\"Dur\u00e9e de lecture estim\u00e9e\" \/>\n\t<meta name=\"twitter:data1\" content=\"1 minute\" \/>\n<script type=\"application\/ld+json\" class=\"yoast-schema-graph\">{\"@context\":\"https:\/\/schema.org\",\"@graph\":[{\"@type\":\"WebPage\",\"@id\":\"https:\/\/www.siciliarance.com\/fr\/prodotto\/oranges-douces-biologiques-vanilla-apireno-15-kg\/\",\"url\":\"https:\/\/www.siciliarance.com\/fr\/prodotto\/oranges-douces-biologiques-vanilla-apireno-15-kg\/\",\"name\":\"Oranges douces biologiques sans p\u00e9pins, aromatis\u00e9es \u00e0 la vanille, 15 kg | Siciliarance.com\",\"isPartOf\":{\"@id\":\"https:\/\/www.siciliarance.com\/fr\/#website\"},\"primaryImageOfPage\":{\"@id\":\"https:\/\/www.siciliarance.com\/fr\/prodotto\/oranges-douces-biologiques-vanilla-apireno-15-kg\/#primaryimage\"},\"image\":{\"@id\":\"https:\/\/www.siciliarance.com\/fr\/prodotto\/oranges-douces-biologiques-vanilla-apireno-15-kg\/#primaryimage\"},\"thumbnailUrl\":\"https:\/\/www.siciliarance.com\/wp-content\/uploads\/2024\/07\/arance-vaniglia-siciliane-biologiche.webp\",\"datePublished\":\"2024-07-30T08:01:20+00:00\",\"dateModified\":\"2025-11-17T21:16:32+00:00\",\"description\":\"Achetez des oranges douces bio \u00e0 la vanille sans p\u00e9pins (15 kg) sur Siciliarance.com. Ces oranges bio sont cultiv\u00e9es en Sicile.\",\"breadcrumb\":{\"@id\":\"https:\/\/www.siciliarance.com\/fr\/prodotto\/oranges-douces-biologiques-vanilla-apireno-15-kg\/#breadcrumb\"},\"inLanguage\":\"fr-FR\",\"potentialAction\":[{\"@type\":\"ReadAction\",\"target\":[\"https:\/\/www.siciliarance.com\/fr\/prodotto\/oranges-douces-biologiques-vanilla-apireno-15-kg\/\"]}]},{\"@type\":\"ImageObject\",\"inLanguage\":\"fr-FR\",\"@id\":\"https:\/\/www.siciliarance.com\/fr\/prodotto\/oranges-douces-biologiques-vanilla-apireno-15-kg\/#primaryimage\",\"url\":\"https:\/\/www.siciliarance.com\/wp-content\/uploads\/2024\/07\/arance-vaniglia-siciliane-biologiche.webp\",\"contentUrl\":\"https:\/\/www.siciliarance.com\/wp-content\/uploads\/2024\/07\/arance-vaniglia-siciliane-biologiche.webp\",\"width\":400,\"height\":320},{\"@type\":\"BreadcrumbList\",\"@id\":\"https:\/\/www.siciliarance.com\/fr\/prodotto\/oranges-douces-biologiques-vanilla-apireno-15-kg\/#breadcrumb\",\"itemListElement\":[{\"@type\":\"ListItem\",\"position\":1,\"name\":\"Home\",\"item\":\"https:\/\/www.siciliarance.com\/fr\/domicile\/\"},{\"@type\":\"ListItem\",\"position\":2,\"name\":\"Boutique\",\"item\":\"https:\/\/www.siciliarance.com\/fr\/boutique\/\"},{\"@type\":\"ListItem\",\"position\":3,\"name\":\"Oranges douces biologiques Vanilla Apireno &#8211; 15 kg\"}]},{\"@type\":\"WebSite\",\"@id\":\"https:\/\/www.siciliarance.com\/fr\/#website\",\"url\":\"https:\/\/www.siciliarance.com\/fr\/\",\"name\":\"Siciliarance\",\"description\":\"Agrumi di ribera\",\"publisher\":{\"@id\":\"https:\/\/www.siciliarance.com\/fr\/#organization\"},\"potentialAction\":[{\"@type\":\"SearchAction\",\"target\":{\"@type\":\"EntryPoint\",\"urlTemplate\":\"https:\/\/www.siciliarance.com\/fr\/?s={search_term_string}\"},\"query-input\":{\"@type\":\"PropertyValueSpecification\",\"valueRequired\":true,\"valueName\":\"search_term_string\"}}],\"inLanguage\":\"fr-FR\"},{\"@type\":\"Organization\",\"@id\":\"https:\/\/www.siciliarance.com\/fr\/#organization\",\"name\":\"Siciliarance\",\"url\":\"https:\/\/www.siciliarance.com\/fr\/\",\"logo\":{\"@type\":\"ImageObject\",\"inLanguage\":\"fr-FR\",\"@id\":\"https:\/\/www.siciliarance.com\/fr\/#\/schema\/logo\/image\/\",\"url\":\"https:\/\/www.siciliarance.com\/wp-content\/uploads\/2024\/08\/logo-definitivo.png\",\"contentUrl\":\"https:\/\/www.siciliarance.com\/wp-content\/uploads\/2024\/08\/logo-definitivo.png\",\"width\":1921,\"height\":482,\"caption\":\"Siciliarance\"},\"image\":{\"@id\":\"https:\/\/www.siciliarance.com\/fr\/#\/schema\/logo\/image\/\"}}]}<\/script>\n<!-- \/ Yoast SEO Premium plugin. -->","yoast_head_json":{"title":"Oranges douces biologiques sans p\u00e9pins, aromatis\u00e9es \u00e0 la vanille, 15 kg | Siciliarance.com","description":"Achetez des oranges douces bio \u00e0 la vanille sans p\u00e9pins (15 kg) sur Siciliarance.com. Ces oranges bio sont cultiv\u00e9es en Sicile.","robots":{"index":"index","follow":"follow","max-snippet":"max-snippet:-1","max-image-preview":"max-image-preview:large","max-video-preview":"max-video-preview:-1"},"canonical":"https:\/\/www.siciliarance.com\/fr\/prodotto\/oranges-douces-biologiques-vanilla-apireno-15-kg\/","og_locale":"fr_FR","og_type":"article","og_title":"Oranges douces biologiques Vanilla Apireno - 15 kg","og_description":"Achetez des oranges douces bio \u00e0 la vanille sans p\u00e9pins (15 kg) sur Siciliarance.com. Ces oranges bio sont cultiv\u00e9es en Sicile.","og_url":"https:\/\/www.siciliarance.com\/fr\/prodotto\/oranges-douces-biologiques-vanilla-apireno-15-kg\/","og_site_name":"Siciliarance","article_modified_time":"2025-11-17T21:16:32+00:00","og_image":[{"width":400,"height":320,"url":"https:\/\/www.siciliarance.com\/wp-content\/uploads\/2024\/07\/arance-vaniglia-siciliane-biologiche.webp","type":"image\/webp"}],"twitter_card":"summary_large_image","twitter_misc":{"Dur\u00e9e de lecture estim\u00e9e":"1 minute"},"schema":{"@context":"https:\/\/schema.org","@graph":[{"@type":"WebPage","@id":"https:\/\/www.siciliarance.com\/fr\/prodotto\/oranges-douces-biologiques-vanilla-apireno-15-kg\/","url":"https:\/\/www.siciliarance.com\/fr\/prodotto\/oranges-douces-biologiques-vanilla-apireno-15-kg\/","name":"Oranges douces biologiques sans p\u00e9pins, aromatis\u00e9es \u00e0 la vanille, 15 kg | Siciliarance.com","isPartOf":{"@id":"https:\/\/www.siciliarance.com\/fr\/#website"},"primaryImageOfPage":{"@id":"https:\/\/www.siciliarance.com\/fr\/prodotto\/oranges-douces-biologiques-vanilla-apireno-15-kg\/#primaryimage"},"image":{"@id":"https:\/\/www.siciliarance.com\/fr\/prodotto\/oranges-douces-biologiques-vanilla-apireno-15-kg\/#primaryimage"},"thumbnailUrl":"https:\/\/www.siciliarance.com\/wp-content\/uploads\/2024\/07\/arance-vaniglia-siciliane-biologiche.webp","datePublished":"2024-07-30T08:01:20+00:00","dateModified":"2025-11-17T21:16:32+00:00","description":"Achetez des oranges douces bio \u00e0 la vanille sans p\u00e9pins (15 kg) sur Siciliarance.com. Ces oranges bio sont cultiv\u00e9es en Sicile.","breadcrumb":{"@id":"https:\/\/www.siciliarance.com\/fr\/prodotto\/oranges-douces-biologiques-vanilla-apireno-15-kg\/#breadcrumb"},"inLanguage":"fr-FR","potentialAction":[{"@type":"ReadAction","target":["https:\/\/www.siciliarance.com\/fr\/prodotto\/oranges-douces-biologiques-vanilla-apireno-15-kg\/"]}]},{"@type":"ImageObject","inLanguage":"fr-FR","@id":"https:\/\/www.siciliarance.com\/fr\/prodotto\/oranges-douces-biologiques-vanilla-apireno-15-kg\/#primaryimage","url":"https:\/\/www.siciliarance.com\/wp-content\/uploads\/2024\/07\/arance-vaniglia-siciliane-biologiche.webp","contentUrl":"https:\/\/www.siciliarance.com\/wp-content\/uploads\/2024\/07\/arance-vaniglia-siciliane-biologiche.webp","width":400,"height":320},{"@type":"BreadcrumbList","@id":"https:\/\/www.siciliarance.com\/fr\/prodotto\/oranges-douces-biologiques-vanilla-apireno-15-kg\/#breadcrumb","itemListElement":[{"@type":"ListItem","position":1,"name":"Home","item":"https:\/\/www.siciliarance.com\/fr\/domicile\/"},{"@type":"ListItem","position":2,"name":"Boutique","item":"https:\/\/www.siciliarance.com\/fr\/boutique\/"},{"@type":"ListItem","position":3,"name":"Oranges douces biologiques Vanilla Apireno &#8211; 15 kg"}]},{"@type":"WebSite","@id":"https:\/\/www.siciliarance.com\/fr\/#website","url":"https:\/\/www.siciliarance.com\/fr\/","name":"Siciliarance","description":"Agrumi di ribera","publisher":{"@id":"https:\/\/www.siciliarance.com\/fr\/#organization"},"potentialAction":[{"@type":"SearchAction","target":{"@type":"EntryPoint","urlTemplate":"https:\/\/www.siciliarance.com\/fr\/?s={search_term_string}"},"query-input":{"@type":"PropertyValueSpecification","valueRequired":true,"valueName":"search_term_string"}}],"inLanguage":"fr-FR"},{"@type":"Organization","@id":"https:\/\/www.siciliarance.com\/fr\/#organization","name":"Siciliarance","url":"https:\/\/www.siciliarance.com\/fr\/","logo":{"@type":"ImageObject","inLanguage":"fr-FR","@id":"https:\/\/www.siciliarance.com\/fr\/#\/schema\/logo\/image\/","url":"https:\/\/www.siciliarance.com\/wp-content\/uploads\/2024\/08\/logo-definitivo.png","contentUrl":"https:\/\/www.siciliarance.com\/wp-content\/uploads\/2024\/08\/logo-definitivo.png","width":1921,"height":482,"caption":"Siciliarance"},"image":{"@id":"https:\/\/www.siciliarance.com\/fr\/#\/schema\/logo\/image\/"}}]}},"_links":{"self":[{"href":"https:\/\/www.siciliarance.com\/fr\/wp-json\/wp\/v2\/product\/706","targetHints":{"allow":["GET"]}}],"collection":[{"href":"https:\/\/www.siciliarance.com\/fr\/wp-json\/wp\/v2\/product"}],"about":[{"href":"https:\/\/www.siciliarance.com\/fr\/wp-json\/wp\/v2\/types\/product"}],"replies":[{"embeddable":true,"href":"https:\/\/www.siciliarance.com\/fr\/wp-json\/wp\/v2\/comments?post=706"}],"version-history":[{"count":1,"href":"https:\/\/www.siciliarance.com\/fr\/wp-json\/wp\/v2\/product\/706\/revisions"}],"predecessor-version":[{"id":2363,"href":"https:\/\/www.siciliarance.com\/fr\/wp-json\/wp\/v2\/product\/706\/revisions\/2363"}],"wp:featuredmedia":[{"embeddable":true,"href":"https:\/\/www.siciliarance.com\/fr\/wp-json\/wp\/v2\/media\/1425"}],"wp:attachment":[{"href":"https:\/\/www.siciliarance.com\/fr\/wp-json\/wp\/v2\/media?parent=706"}],"wp:term":[{"taxonomy":"product_brand","embeddable":true,"href":"https:\/\/www.siciliarance.com\/fr\/wp-json\/wp\/v2\/product_brand?post=706"},{"taxonomy":"product_cat","embeddable":true,"href":"https:\/\/www.siciliarance.com\/fr\/wp-json\/wp\/v2\/product_cat?post=706"},{"taxonomy":"product_tag","embeddable":true,"href":"https:\/\/www.siciliarance.com\/fr\/wp-json\/wp\/v2\/product_tag?post=706"}],"curies":[{"name":"wp","href":"https:\/\/api.w.org\/{rel}","templated":true}]}}