{"id":699,"date":"2024-07-30T10:01:20","date_gmt":"2024-07-30T10:01:20","guid":{"rendered":"https:\/\/www.siciliarance.com\/prodotto\/clementines-biologiques-15kg\/"},"modified":"2025-11-17T21:16:30","modified_gmt":"2025-11-17T21:16:30","slug":"clementines-biologiques-15kg","status":"publish","type":"product","link":"https:\/\/www.siciliarance.com\/fr\/prodotto\/clementines-biologiques-15kg\/","title":{"rendered":"Cl\u00e9mentines biologiques &#8211; 15kg"},"content":{"rendered":"<h4>Cl\u00e9mentines biologiques &#8211; 15 kg<\/h4>\n<p>Bienvenue sur Siciliarance.com, votre destination pour les meilleures cl\u00e9mentines bio de Sicile&nbsp;! Nous sommes ravis de vous pr\u00e9senter nos <strong>cl\u00e9mentines bio<\/strong> , conditionn\u00e9es en caisses pratiques de 15&nbsp;kg, directement de la ferme Borsellino. <\/p>\n<h4>Pourquoi choisir nos cl\u00e9mentines ?<\/h4>\n<p>Nos cl\u00e9mentines biologiques sont cultiv\u00e9es avec amour et respect de l&rsquo;environnement sur les terres fertiles de Sicile. Chaque fruit est soigneusement s\u00e9lectionn\u00e9 pour garantir une douceur et une fra\u00eecheur maximales, vous offrant ainsi une exp\u00e9rience gustative unique et authentique. <\/p>\n<h4>Caract\u00e9ristiques principales :<\/h4>\n<ul>\n<li><strong>Une douceur irr\u00e9sistible<\/strong>: les cl\u00e9mentines de Sicile sont appr\u00e9ci\u00e9es dans le monde entier pour leur douceur naturelle et leur jus aromatique.<\/li>\n<li><strong>100% biologique<\/strong>: Cultiv\u00e9es selon des normes biologiques strictes, nos cl\u00e9mentines sont exemptes de pesticides nocifs et d&rsquo;engrais chimiques.<\/li>\n<li><strong>Fra\u00eecheur garantie<\/strong>: les cl\u00e9mentines sont r\u00e9colt\u00e9es au bon moment pour pr\u00e9server leur fra\u00eecheur et leur go\u00fbt authentique.<\/li>\n<li><strong>Conditionnement pratique<\/strong> : La caisse de 15 kg est id\u00e9ale pour les familles, les restaurants ou toute personne souhaitant avoir toujours des cl\u00e9mentines fra\u00eeches et authentiques \u00e0 disposition.<\/li>\n<\/ul>\n<h4>Avantages pour la sant\u00e9 :<\/h4>\n<p>Les cl\u00e9mentines biologiques sont une source naturelle de vitamine C, d&rsquo;antioxydants et d&rsquo;autres nutriments essentiels qui contribuent au bien-\u00eatre g\u00e9n\u00e9ral et au syst\u00e8me immunitaire.<\/p>\n<h4>Emballage et livraison :<\/h4>\n<p>Nos cl\u00e9mentines sont soigneusement emball\u00e9es et exp\u00e9di\u00e9es directement \u00e0 votre domicile, ce qui garantit qu&rsquo;elles arrivent fra\u00eeches et pr\u00eates \u00e0 \u00eatre d\u00e9gust\u00e9es.<\/p>\n","protected":false},"excerpt":{"rendered":"<p>Cat\u00e9gorie I &#8211; Vari\u00e9t\u00e9 : Corse 2 &#8211; Italie<\/p>\n<p> Poids net 15 kg &#8211; Poids brut &#8211; 16 kg<\/p>\n","protected":false},"featured_media":554,"comment_status":"open","ping_status":"closed","template":"","meta":[],"product_brand":[],"product_cat":[41],"product_tag":[],"class_list":{"0":"post-699","1":"product","2":"type-product","3":"status-publish","4":"has-post-thumbnail","6":"product_cat-agrumes-de-sicile","8":"first","9":"outofstock","10":"shipping-taxable","11":"purchasable","12":"product-type-simple"},"yoast_head":"<!-- This site is optimized with the Yoast SEO Premium plugin v23.5 (Yoast SEO v23.6) - https:\/\/yoast.com\/wordpress\/plugins\/seo\/ -->\n<title>Cl\u00e9mentines bio, 15 kg | Siciliarance.com<\/title>\n<meta name=\"description\" content=\"Cl\u00e9mentines bio - 15 kg disponibles sur Siciliarance.com. Cl\u00e9mentines fra\u00eeches et sucr\u00e9es, issues de l&#039;agriculture biologique en Sicile.\" \/>\n<meta name=\"robots\" content=\"index, follow, max-snippet:-1, max-image-preview:large, max-video-preview:-1\" \/>\n<link rel=\"canonical\" href=\"https:\/\/www.siciliarance.com\/fr\/prodotto\/clementines-biologiques-15kg\/\" \/>\n<meta property=\"og:locale\" content=\"fr_FR\" \/>\n<meta property=\"og:type\" content=\"article\" \/>\n<meta property=\"og:title\" content=\"Cl\u00e9mentines biologiques - 15kg\" \/>\n<meta property=\"og:description\" content=\"Cl\u00e9mentines bio - 15 kg disponibles sur Siciliarance.com. Cl\u00e9mentines fra\u00eeches et sucr\u00e9es, issues de l&#039;agriculture biologique en Sicile.\" \/>\n<meta property=\"og:url\" content=\"https:\/\/www.siciliarance.com\/fr\/prodotto\/clementines-biologiques-15kg\/\" \/>\n<meta property=\"og:site_name\" content=\"Siciliarance\" \/>\n<meta property=\"article:modified_time\" content=\"2025-11-17T21:16:30+00:00\" \/>\n<meta property=\"og:image\" content=\"https:\/\/www.siciliarance.com\/wp-content\/uploads\/2024\/05\/clementine-biologiche-10-kg.jpg\" \/>\n\t<meta property=\"og:image:width\" content=\"458\" \/>\n\t<meta property=\"og:image:height\" content=\"458\" \/>\n\t<meta property=\"og:image:type\" content=\"image\/jpeg\" \/>\n<meta name=\"twitter:card\" content=\"summary_large_image\" \/>\n<meta name=\"twitter:label1\" content=\"Dur\u00e9e de lecture estim\u00e9e\" \/>\n\t<meta name=\"twitter:data1\" content=\"1 minute\" \/>\n<script type=\"application\/ld+json\" class=\"yoast-schema-graph\">{\"@context\":\"https:\/\/schema.org\",\"@graph\":[{\"@type\":\"WebPage\",\"@id\":\"https:\/\/www.siciliarance.com\/fr\/prodotto\/clementines-biologiques-15kg\/\",\"url\":\"https:\/\/www.siciliarance.com\/fr\/prodotto\/clementines-biologiques-15kg\/\",\"name\":\"Cl\u00e9mentines bio, 15 kg | Siciliarance.com\",\"isPartOf\":{\"@id\":\"https:\/\/www.siciliarance.com\/fr\/#website\"},\"primaryImageOfPage\":{\"@id\":\"https:\/\/www.siciliarance.com\/fr\/prodotto\/clementines-biologiques-15kg\/#primaryimage\"},\"image\":{\"@id\":\"https:\/\/www.siciliarance.com\/fr\/prodotto\/clementines-biologiques-15kg\/#primaryimage\"},\"thumbnailUrl\":\"https:\/\/www.siciliarance.com\/wp-content\/uploads\/2024\/05\/clementine-biologiche-10-kg.jpg\",\"datePublished\":\"2024-07-30T10:01:20+00:00\",\"dateModified\":\"2025-11-17T21:16:30+00:00\",\"description\":\"Cl\u00e9mentines bio - 15 kg disponibles sur Siciliarance.com. Cl\u00e9mentines fra\u00eeches et sucr\u00e9es, issues de l'agriculture biologique en Sicile.\",\"breadcrumb\":{\"@id\":\"https:\/\/www.siciliarance.com\/fr\/prodotto\/clementines-biologiques-15kg\/#breadcrumb\"},\"inLanguage\":\"fr-FR\",\"potentialAction\":[{\"@type\":\"ReadAction\",\"target\":[\"https:\/\/www.siciliarance.com\/fr\/prodotto\/clementines-biologiques-15kg\/\"]}]},{\"@type\":\"ImageObject\",\"inLanguage\":\"fr-FR\",\"@id\":\"https:\/\/www.siciliarance.com\/fr\/prodotto\/clementines-biologiques-15kg\/#primaryimage\",\"url\":\"https:\/\/www.siciliarance.com\/wp-content\/uploads\/2024\/05\/clementine-biologiche-10-kg.jpg\",\"contentUrl\":\"https:\/\/www.siciliarance.com\/wp-content\/uploads\/2024\/05\/clementine-biologiche-10-kg.jpg\",\"width\":458,\"height\":458},{\"@type\":\"BreadcrumbList\",\"@id\":\"https:\/\/www.siciliarance.com\/fr\/prodotto\/clementines-biologiques-15kg\/#breadcrumb\",\"itemListElement\":[{\"@type\":\"ListItem\",\"position\":1,\"name\":\"Home\",\"item\":\"https:\/\/www.siciliarance.com\/fr\/domicile\/\"},{\"@type\":\"ListItem\",\"position\":2,\"name\":\"Boutique\",\"item\":\"https:\/\/www.siciliarance.com\/fr\/boutique\/\"},{\"@type\":\"ListItem\",\"position\":3,\"name\":\"Cl\u00e9mentines biologiques &#8211; 15kg\"}]},{\"@type\":\"WebSite\",\"@id\":\"https:\/\/www.siciliarance.com\/fr\/#website\",\"url\":\"https:\/\/www.siciliarance.com\/fr\/\",\"name\":\"Siciliarance\",\"description\":\"Agrumi di ribera\",\"publisher\":{\"@id\":\"https:\/\/www.siciliarance.com\/fr\/#organization\"},\"potentialAction\":[{\"@type\":\"SearchAction\",\"target\":{\"@type\":\"EntryPoint\",\"urlTemplate\":\"https:\/\/www.siciliarance.com\/fr\/?s={search_term_string}\"},\"query-input\":{\"@type\":\"PropertyValueSpecification\",\"valueRequired\":true,\"valueName\":\"search_term_string\"}}],\"inLanguage\":\"fr-FR\"},{\"@type\":\"Organization\",\"@id\":\"https:\/\/www.siciliarance.com\/fr\/#organization\",\"name\":\"Siciliarance\",\"url\":\"https:\/\/www.siciliarance.com\/fr\/\",\"logo\":{\"@type\":\"ImageObject\",\"inLanguage\":\"fr-FR\",\"@id\":\"https:\/\/www.siciliarance.com\/fr\/#\/schema\/logo\/image\/\",\"url\":\"https:\/\/www.siciliarance.com\/wp-content\/uploads\/2024\/08\/logo-definitivo.png\",\"contentUrl\":\"https:\/\/www.siciliarance.com\/wp-content\/uploads\/2024\/08\/logo-definitivo.png\",\"width\":1921,\"height\":482,\"caption\":\"Siciliarance\"},\"image\":{\"@id\":\"https:\/\/www.siciliarance.com\/fr\/#\/schema\/logo\/image\/\"}}]}<\/script>\n<!-- \/ Yoast SEO Premium plugin. -->","yoast_head_json":{"title":"Cl\u00e9mentines bio, 15 kg | Siciliarance.com","description":"Cl\u00e9mentines bio - 15 kg disponibles sur Siciliarance.com. Cl\u00e9mentines fra\u00eeches et sucr\u00e9es, issues de l'agriculture biologique en Sicile.","robots":{"index":"index","follow":"follow","max-snippet":"max-snippet:-1","max-image-preview":"max-image-preview:large","max-video-preview":"max-video-preview:-1"},"canonical":"https:\/\/www.siciliarance.com\/fr\/prodotto\/clementines-biologiques-15kg\/","og_locale":"fr_FR","og_type":"article","og_title":"Cl\u00e9mentines biologiques - 15kg","og_description":"Cl\u00e9mentines bio - 15 kg disponibles sur Siciliarance.com. Cl\u00e9mentines fra\u00eeches et sucr\u00e9es, issues de l'agriculture biologique en Sicile.","og_url":"https:\/\/www.siciliarance.com\/fr\/prodotto\/clementines-biologiques-15kg\/","og_site_name":"Siciliarance","article_modified_time":"2025-11-17T21:16:30+00:00","og_image":[{"width":458,"height":458,"url":"https:\/\/www.siciliarance.com\/wp-content\/uploads\/2024\/05\/clementine-biologiche-10-kg.jpg","type":"image\/jpeg"}],"twitter_card":"summary_large_image","twitter_misc":{"Dur\u00e9e de lecture estim\u00e9e":"1 minute"},"schema":{"@context":"https:\/\/schema.org","@graph":[{"@type":"WebPage","@id":"https:\/\/www.siciliarance.com\/fr\/prodotto\/clementines-biologiques-15kg\/","url":"https:\/\/www.siciliarance.com\/fr\/prodotto\/clementines-biologiques-15kg\/","name":"Cl\u00e9mentines bio, 15 kg | Siciliarance.com","isPartOf":{"@id":"https:\/\/www.siciliarance.com\/fr\/#website"},"primaryImageOfPage":{"@id":"https:\/\/www.siciliarance.com\/fr\/prodotto\/clementines-biologiques-15kg\/#primaryimage"},"image":{"@id":"https:\/\/www.siciliarance.com\/fr\/prodotto\/clementines-biologiques-15kg\/#primaryimage"},"thumbnailUrl":"https:\/\/www.siciliarance.com\/wp-content\/uploads\/2024\/05\/clementine-biologiche-10-kg.jpg","datePublished":"2024-07-30T10:01:20+00:00","dateModified":"2025-11-17T21:16:30+00:00","description":"Cl\u00e9mentines bio - 15 kg disponibles sur Siciliarance.com. Cl\u00e9mentines fra\u00eeches et sucr\u00e9es, issues de l'agriculture biologique en Sicile.","breadcrumb":{"@id":"https:\/\/www.siciliarance.com\/fr\/prodotto\/clementines-biologiques-15kg\/#breadcrumb"},"inLanguage":"fr-FR","potentialAction":[{"@type":"ReadAction","target":["https:\/\/www.siciliarance.com\/fr\/prodotto\/clementines-biologiques-15kg\/"]}]},{"@type":"ImageObject","inLanguage":"fr-FR","@id":"https:\/\/www.siciliarance.com\/fr\/prodotto\/clementines-biologiques-15kg\/#primaryimage","url":"https:\/\/www.siciliarance.com\/wp-content\/uploads\/2024\/05\/clementine-biologiche-10-kg.jpg","contentUrl":"https:\/\/www.siciliarance.com\/wp-content\/uploads\/2024\/05\/clementine-biologiche-10-kg.jpg","width":458,"height":458},{"@type":"BreadcrumbList","@id":"https:\/\/www.siciliarance.com\/fr\/prodotto\/clementines-biologiques-15kg\/#breadcrumb","itemListElement":[{"@type":"ListItem","position":1,"name":"Home","item":"https:\/\/www.siciliarance.com\/fr\/domicile\/"},{"@type":"ListItem","position":2,"name":"Boutique","item":"https:\/\/www.siciliarance.com\/fr\/boutique\/"},{"@type":"ListItem","position":3,"name":"Cl\u00e9mentines biologiques &#8211; 15kg"}]},{"@type":"WebSite","@id":"https:\/\/www.siciliarance.com\/fr\/#website","url":"https:\/\/www.siciliarance.com\/fr\/","name":"Siciliarance","description":"Agrumi di ribera","publisher":{"@id":"https:\/\/www.siciliarance.com\/fr\/#organization"},"potentialAction":[{"@type":"SearchAction","target":{"@type":"EntryPoint","urlTemplate":"https:\/\/www.siciliarance.com\/fr\/?s={search_term_string}"},"query-input":{"@type":"PropertyValueSpecification","valueRequired":true,"valueName":"search_term_string"}}],"inLanguage":"fr-FR"},{"@type":"Organization","@id":"https:\/\/www.siciliarance.com\/fr\/#organization","name":"Siciliarance","url":"https:\/\/www.siciliarance.com\/fr\/","logo":{"@type":"ImageObject","inLanguage":"fr-FR","@id":"https:\/\/www.siciliarance.com\/fr\/#\/schema\/logo\/image\/","url":"https:\/\/www.siciliarance.com\/wp-content\/uploads\/2024\/08\/logo-definitivo.png","contentUrl":"https:\/\/www.siciliarance.com\/wp-content\/uploads\/2024\/08\/logo-definitivo.png","width":1921,"height":482,"caption":"Siciliarance"},"image":{"@id":"https:\/\/www.siciliarance.com\/fr\/#\/schema\/logo\/image\/"}}]}},"_links":{"self":[{"href":"https:\/\/www.siciliarance.com\/fr\/wp-json\/wp\/v2\/product\/699","targetHints":{"allow":["GET"]}}],"collection":[{"href":"https:\/\/www.siciliarance.com\/fr\/wp-json\/wp\/v2\/product"}],"about":[{"href":"https:\/\/www.siciliarance.com\/fr\/wp-json\/wp\/v2\/types\/product"}],"replies":[{"embeddable":true,"href":"https:\/\/www.siciliarance.com\/fr\/wp-json\/wp\/v2\/comments?post=699"}],"version-history":[{"count":1,"href":"https:\/\/www.siciliarance.com\/fr\/wp-json\/wp\/v2\/product\/699\/revisions"}],"predecessor-version":[{"id":2364,"href":"https:\/\/www.siciliarance.com\/fr\/wp-json\/wp\/v2\/product\/699\/revisions\/2364"}],"wp:featuredmedia":[{"embeddable":true,"href":"https:\/\/www.siciliarance.com\/fr\/wp-json\/wp\/v2\/media\/554"}],"wp:attachment":[{"href":"https:\/\/www.siciliarance.com\/fr\/wp-json\/wp\/v2\/media?parent=699"}],"wp:term":[{"taxonomy":"product_brand","embeddable":true,"href":"https:\/\/www.siciliarance.com\/fr\/wp-json\/wp\/v2\/product_brand?post=699"},{"taxonomy":"product_cat","embeddable":true,"href":"https:\/\/www.siciliarance.com\/fr\/wp-json\/wp\/v2\/product_cat?post=699"},{"taxonomy":"product_tag","embeddable":true,"href":"https:\/\/www.siciliarance.com\/fr\/wp-json\/wp\/v2\/product_tag?post=699"}],"curies":[{"name":"wp","href":"https:\/\/api.w.org\/{rel}","templated":true}]}}