{"id":698,"date":"2024-07-30T10:01:21","date_gmt":"2024-07-30T08:01:21","guid":{"rendered":"https:\/\/www.siciliarance.com\/prodotto\/mandarines-bio-10-kg\/"},"modified":"2024-11-09T08:03:17","modified_gmt":"2024-11-09T08:03:17","slug":"mandarines-bio-10-kg","status":"publish","type":"product","link":"https:\/\/www.siciliarance.com\/fr\/prodotto\/mandarines-bio-10-kg\/","title":{"rendered":"Mandarines bio &#8211; 10 kg"},"content":{"rendered":"<h4>Mandarines bio &#8211; 10 kg<\/h4>\n<p>Bienvenue sur Siciliarance.com, votre destination pour les meilleures mandarines biologiques siciliennes ! C&rsquo;est avec enthousiasme que nous vous pr\u00e9sentons nos <strong>mandarines biologiques<\/strong>, conditionn\u00e9es dans des caisses pratiques de 10 kg, en provenance directe de l&rsquo;Azienda Agricola Borsellino. <\/p>\n<h4>Pourquoi choisir nos mandarines ?<\/h4>\n<p>Nos mandarines biologiques sont cultiv\u00e9es avec soin et d\u00e9vouement sur les terres fertiles de Sicile. Chaque fruit est soigneusement s\u00e9lectionn\u00e9 pour garantir une fra\u00eecheur maximale et le go\u00fbt unique des mandarines siciliennes. <\/p>\n<h4>Caract\u00e9ristiques principales :<\/h4>\n<ul>\n<li><strong>Fra\u00eecheur garantie<\/strong>: nos mandarines sont cueillies au bon moment pour pr\u00e9server leur fra\u00eecheur et leur ar\u00f4me naturel.<\/li>\n<li><strong>100% biologique<\/strong>: Cultiv\u00e9es selon des normes biologiques strictes, nos mandarines sont exemptes de pesticides et de substances nocives.<\/li>\n<li><strong>Une douceur irr\u00e9sistible<\/strong>: les mandarines de Sicile sont connues pour leur douceur et leur go\u00fbt juteux, parfaits pour une pause rafra\u00eechissante au cours de la journ\u00e9e.<\/li>\n<li><strong>Un emballage pratique<\/strong>: La caisse de 10 kg est id\u00e9ale pour les familles, les restaurants ou les personnes qui souhaitent toujours avoir des mandarines fra\u00eeches et authentiques \u00e0 port\u00e9e de main.<\/li>\n<\/ul>\n<h4>Avantages pour la sant\u00e9 :<\/h4>\n<p>Les mandarines biologiques sont une source naturelle de vitamine C et d&rsquo;antioxydants, qui contribuent au bien-\u00eatre g\u00e9n\u00e9ral et au syst\u00e8me immunitaire.<\/p>\n<h4>Emballage et livraison :<\/h4>\n<p>Nos mandarines sont soigneusement emball\u00e9es et exp\u00e9di\u00e9es directement \u00e0 votre domicile, ce qui garantit qu&rsquo;elles arrivent fra\u00eeches et pr\u00eates \u00e0 \u00eatre d\u00e9gust\u00e9es.<\/p>\n<h4>Achetez maintenant !<\/h4>\n","protected":false},"excerpt":{"rendered":"<p>Cat\u00e9gorie I &#8211; Vari\u00e9t\u00e9 : Mandarin Tardivo &#8211; Italie Poids net 10 kg &#8211; Poids brut 11 kg<\/p>\n","protected":false},"featured_media":558,"comment_status":"open","ping_status":"closed","template":"","meta":[],"product_brand":[],"product_cat":[41],"product_tag":[],"class_list":{"0":"post-698","1":"product","2":"type-product","3":"status-publish","4":"has-post-thumbnail","6":"product_cat-agrumes-de-sicile","8":"first","9":"outofstock","10":"shipping-taxable","11":"purchasable","12":"product-type-simple"},"yoast_head":"<!-- This site is optimized with the Yoast SEO Premium plugin v23.5 (Yoast SEO v23.6) - https:\/\/yoast.com\/wordpress\/plugins\/seo\/ -->\n<title>Mandarines biologiques 10 kg | Siciliarance.com<\/title>\n<meta name=\"description\" content=\"Achetez des mandarines biologiques - 10 kg \u00e0 Siciliarance.com. Mandarines douces et juteuses, cultiv\u00e9es biologiquement en Sicile.\" \/>\n<meta name=\"robots\" content=\"index, follow, max-snippet:-1, max-image-preview:large, max-video-preview:-1\" \/>\n<link rel=\"canonical\" href=\"https:\/\/www.siciliarance.com\/fr\/prodotto\/mandarines-bio-10-kg\/\" \/>\n<meta property=\"og:locale\" content=\"fr_FR\" \/>\n<meta property=\"og:type\" content=\"article\" \/>\n<meta property=\"og:title\" content=\"Mandarines bio - 10 kg\" \/>\n<meta property=\"og:description\" content=\"Achetez des mandarines biologiques - 10 kg \u00e0 Siciliarance.com. Mandarines douces et juteuses, cultiv\u00e9es biologiquement en Sicile.\" \/>\n<meta property=\"og:url\" content=\"https:\/\/www.siciliarance.com\/fr\/prodotto\/mandarines-bio-10-kg\/\" \/>\n<meta property=\"og:site_name\" content=\"Siciliarance\" \/>\n<meta property=\"article:modified_time\" content=\"2024-11-09T08:03:17+00:00\" \/>\n<meta property=\"og:image\" content=\"https:\/\/www.siciliarance.com\/wp-content\/uploads\/2024\/05\/mandarini-biologici-10-kg.jpg\" \/>\n\t<meta property=\"og:image:width\" content=\"458\" \/>\n\t<meta property=\"og:image:height\" content=\"458\" \/>\n\t<meta property=\"og:image:type\" content=\"image\/jpeg\" \/>\n<meta name=\"twitter:card\" content=\"summary_large_image\" \/>\n<meta name=\"twitter:label1\" content=\"Dur\u00e9e de lecture estim\u00e9e\" \/>\n\t<meta name=\"twitter:data1\" content=\"1 minute\" \/>\n<script type=\"application\/ld+json\" class=\"yoast-schema-graph\">{\"@context\":\"https:\/\/schema.org\",\"@graph\":[{\"@type\":\"WebPage\",\"@id\":\"https:\/\/www.siciliarance.com\/fr\/prodotto\/mandarines-bio-10-kg\/\",\"url\":\"https:\/\/www.siciliarance.com\/fr\/prodotto\/mandarines-bio-10-kg\/\",\"name\":\"Mandarines biologiques 10 kg | Siciliarance.com\",\"isPartOf\":{\"@id\":\"https:\/\/www.siciliarance.com\/fr\/#website\"},\"primaryImageOfPage\":{\"@id\":\"https:\/\/www.siciliarance.com\/fr\/prodotto\/mandarines-bio-10-kg\/#primaryimage\"},\"image\":{\"@id\":\"https:\/\/www.siciliarance.com\/fr\/prodotto\/mandarines-bio-10-kg\/#primaryimage\"},\"thumbnailUrl\":\"https:\/\/www.siciliarance.com\/wp-content\/uploads\/2024\/05\/mandarini-biologici-10-kg.jpg\",\"datePublished\":\"2024-07-30T08:01:21+00:00\",\"dateModified\":\"2024-11-09T08:03:17+00:00\",\"description\":\"Achetez des mandarines biologiques - 10 kg \u00e0 Siciliarance.com. Mandarines douces et juteuses, cultiv\u00e9es biologiquement en Sicile.\",\"breadcrumb\":{\"@id\":\"https:\/\/www.siciliarance.com\/fr\/prodotto\/mandarines-bio-10-kg\/#breadcrumb\"},\"inLanguage\":\"fr-FR\",\"potentialAction\":[{\"@type\":\"ReadAction\",\"target\":[\"https:\/\/www.siciliarance.com\/fr\/prodotto\/mandarines-bio-10-kg\/\"]}]},{\"@type\":\"ImageObject\",\"inLanguage\":\"fr-FR\",\"@id\":\"https:\/\/www.siciliarance.com\/fr\/prodotto\/mandarines-bio-10-kg\/#primaryimage\",\"url\":\"https:\/\/www.siciliarance.com\/wp-content\/uploads\/2024\/05\/mandarini-biologici-10-kg.jpg\",\"contentUrl\":\"https:\/\/www.siciliarance.com\/wp-content\/uploads\/2024\/05\/mandarini-biologici-10-kg.jpg\",\"width\":458,\"height\":458},{\"@type\":\"BreadcrumbList\",\"@id\":\"https:\/\/www.siciliarance.com\/fr\/prodotto\/mandarines-bio-10-kg\/#breadcrumb\",\"itemListElement\":[{\"@type\":\"ListItem\",\"position\":1,\"name\":\"Home\",\"item\":\"https:\/\/www.siciliarance.com\/fr\/domicile\/\"},{\"@type\":\"ListItem\",\"position\":2,\"name\":\"Boutique\",\"item\":\"https:\/\/www.siciliarance.com\/fr\/boutique\/\"},{\"@type\":\"ListItem\",\"position\":3,\"name\":\"Mandarines bio &#8211; 10 kg\"}]},{\"@type\":\"WebSite\",\"@id\":\"https:\/\/www.siciliarance.com\/fr\/#website\",\"url\":\"https:\/\/www.siciliarance.com\/fr\/\",\"name\":\"Siciliarance\",\"description\":\"Agrumi di ribera\",\"publisher\":{\"@id\":\"https:\/\/www.siciliarance.com\/fr\/#organization\"},\"potentialAction\":[{\"@type\":\"SearchAction\",\"target\":{\"@type\":\"EntryPoint\",\"urlTemplate\":\"https:\/\/www.siciliarance.com\/fr\/?s={search_term_string}\"},\"query-input\":{\"@type\":\"PropertyValueSpecification\",\"valueRequired\":true,\"valueName\":\"search_term_string\"}}],\"inLanguage\":\"fr-FR\"},{\"@type\":\"Organization\",\"@id\":\"https:\/\/www.siciliarance.com\/fr\/#organization\",\"name\":\"Siciliarance\",\"url\":\"https:\/\/www.siciliarance.com\/fr\/\",\"logo\":{\"@type\":\"ImageObject\",\"inLanguage\":\"fr-FR\",\"@id\":\"https:\/\/www.siciliarance.com\/fr\/#\/schema\/logo\/image\/\",\"url\":\"https:\/\/www.siciliarance.com\/wp-content\/uploads\/2024\/08\/logo-definitivo.png\",\"contentUrl\":\"https:\/\/www.siciliarance.com\/wp-content\/uploads\/2024\/08\/logo-definitivo.png\",\"width\":1921,\"height\":482,\"caption\":\"Siciliarance\"},\"image\":{\"@id\":\"https:\/\/www.siciliarance.com\/fr\/#\/schema\/logo\/image\/\"}}]}<\/script>\n<!-- \/ Yoast SEO Premium plugin. -->","yoast_head_json":{"title":"Mandarines biologiques 10 kg | Siciliarance.com","description":"Achetez des mandarines biologiques - 10 kg \u00e0 Siciliarance.com. Mandarines douces et juteuses, cultiv\u00e9es biologiquement en Sicile.","robots":{"index":"index","follow":"follow","max-snippet":"max-snippet:-1","max-image-preview":"max-image-preview:large","max-video-preview":"max-video-preview:-1"},"canonical":"https:\/\/www.siciliarance.com\/fr\/prodotto\/mandarines-bio-10-kg\/","og_locale":"fr_FR","og_type":"article","og_title":"Mandarines bio - 10 kg","og_description":"Achetez des mandarines biologiques - 10 kg \u00e0 Siciliarance.com. Mandarines douces et juteuses, cultiv\u00e9es biologiquement en Sicile.","og_url":"https:\/\/www.siciliarance.com\/fr\/prodotto\/mandarines-bio-10-kg\/","og_site_name":"Siciliarance","article_modified_time":"2024-11-09T08:03:17+00:00","og_image":[{"width":458,"height":458,"url":"https:\/\/www.siciliarance.com\/wp-content\/uploads\/2024\/05\/mandarini-biologici-10-kg.jpg","type":"image\/jpeg"}],"twitter_card":"summary_large_image","twitter_misc":{"Dur\u00e9e de lecture estim\u00e9e":"1 minute"},"schema":{"@context":"https:\/\/schema.org","@graph":[{"@type":"WebPage","@id":"https:\/\/www.siciliarance.com\/fr\/prodotto\/mandarines-bio-10-kg\/","url":"https:\/\/www.siciliarance.com\/fr\/prodotto\/mandarines-bio-10-kg\/","name":"Mandarines biologiques 10 kg | Siciliarance.com","isPartOf":{"@id":"https:\/\/www.siciliarance.com\/fr\/#website"},"primaryImageOfPage":{"@id":"https:\/\/www.siciliarance.com\/fr\/prodotto\/mandarines-bio-10-kg\/#primaryimage"},"image":{"@id":"https:\/\/www.siciliarance.com\/fr\/prodotto\/mandarines-bio-10-kg\/#primaryimage"},"thumbnailUrl":"https:\/\/www.siciliarance.com\/wp-content\/uploads\/2024\/05\/mandarini-biologici-10-kg.jpg","datePublished":"2024-07-30T08:01:21+00:00","dateModified":"2024-11-09T08:03:17+00:00","description":"Achetez des mandarines biologiques - 10 kg \u00e0 Siciliarance.com. Mandarines douces et juteuses, cultiv\u00e9es biologiquement en Sicile.","breadcrumb":{"@id":"https:\/\/www.siciliarance.com\/fr\/prodotto\/mandarines-bio-10-kg\/#breadcrumb"},"inLanguage":"fr-FR","potentialAction":[{"@type":"ReadAction","target":["https:\/\/www.siciliarance.com\/fr\/prodotto\/mandarines-bio-10-kg\/"]}]},{"@type":"ImageObject","inLanguage":"fr-FR","@id":"https:\/\/www.siciliarance.com\/fr\/prodotto\/mandarines-bio-10-kg\/#primaryimage","url":"https:\/\/www.siciliarance.com\/wp-content\/uploads\/2024\/05\/mandarini-biologici-10-kg.jpg","contentUrl":"https:\/\/www.siciliarance.com\/wp-content\/uploads\/2024\/05\/mandarini-biologici-10-kg.jpg","width":458,"height":458},{"@type":"BreadcrumbList","@id":"https:\/\/www.siciliarance.com\/fr\/prodotto\/mandarines-bio-10-kg\/#breadcrumb","itemListElement":[{"@type":"ListItem","position":1,"name":"Home","item":"https:\/\/www.siciliarance.com\/fr\/domicile\/"},{"@type":"ListItem","position":2,"name":"Boutique","item":"https:\/\/www.siciliarance.com\/fr\/boutique\/"},{"@type":"ListItem","position":3,"name":"Mandarines bio &#8211; 10 kg"}]},{"@type":"WebSite","@id":"https:\/\/www.siciliarance.com\/fr\/#website","url":"https:\/\/www.siciliarance.com\/fr\/","name":"Siciliarance","description":"Agrumi di ribera","publisher":{"@id":"https:\/\/www.siciliarance.com\/fr\/#organization"},"potentialAction":[{"@type":"SearchAction","target":{"@type":"EntryPoint","urlTemplate":"https:\/\/www.siciliarance.com\/fr\/?s={search_term_string}"},"query-input":{"@type":"PropertyValueSpecification","valueRequired":true,"valueName":"search_term_string"}}],"inLanguage":"fr-FR"},{"@type":"Organization","@id":"https:\/\/www.siciliarance.com\/fr\/#organization","name":"Siciliarance","url":"https:\/\/www.siciliarance.com\/fr\/","logo":{"@type":"ImageObject","inLanguage":"fr-FR","@id":"https:\/\/www.siciliarance.com\/fr\/#\/schema\/logo\/image\/","url":"https:\/\/www.siciliarance.com\/wp-content\/uploads\/2024\/08\/logo-definitivo.png","contentUrl":"https:\/\/www.siciliarance.com\/wp-content\/uploads\/2024\/08\/logo-definitivo.png","width":1921,"height":482,"caption":"Siciliarance"},"image":{"@id":"https:\/\/www.siciliarance.com\/fr\/#\/schema\/logo\/image\/"}}]}},"_links":{"self":[{"href":"https:\/\/www.siciliarance.com\/fr\/wp-json\/wp\/v2\/product\/698","targetHints":{"allow":["GET"]}}],"collection":[{"href":"https:\/\/www.siciliarance.com\/fr\/wp-json\/wp\/v2\/product"}],"about":[{"href":"https:\/\/www.siciliarance.com\/fr\/wp-json\/wp\/v2\/types\/product"}],"replies":[{"embeddable":true,"href":"https:\/\/www.siciliarance.com\/fr\/wp-json\/wp\/v2\/comments?post=698"}],"version-history":[{"count":0,"href":"https:\/\/www.siciliarance.com\/fr\/wp-json\/wp\/v2\/product\/698\/revisions"}],"wp:featuredmedia":[{"embeddable":true,"href":"https:\/\/www.siciliarance.com\/fr\/wp-json\/wp\/v2\/media\/558"}],"wp:attachment":[{"href":"https:\/\/www.siciliarance.com\/fr\/wp-json\/wp\/v2\/media?parent=698"}],"wp:term":[{"taxonomy":"product_brand","embeddable":true,"href":"https:\/\/www.siciliarance.com\/fr\/wp-json\/wp\/v2\/product_brand?post=698"},{"taxonomy":"product_cat","embeddable":true,"href":"https:\/\/www.siciliarance.com\/fr\/wp-json\/wp\/v2\/product_cat?post=698"},{"taxonomy":"product_tag","embeddable":true,"href":"https:\/\/www.siciliarance.com\/fr\/wp-json\/wp\/v2\/product_tag?post=698"}],"curies":[{"name":"wp","href":"https:\/\/api.w.org\/{rel}","templated":true}]}}