{"id":686,"date":"2024-07-30T10:01:21","date_gmt":"2024-07-30T08:01:21","guid":{"rendered":"https:\/\/www.siciliarance.com\/prodotto\/pamplemousse-jaune-biologique-15-kg\/"},"modified":"2025-11-16T07:18:03","modified_gmt":"2025-11-16T07:18:03","slug":"pamplemousse-jaune-biologique-15-kg","status":"publish","type":"product","link":"https:\/\/www.siciliarance.com\/fr\/prodotto\/pamplemousse-jaune-biologique-15-kg\/","title":{"rendered":"Pamplemousse jaune biologique &#8211; 15 kg"},"content":{"rendered":"<p>Bienvenue sur Siciliarance.it, votre destination pour les meilleurs pamplemousses bio de Sicile&nbsp;! Nous sommes ravis de vous pr\u00e9senter nos <strong>pamplemousses jaunes bio<\/strong> , conditionn\u00e9s en caisses pratiques de 15&nbsp;kg, directement de la ferme Borsellino. <\/p>\n<h4>Pourquoi choisir nos pamplemousses ?<\/h4>\n<p>Nos pamplemousses jaunes biologiques sont cultiv\u00e9s avec amour et respect de l&rsquo;environnement sur les terres fertiles de Sicile. Chaque fruit est soigneusement s\u00e9lectionn\u00e9 pour garantir une fra\u00eecheur maximale et le go\u00fbt unique des pamplemousses siciliens. <\/p>\n<h4>Caract\u00e9ristiques principales :<\/h4>\n<ul>\n<li><strong>Fra\u00eecheur garantie<\/strong>: nos pamplemousses sont cueillis au bon moment pour pr\u00e9server leur fra\u00eecheur et leur go\u00fbt juteux.<\/li>\n<li><strong>100% bio<\/strong>: Cultiv\u00e9s selon des normes biologiques strictes, nos pamplemousses sont exempts de pesticides et de substances nocives.<\/li>\n<li><strong>Un go\u00fbt unique<\/strong>: les pamplemousses de Sicile sont connus pour leur go\u00fbt sucr\u00e9 et l\u00e9g\u00e8rement acidul\u00e9, id\u00e9al pour une pause rafra\u00eechissante au cours de la journ\u00e9e.<\/li>\n<li><strong>Conditionnement pratique<\/strong> : La caisse de 15 kg est id\u00e9ale pour les familles, les restaurants ou toute personne souhaitant avoir toujours \u00e0 disposition des pamplemousses frais et authentiques.<\/li>\n<\/ul>\n<h4>Avantages pour la sant\u00e9 :<\/h4>\n<p>Les pamplemousses jaunes biologiques sont une source naturelle de vitamine C et d&rsquo;antioxydants, qui contribuent au bien-\u00eatre g\u00e9n\u00e9ral et au syst\u00e8me immunitaire.<\/p>\n<h4>Emballage et livraison :<\/h4>\n<p>Nos pamplemousses sont soigneusement emball\u00e9s afin de garantir une livraison en excellent \u00e9tat.<\/p>\n","protected":false},"excerpt":{"rendered":"<p>Bienvenue sur Siciliarance.it, votre destination pour les meilleurs pamplemousses bio de Sicile&nbsp;! Nous sommes ravis de vous pr\u00e9senter nos pamplemousses jaunes bio , conditionn\u00e9s en caisses pratiques de 15&nbsp;kg, directement de la ferme Borsellino. Pourquoi choisir nos pamplemousses ? Nos pamplemousses jaunes biologiques sont cultiv\u00e9s avec amour et respect de l&rsquo;environnement sur les terres fertiles [&hellip;]<\/p>\n","protected":false},"featured_media":560,"comment_status":"open","ping_status":"closed","template":"","meta":[],"product_brand":[],"product_cat":[41],"product_tag":[],"class_list":{"0":"post-686","1":"product","2":"type-product","3":"status-publish","4":"has-post-thumbnail","6":"product_cat-agrumes-de-sicile","8":"first","9":"outofstock","10":"shipping-taxable","11":"purchasable","12":"product-type-simple"},"yoast_head":"<!-- This site is optimized with the Yoast SEO Premium plugin v23.5 (Yoast SEO v23.6) - https:\/\/yoast.com\/wordpress\/plugins\/seo\/ -->\n<title>Pamplemousse jaune biologique 17 kg | Siciliarance.com<\/title>\n<meta name=\"description\" content=\"Achetez des pamplemousses jaunes bio (17 kg) sur Siciliarance.com. Des pamplemousses frais et juteux, issus de l&#039;agriculture biologique en Sicile, parfaits pour une alimentation saine.\" \/>\n<meta name=\"robots\" content=\"index, follow, max-snippet:-1, max-image-preview:large, max-video-preview:-1\" \/>\n<link rel=\"canonical\" href=\"https:\/\/www.siciliarance.com\/fr\/prodotto\/pamplemousse-jaune-biologique-15-kg\/\" \/>\n<meta property=\"og:locale\" content=\"fr_FR\" \/>\n<meta property=\"og:type\" content=\"article\" \/>\n<meta property=\"og:title\" content=\"Pamplemousse jaune biologique - 15 kg\" \/>\n<meta property=\"og:description\" content=\"Achetez des pamplemousses jaunes bio (17 kg) sur Siciliarance.com. Des pamplemousses frais et juteux, issus de l&#039;agriculture biologique en Sicile, parfaits pour une alimentation saine.\" \/>\n<meta property=\"og:url\" content=\"https:\/\/www.siciliarance.com\/fr\/prodotto\/pamplemousse-jaune-biologique-15-kg\/\" \/>\n<meta property=\"og:site_name\" content=\"Siciliarance\" \/>\n<meta property=\"article:modified_time\" content=\"2025-11-16T07:18:03+00:00\" \/>\n<meta property=\"og:image\" content=\"https:\/\/www.siciliarance.com\/wp-content\/uploads\/2024\/05\/pompelmi-gialli-biologici-10-kg.jpg\" \/>\n\t<meta property=\"og:image:width\" content=\"458\" \/>\n\t<meta property=\"og:image:height\" content=\"458\" \/>\n\t<meta property=\"og:image:type\" content=\"image\/jpeg\" \/>\n<meta name=\"twitter:card\" content=\"summary_large_image\" \/>\n<meta name=\"twitter:label1\" content=\"Dur\u00e9e de lecture estim\u00e9e\" \/>\n\t<meta name=\"twitter:data1\" content=\"1 minute\" \/>\n<script type=\"application\/ld+json\" class=\"yoast-schema-graph\">{\"@context\":\"https:\/\/schema.org\",\"@graph\":[{\"@type\":\"WebPage\",\"@id\":\"https:\/\/www.siciliarance.com\/fr\/prodotto\/pamplemousse-jaune-biologique-15-kg\/\",\"url\":\"https:\/\/www.siciliarance.com\/fr\/prodotto\/pamplemousse-jaune-biologique-15-kg\/\",\"name\":\"Pamplemousse jaune biologique 17 kg | Siciliarance.com\",\"isPartOf\":{\"@id\":\"https:\/\/www.siciliarance.com\/fr\/#website\"},\"primaryImageOfPage\":{\"@id\":\"https:\/\/www.siciliarance.com\/fr\/prodotto\/pamplemousse-jaune-biologique-15-kg\/#primaryimage\"},\"image\":{\"@id\":\"https:\/\/www.siciliarance.com\/fr\/prodotto\/pamplemousse-jaune-biologique-15-kg\/#primaryimage\"},\"thumbnailUrl\":\"https:\/\/www.siciliarance.com\/wp-content\/uploads\/2024\/05\/pompelmi-gialli-biologici-10-kg.jpg\",\"datePublished\":\"2024-07-30T08:01:21+00:00\",\"dateModified\":\"2025-11-16T07:18:03+00:00\",\"description\":\"Achetez des pamplemousses jaunes bio (17 kg) sur Siciliarance.com. Des pamplemousses frais et juteux, issus de l'agriculture biologique en Sicile, parfaits pour une alimentation saine.\",\"breadcrumb\":{\"@id\":\"https:\/\/www.siciliarance.com\/fr\/prodotto\/pamplemousse-jaune-biologique-15-kg\/#breadcrumb\"},\"inLanguage\":\"fr-FR\",\"potentialAction\":[{\"@type\":\"ReadAction\",\"target\":[\"https:\/\/www.siciliarance.com\/fr\/prodotto\/pamplemousse-jaune-biologique-15-kg\/\"]}]},{\"@type\":\"ImageObject\",\"inLanguage\":\"fr-FR\",\"@id\":\"https:\/\/www.siciliarance.com\/fr\/prodotto\/pamplemousse-jaune-biologique-15-kg\/#primaryimage\",\"url\":\"https:\/\/www.siciliarance.com\/wp-content\/uploads\/2024\/05\/pompelmi-gialli-biologici-10-kg.jpg\",\"contentUrl\":\"https:\/\/www.siciliarance.com\/wp-content\/uploads\/2024\/05\/pompelmi-gialli-biologici-10-kg.jpg\",\"width\":458,\"height\":458},{\"@type\":\"BreadcrumbList\",\"@id\":\"https:\/\/www.siciliarance.com\/fr\/prodotto\/pamplemousse-jaune-biologique-15-kg\/#breadcrumb\",\"itemListElement\":[{\"@type\":\"ListItem\",\"position\":1,\"name\":\"Home\",\"item\":\"https:\/\/www.siciliarance.com\/fr\/domicile\/\"},{\"@type\":\"ListItem\",\"position\":2,\"name\":\"Boutique\",\"item\":\"https:\/\/www.siciliarance.com\/fr\/boutique\/\"},{\"@type\":\"ListItem\",\"position\":3,\"name\":\"Pamplemousse jaune biologique &#8211; 15 kg\"}]},{\"@type\":\"WebSite\",\"@id\":\"https:\/\/www.siciliarance.com\/fr\/#website\",\"url\":\"https:\/\/www.siciliarance.com\/fr\/\",\"name\":\"Siciliarance\",\"description\":\"Agrumi di ribera\",\"publisher\":{\"@id\":\"https:\/\/www.siciliarance.com\/fr\/#organization\"},\"potentialAction\":[{\"@type\":\"SearchAction\",\"target\":{\"@type\":\"EntryPoint\",\"urlTemplate\":\"https:\/\/www.siciliarance.com\/fr\/?s={search_term_string}\"},\"query-input\":{\"@type\":\"PropertyValueSpecification\",\"valueRequired\":true,\"valueName\":\"search_term_string\"}}],\"inLanguage\":\"fr-FR\"},{\"@type\":\"Organization\",\"@id\":\"https:\/\/www.siciliarance.com\/fr\/#organization\",\"name\":\"Siciliarance\",\"url\":\"https:\/\/www.siciliarance.com\/fr\/\",\"logo\":{\"@type\":\"ImageObject\",\"inLanguage\":\"fr-FR\",\"@id\":\"https:\/\/www.siciliarance.com\/fr\/#\/schema\/logo\/image\/\",\"url\":\"https:\/\/www.siciliarance.com\/wp-content\/uploads\/2024\/08\/logo-definitivo.png\",\"contentUrl\":\"https:\/\/www.siciliarance.com\/wp-content\/uploads\/2024\/08\/logo-definitivo.png\",\"width\":1921,\"height\":482,\"caption\":\"Siciliarance\"},\"image\":{\"@id\":\"https:\/\/www.siciliarance.com\/fr\/#\/schema\/logo\/image\/\"}}]}<\/script>\n<!-- \/ Yoast SEO Premium plugin. -->","yoast_head_json":{"title":"Pamplemousse jaune biologique 17 kg | Siciliarance.com","description":"Achetez des pamplemousses jaunes bio (17 kg) sur Siciliarance.com. Des pamplemousses frais et juteux, issus de l'agriculture biologique en Sicile, parfaits pour une alimentation saine.","robots":{"index":"index","follow":"follow","max-snippet":"max-snippet:-1","max-image-preview":"max-image-preview:large","max-video-preview":"max-video-preview:-1"},"canonical":"https:\/\/www.siciliarance.com\/fr\/prodotto\/pamplemousse-jaune-biologique-15-kg\/","og_locale":"fr_FR","og_type":"article","og_title":"Pamplemousse jaune biologique - 15 kg","og_description":"Achetez des pamplemousses jaunes bio (17 kg) sur Siciliarance.com. Des pamplemousses frais et juteux, issus de l'agriculture biologique en Sicile, parfaits pour une alimentation saine.","og_url":"https:\/\/www.siciliarance.com\/fr\/prodotto\/pamplemousse-jaune-biologique-15-kg\/","og_site_name":"Siciliarance","article_modified_time":"2025-11-16T07:18:03+00:00","og_image":[{"width":458,"height":458,"url":"https:\/\/www.siciliarance.com\/wp-content\/uploads\/2024\/05\/pompelmi-gialli-biologici-10-kg.jpg","type":"image\/jpeg"}],"twitter_card":"summary_large_image","twitter_misc":{"Dur\u00e9e de lecture estim\u00e9e":"1 minute"},"schema":{"@context":"https:\/\/schema.org","@graph":[{"@type":"WebPage","@id":"https:\/\/www.siciliarance.com\/fr\/prodotto\/pamplemousse-jaune-biologique-15-kg\/","url":"https:\/\/www.siciliarance.com\/fr\/prodotto\/pamplemousse-jaune-biologique-15-kg\/","name":"Pamplemousse jaune biologique 17 kg | Siciliarance.com","isPartOf":{"@id":"https:\/\/www.siciliarance.com\/fr\/#website"},"primaryImageOfPage":{"@id":"https:\/\/www.siciliarance.com\/fr\/prodotto\/pamplemousse-jaune-biologique-15-kg\/#primaryimage"},"image":{"@id":"https:\/\/www.siciliarance.com\/fr\/prodotto\/pamplemousse-jaune-biologique-15-kg\/#primaryimage"},"thumbnailUrl":"https:\/\/www.siciliarance.com\/wp-content\/uploads\/2024\/05\/pompelmi-gialli-biologici-10-kg.jpg","datePublished":"2024-07-30T08:01:21+00:00","dateModified":"2025-11-16T07:18:03+00:00","description":"Achetez des pamplemousses jaunes bio (17 kg) sur Siciliarance.com. Des pamplemousses frais et juteux, issus de l'agriculture biologique en Sicile, parfaits pour une alimentation saine.","breadcrumb":{"@id":"https:\/\/www.siciliarance.com\/fr\/prodotto\/pamplemousse-jaune-biologique-15-kg\/#breadcrumb"},"inLanguage":"fr-FR","potentialAction":[{"@type":"ReadAction","target":["https:\/\/www.siciliarance.com\/fr\/prodotto\/pamplemousse-jaune-biologique-15-kg\/"]}]},{"@type":"ImageObject","inLanguage":"fr-FR","@id":"https:\/\/www.siciliarance.com\/fr\/prodotto\/pamplemousse-jaune-biologique-15-kg\/#primaryimage","url":"https:\/\/www.siciliarance.com\/wp-content\/uploads\/2024\/05\/pompelmi-gialli-biologici-10-kg.jpg","contentUrl":"https:\/\/www.siciliarance.com\/wp-content\/uploads\/2024\/05\/pompelmi-gialli-biologici-10-kg.jpg","width":458,"height":458},{"@type":"BreadcrumbList","@id":"https:\/\/www.siciliarance.com\/fr\/prodotto\/pamplemousse-jaune-biologique-15-kg\/#breadcrumb","itemListElement":[{"@type":"ListItem","position":1,"name":"Home","item":"https:\/\/www.siciliarance.com\/fr\/domicile\/"},{"@type":"ListItem","position":2,"name":"Boutique","item":"https:\/\/www.siciliarance.com\/fr\/boutique\/"},{"@type":"ListItem","position":3,"name":"Pamplemousse jaune biologique &#8211; 15 kg"}]},{"@type":"WebSite","@id":"https:\/\/www.siciliarance.com\/fr\/#website","url":"https:\/\/www.siciliarance.com\/fr\/","name":"Siciliarance","description":"Agrumi di ribera","publisher":{"@id":"https:\/\/www.siciliarance.com\/fr\/#organization"},"potentialAction":[{"@type":"SearchAction","target":{"@type":"EntryPoint","urlTemplate":"https:\/\/www.siciliarance.com\/fr\/?s={search_term_string}"},"query-input":{"@type":"PropertyValueSpecification","valueRequired":true,"valueName":"search_term_string"}}],"inLanguage":"fr-FR"},{"@type":"Organization","@id":"https:\/\/www.siciliarance.com\/fr\/#organization","name":"Siciliarance","url":"https:\/\/www.siciliarance.com\/fr\/","logo":{"@type":"ImageObject","inLanguage":"fr-FR","@id":"https:\/\/www.siciliarance.com\/fr\/#\/schema\/logo\/image\/","url":"https:\/\/www.siciliarance.com\/wp-content\/uploads\/2024\/08\/logo-definitivo.png","contentUrl":"https:\/\/www.siciliarance.com\/wp-content\/uploads\/2024\/08\/logo-definitivo.png","width":1921,"height":482,"caption":"Siciliarance"},"image":{"@id":"https:\/\/www.siciliarance.com\/fr\/#\/schema\/logo\/image\/"}}]}},"_links":{"self":[{"href":"https:\/\/www.siciliarance.com\/fr\/wp-json\/wp\/v2\/product\/686","targetHints":{"allow":["GET"]}}],"collection":[{"href":"https:\/\/www.siciliarance.com\/fr\/wp-json\/wp\/v2\/product"}],"about":[{"href":"https:\/\/www.siciliarance.com\/fr\/wp-json\/wp\/v2\/types\/product"}],"replies":[{"embeddable":true,"href":"https:\/\/www.siciliarance.com\/fr\/wp-json\/wp\/v2\/comments?post=686"}],"version-history":[{"count":1,"href":"https:\/\/www.siciliarance.com\/fr\/wp-json\/wp\/v2\/product\/686\/revisions"}],"predecessor-version":[{"id":2366,"href":"https:\/\/www.siciliarance.com\/fr\/wp-json\/wp\/v2\/product\/686\/revisions\/2366"}],"wp:featuredmedia":[{"embeddable":true,"href":"https:\/\/www.siciliarance.com\/fr\/wp-json\/wp\/v2\/media\/560"}],"wp:attachment":[{"href":"https:\/\/www.siciliarance.com\/fr\/wp-json\/wp\/v2\/media?parent=686"}],"wp:term":[{"taxonomy":"product_brand","embeddable":true,"href":"https:\/\/www.siciliarance.com\/fr\/wp-json\/wp\/v2\/product_brand?post=686"},{"taxonomy":"product_cat","embeddable":true,"href":"https:\/\/www.siciliarance.com\/fr\/wp-json\/wp\/v2\/product_cat?post=686"},{"taxonomy":"product_tag","embeddable":true,"href":"https:\/\/www.siciliarance.com\/fr\/wp-json\/wp\/v2\/product_tag?post=686"}],"curies":[{"name":"wp","href":"https:\/\/api.w.org\/{rel}","templated":true}]}}