{"id":1486,"date":"2024-11-20T08:05:57","date_gmt":"2024-11-20T08:05:57","guid":{"rendered":"https:\/\/www.siciliarance.com\/prodotto\/pesto-de-pistaches\/"},"modified":"2024-11-20T08:05:57","modified_gmt":"2024-11-20T08:05:57","slug":"pesto-de-pistaches","status":"publish","type":"product","link":"https:\/\/www.siciliarance.com\/fr\/prodotto\/pesto-de-pistaches\/","title":{"rendered":"Pesto de pistaches"},"content":{"rendered":"<p>Pesto de pistaches Notre pesto de pistaches est un d\u00e9lice pour le palais. Il est fabriqu\u00e9 \u00e0 partir de pistaches siciliennes de haute qualit\u00e9. Chaque pot est fabriqu\u00e9 \u00e0 la main afin de pr\u00e9server leur ar\u00f4me naturel. Parfait pour ceux qui aiment la saveur authentique des produits artisanaux. Ce pesto repr\u00e9sente l&rsquo;essence de la Sicile en une seule cuiller\u00e9e.<\/p>\n","protected":false},"excerpt":{"rendered":"<p>Pesto de pistaches Notre pesto de pistaches est un d\u00e9lice pour le palais. Il est fabriqu\u00e9 \u00e0 partir de pistaches siciliennes de haute qualit\u00e9. Chaque pot est fabriqu\u00e9 \u00e0 la main afin de pr\u00e9server leur ar\u00f4me naturel. Parfait pour ceux qui aiment la saveur authentique des produits artisanaux. Ce pesto repr\u00e9sente l&rsquo;essence de la Sicile [&hellip;]<\/p>\n","protected":false},"featured_media":1042,"comment_status":"open","ping_status":"closed","template":"","meta":[],"product_brand":[],"product_cat":[49],"product_tag":[],"class_list":{"0":"post-1486","1":"product","2":"type-product","3":"status-publish","4":"has-post-thumbnail","6":"product_cat-non-classe","8":"first","9":"instock","10":"shipping-taxable","11":"purchasable","12":"product-type-simple"},"yoast_head":"<!-- This site is optimized with the Yoast SEO Premium plugin v23.5 (Yoast SEO v23.6) - https:\/\/yoast.com\/wordpress\/plugins\/seo\/ -->\n<title>Pesto de pistaches - Siciliarance<\/title>\n<meta name=\"robots\" content=\"index, follow, max-snippet:-1, max-image-preview:large, max-video-preview:-1\" \/>\n<link rel=\"canonical\" href=\"https:\/\/www.siciliarance.com\/fr\/prodotto\/pesto-de-pistaches\/\" \/>\n<meta property=\"og:locale\" content=\"fr_FR\" \/>\n<meta property=\"og:type\" content=\"article\" \/>\n<meta property=\"og:title\" content=\"Pesto de pistaches\" \/>\n<meta property=\"og:description\" content=\"Pesto de pistaches Notre pesto de pistaches est un d\u00e9lice pour le palais. Il est fabriqu\u00e9 \u00e0 partir de pistaches siciliennes de haute qualit\u00e9. Chaque pot est fabriqu\u00e9 \u00e0 la main afin de pr\u00e9server leur ar\u00f4me naturel. Parfait pour ceux qui aiment la saveur authentique des produits artisanaux. Ce pesto repr\u00e9sente l&rsquo;essence de la Sicile [&hellip;]\" \/>\n<meta property=\"og:url\" content=\"https:\/\/www.siciliarance.com\/fr\/prodotto\/pesto-de-pistaches\/\" \/>\n<meta property=\"og:site_name\" content=\"Siciliarance\" \/>\n<meta name=\"twitter:card\" content=\"summary_large_image\" \/>\n<script type=\"application\/ld+json\" class=\"yoast-schema-graph\">{\"@context\":\"https:\/\/schema.org\",\"@graph\":[{\"@type\":\"WebPage\",\"@id\":\"https:\/\/www.siciliarance.com\/fr\/prodotto\/pesto-de-pistaches\/\",\"url\":\"https:\/\/www.siciliarance.com\/fr\/prodotto\/pesto-de-pistaches\/\",\"name\":\"Pesto de pistaches - Siciliarance\",\"isPartOf\":{\"@id\":\"https:\/\/www.siciliarance.com\/fr\/#website\"},\"primaryImageOfPage\":{\"@id\":\"https:\/\/www.siciliarance.com\/fr\/prodotto\/pesto-de-pistaches\/#primaryimage\"},\"image\":{\"@id\":\"https:\/\/www.siciliarance.com\/fr\/prodotto\/pesto-de-pistaches\/#primaryimage\"},\"thumbnailUrl\":\"https:\/\/www.siciliarance.com\/wp-content\/uploads\/2024\/10\/JY3A6807-12-scaled.jpg\",\"datePublished\":\"2024-11-20T08:05:57+00:00\",\"dateModified\":\"2024-11-20T08:05:57+00:00\",\"breadcrumb\":{\"@id\":\"https:\/\/www.siciliarance.com\/fr\/prodotto\/pesto-de-pistaches\/#breadcrumb\"},\"inLanguage\":\"fr-FR\",\"potentialAction\":[{\"@type\":\"ReadAction\",\"target\":[\"https:\/\/www.siciliarance.com\/fr\/prodotto\/pesto-de-pistaches\/\"]}]},{\"@type\":\"ImageObject\",\"inLanguage\":\"fr-FR\",\"@id\":\"https:\/\/www.siciliarance.com\/fr\/prodotto\/pesto-de-pistaches\/#primaryimage\",\"url\":\"https:\/\/www.siciliarance.com\/wp-content\/uploads\/2024\/10\/JY3A6807-12-scaled.jpg\",\"contentUrl\":\"https:\/\/www.siciliarance.com\/wp-content\/uploads\/2024\/10\/JY3A6807-12-scaled.jpg\",\"width\":2560,\"height\":2560},{\"@type\":\"BreadcrumbList\",\"@id\":\"https:\/\/www.siciliarance.com\/fr\/prodotto\/pesto-de-pistaches\/#breadcrumb\",\"itemListElement\":[{\"@type\":\"ListItem\",\"position\":1,\"name\":\"Home\",\"item\":\"https:\/\/www.siciliarance.com\/fr\/domicile\/\"},{\"@type\":\"ListItem\",\"position\":2,\"name\":\"Boutique\",\"item\":\"https:\/\/www.siciliarance.com\/fr\/boutique\/\"},{\"@type\":\"ListItem\",\"position\":3,\"name\":\"Pesto de pistaches\"}]},{\"@type\":\"WebSite\",\"@id\":\"https:\/\/www.siciliarance.com\/fr\/#website\",\"url\":\"https:\/\/www.siciliarance.com\/fr\/\",\"name\":\"Siciliarance\",\"description\":\"Agrumi di ribera\",\"publisher\":{\"@id\":\"https:\/\/www.siciliarance.com\/fr\/#organization\"},\"potentialAction\":[{\"@type\":\"SearchAction\",\"target\":{\"@type\":\"EntryPoint\",\"urlTemplate\":\"https:\/\/www.siciliarance.com\/fr\/?s={search_term_string}\"},\"query-input\":{\"@type\":\"PropertyValueSpecification\",\"valueRequired\":true,\"valueName\":\"search_term_string\"}}],\"inLanguage\":\"fr-FR\"},{\"@type\":\"Organization\",\"@id\":\"https:\/\/www.siciliarance.com\/fr\/#organization\",\"name\":\"Siciliarance\",\"url\":\"https:\/\/www.siciliarance.com\/fr\/\",\"logo\":{\"@type\":\"ImageObject\",\"inLanguage\":\"fr-FR\",\"@id\":\"https:\/\/www.siciliarance.com\/fr\/#\/schema\/logo\/image\/\",\"url\":\"https:\/\/www.siciliarance.com\/wp-content\/uploads\/2024\/08\/logo-definitivo.png\",\"contentUrl\":\"https:\/\/www.siciliarance.com\/wp-content\/uploads\/2024\/08\/logo-definitivo.png\",\"width\":1921,\"height\":482,\"caption\":\"Siciliarance\"},\"image\":{\"@id\":\"https:\/\/www.siciliarance.com\/fr\/#\/schema\/logo\/image\/\"}}]}<\/script>\n<!-- \/ Yoast SEO Premium plugin. -->","yoast_head_json":{"title":"Pesto de pistaches - Siciliarance","robots":{"index":"index","follow":"follow","max-snippet":"max-snippet:-1","max-image-preview":"max-image-preview:large","max-video-preview":"max-video-preview:-1"},"canonical":"https:\/\/www.siciliarance.com\/fr\/prodotto\/pesto-de-pistaches\/","og_locale":"fr_FR","og_type":"article","og_title":"Pesto de pistaches","og_description":"Pesto de pistaches Notre pesto de pistaches est un d\u00e9lice pour le palais. Il est fabriqu\u00e9 \u00e0 partir de pistaches siciliennes de haute qualit\u00e9. Chaque pot est fabriqu\u00e9 \u00e0 la main afin de pr\u00e9server leur ar\u00f4me naturel. Parfait pour ceux qui aiment la saveur authentique des produits artisanaux. Ce pesto repr\u00e9sente l&rsquo;essence de la Sicile [&hellip;]","og_url":"https:\/\/www.siciliarance.com\/fr\/prodotto\/pesto-de-pistaches\/","og_site_name":"Siciliarance","twitter_card":"summary_large_image","schema":{"@context":"https:\/\/schema.org","@graph":[{"@type":"WebPage","@id":"https:\/\/www.siciliarance.com\/fr\/prodotto\/pesto-de-pistaches\/","url":"https:\/\/www.siciliarance.com\/fr\/prodotto\/pesto-de-pistaches\/","name":"Pesto de pistaches - Siciliarance","isPartOf":{"@id":"https:\/\/www.siciliarance.com\/fr\/#website"},"primaryImageOfPage":{"@id":"https:\/\/www.siciliarance.com\/fr\/prodotto\/pesto-de-pistaches\/#primaryimage"},"image":{"@id":"https:\/\/www.siciliarance.com\/fr\/prodotto\/pesto-de-pistaches\/#primaryimage"},"thumbnailUrl":"https:\/\/www.siciliarance.com\/wp-content\/uploads\/2024\/10\/JY3A6807-12-scaled.jpg","datePublished":"2024-11-20T08:05:57+00:00","dateModified":"2024-11-20T08:05:57+00:00","breadcrumb":{"@id":"https:\/\/www.siciliarance.com\/fr\/prodotto\/pesto-de-pistaches\/#breadcrumb"},"inLanguage":"fr-FR","potentialAction":[{"@type":"ReadAction","target":["https:\/\/www.siciliarance.com\/fr\/prodotto\/pesto-de-pistaches\/"]}]},{"@type":"ImageObject","inLanguage":"fr-FR","@id":"https:\/\/www.siciliarance.com\/fr\/prodotto\/pesto-de-pistaches\/#primaryimage","url":"https:\/\/www.siciliarance.com\/wp-content\/uploads\/2024\/10\/JY3A6807-12-scaled.jpg","contentUrl":"https:\/\/www.siciliarance.com\/wp-content\/uploads\/2024\/10\/JY3A6807-12-scaled.jpg","width":2560,"height":2560},{"@type":"BreadcrumbList","@id":"https:\/\/www.siciliarance.com\/fr\/prodotto\/pesto-de-pistaches\/#breadcrumb","itemListElement":[{"@type":"ListItem","position":1,"name":"Home","item":"https:\/\/www.siciliarance.com\/fr\/domicile\/"},{"@type":"ListItem","position":2,"name":"Boutique","item":"https:\/\/www.siciliarance.com\/fr\/boutique\/"},{"@type":"ListItem","position":3,"name":"Pesto de pistaches"}]},{"@type":"WebSite","@id":"https:\/\/www.siciliarance.com\/fr\/#website","url":"https:\/\/www.siciliarance.com\/fr\/","name":"Siciliarance","description":"Agrumi di ribera","publisher":{"@id":"https:\/\/www.siciliarance.com\/fr\/#organization"},"potentialAction":[{"@type":"SearchAction","target":{"@type":"EntryPoint","urlTemplate":"https:\/\/www.siciliarance.com\/fr\/?s={search_term_string}"},"query-input":{"@type":"PropertyValueSpecification","valueRequired":true,"valueName":"search_term_string"}}],"inLanguage":"fr-FR"},{"@type":"Organization","@id":"https:\/\/www.siciliarance.com\/fr\/#organization","name":"Siciliarance","url":"https:\/\/www.siciliarance.com\/fr\/","logo":{"@type":"ImageObject","inLanguage":"fr-FR","@id":"https:\/\/www.siciliarance.com\/fr\/#\/schema\/logo\/image\/","url":"https:\/\/www.siciliarance.com\/wp-content\/uploads\/2024\/08\/logo-definitivo.png","contentUrl":"https:\/\/www.siciliarance.com\/wp-content\/uploads\/2024\/08\/logo-definitivo.png","width":1921,"height":482,"caption":"Siciliarance"},"image":{"@id":"https:\/\/www.siciliarance.com\/fr\/#\/schema\/logo\/image\/"}}]}},"_links":{"self":[{"href":"https:\/\/www.siciliarance.com\/fr\/wp-json\/wp\/v2\/product\/1486","targetHints":{"allow":["GET"]}}],"collection":[{"href":"https:\/\/www.siciliarance.com\/fr\/wp-json\/wp\/v2\/product"}],"about":[{"href":"https:\/\/www.siciliarance.com\/fr\/wp-json\/wp\/v2\/types\/product"}],"replies":[{"embeddable":true,"href":"https:\/\/www.siciliarance.com\/fr\/wp-json\/wp\/v2\/comments?post=1486"}],"version-history":[{"count":0,"href":"https:\/\/www.siciliarance.com\/fr\/wp-json\/wp\/v2\/product\/1486\/revisions"}],"wp:featuredmedia":[{"embeddable":true,"href":"https:\/\/www.siciliarance.com\/fr\/wp-json\/wp\/v2\/media\/1042"}],"wp:attachment":[{"href":"https:\/\/www.siciliarance.com\/fr\/wp-json\/wp\/v2\/media?parent=1486"}],"wp:term":[{"taxonomy":"product_brand","embeddable":true,"href":"https:\/\/www.siciliarance.com\/fr\/wp-json\/wp\/v2\/product_brand?post=1486"},{"taxonomy":"product_cat","embeddable":true,"href":"https:\/\/www.siciliarance.com\/fr\/wp-json\/wp\/v2\/product_cat?post=1486"},{"taxonomy":"product_tag","embeddable":true,"href":"https:\/\/www.siciliarance.com\/fr\/wp-json\/wp\/v2\/product_tag?post=1486"}],"curies":[{"name":"wp","href":"https:\/\/api.w.org\/{rel}","templated":true}]}}