{"id":1436,"date":"2024-11-19T14:30:04","date_gmt":"2024-11-19T14:30:04","guid":{"rendered":"https:\/\/www.siciliarance.com\/prodotto\/milele-eucalyptus-ape-nera-sicula-500g\/"},"modified":"2024-11-19T14:30:04","modified_gmt":"2024-11-19T14:30:04","slug":"milele-eucalyptus-ape-nera-sicula-500g","status":"publish","type":"product","link":"https:\/\/www.siciliarance.com\/fr\/prodotto\/milele-eucalyptus-ape-nera-sicula-500g\/","title":{"rendered":"Milele Eucalyptus &#8211; Ape nera sicula 500g"},"content":{"rendered":"<p>Notre miel d&rsquo;eucalyptus de Sicile est un authentique joyau de la nature, soigneusement r\u00e9colt\u00e9 par les abeilles noires de Sicile, une esp\u00e8ce indig\u00e8ne prot\u00e9g\u00e9e. Avec une saveur intense et des notes aromatiques balsamiques, ce miel est id\u00e9al pour ceux qui recherchent des saveurs fortes et des bienfaits pour la gorge et les voies respiratoires. Il est id\u00e9al pour accompagner les fromages affin\u00e9s ou comme \u00e9dulcorant naturel dans les tisanes.  <\/p>\n","protected":false},"excerpt":{"rendered":"<p>Notre miel d&rsquo;eucalyptus de Sicile est un authentique joyau de la nature, soigneusement r\u00e9colt\u00e9 par les abeilles noires de Sicile, une esp\u00e8ce indig\u00e8ne prot\u00e9g\u00e9e. Avec une saveur intense et des notes aromatiques balsamiques, ce miel est id\u00e9al pour ceux qui recherchent des saveurs fortes et des bienfaits pour la gorge et les voies respiratoires. Il [&hellip;]<\/p>\n","protected":false},"featured_media":1446,"comment_status":"open","ping_status":"closed","template":"","meta":[],"product_brand":[],"product_cat":[43],"product_tag":[],"class_list":{"0":"post-1436","1":"product","2":"type-product","3":"status-publish","4":"has-post-thumbnail","6":"product_cat-produits-typiques-de-la-sicile","8":"first","9":"instock","10":"shipping-taxable","11":"purchasable","12":"product-type-simple"},"yoast_head":"<!-- This site is optimized with the Yoast SEO Premium plugin v23.5 (Yoast SEO v23.6) - https:\/\/yoast.com\/wordpress\/plugins\/seo\/ -->\n<title>Miel d&#039;eucalyptus de Sicile de Ape Nera Sicula<\/title>\n<meta name=\"description\" content=\"D\u00e9couvrez le miel d&#039;eucalyptus de Sicile de l&#039;Ape Nera Sicula, un miel \u00e0 la saveur intense et aux notes balsamiques. Id\u00e9al pour les fromages affin\u00e9s et les tisanes.\" \/>\n<meta name=\"robots\" content=\"index, follow, max-snippet:-1, max-image-preview:large, max-video-preview:-1\" \/>\n<link rel=\"canonical\" href=\"https:\/\/www.siciliarance.com\/fr\/prodotto\/milele-eucalyptus-ape-nera-sicula-500g\/\" \/>\n<meta property=\"og:locale\" content=\"fr_FR\" \/>\n<meta property=\"og:type\" content=\"article\" \/>\n<meta property=\"og:title\" content=\"Milele Eucalyptus - Ape nera sicula 500g\" \/>\n<meta property=\"og:description\" content=\"D\u00e9couvrez le miel d&#039;eucalyptus de Sicile de l&#039;Ape Nera Sicula, un miel \u00e0 la saveur intense et aux notes balsamiques. Id\u00e9al pour les fromages affin\u00e9s et les tisanes.\" \/>\n<meta property=\"og:url\" content=\"https:\/\/www.siciliarance.com\/fr\/prodotto\/milele-eucalyptus-ape-nera-sicula-500g\/\" \/>\n<meta property=\"og:site_name\" content=\"Siciliarance\" \/>\n<meta name=\"twitter:card\" content=\"summary_large_image\" \/>\n<script type=\"application\/ld+json\" class=\"yoast-schema-graph\">{\"@context\":\"https:\/\/schema.org\",\"@graph\":[{\"@type\":\"WebPage\",\"@id\":\"https:\/\/www.siciliarance.com\/fr\/prodotto\/milele-eucalyptus-ape-nera-sicula-500g\/\",\"url\":\"https:\/\/www.siciliarance.com\/fr\/prodotto\/milele-eucalyptus-ape-nera-sicula-500g\/\",\"name\":\"Miel d'eucalyptus de Sicile de Ape Nera Sicula\",\"isPartOf\":{\"@id\":\"https:\/\/www.siciliarance.com\/fr\/#website\"},\"primaryImageOfPage\":{\"@id\":\"https:\/\/www.siciliarance.com\/fr\/prodotto\/milele-eucalyptus-ape-nera-sicula-500g\/#primaryimage\"},\"image\":{\"@id\":\"https:\/\/www.siciliarance.com\/fr\/prodotto\/milele-eucalyptus-ape-nera-sicula-500g\/#primaryimage\"},\"thumbnailUrl\":\"https:\/\/www.siciliarance.com\/wp-content\/uploads\/2024\/11\/eucalipto.png\",\"datePublished\":\"2024-11-19T14:30:04+00:00\",\"dateModified\":\"2024-11-19T14:30:04+00:00\",\"description\":\"D\u00e9couvrez le miel d'eucalyptus de Sicile de l'Ape Nera Sicula, un miel \u00e0 la saveur intense et aux notes balsamiques. Id\u00e9al pour les fromages affin\u00e9s et les tisanes.\",\"breadcrumb\":{\"@id\":\"https:\/\/www.siciliarance.com\/fr\/prodotto\/milele-eucalyptus-ape-nera-sicula-500g\/#breadcrumb\"},\"inLanguage\":\"fr-FR\",\"potentialAction\":[{\"@type\":\"ReadAction\",\"target\":[\"https:\/\/www.siciliarance.com\/fr\/prodotto\/milele-eucalyptus-ape-nera-sicula-500g\/\"]}]},{\"@type\":\"ImageObject\",\"inLanguage\":\"fr-FR\",\"@id\":\"https:\/\/www.siciliarance.com\/fr\/prodotto\/milele-eucalyptus-ape-nera-sicula-500g\/#primaryimage\",\"url\":\"https:\/\/www.siciliarance.com\/wp-content\/uploads\/2024\/11\/eucalipto.png\",\"contentUrl\":\"https:\/\/www.siciliarance.com\/wp-content\/uploads\/2024\/11\/eucalipto.png\",\"width\":1080,\"height\":1080},{\"@type\":\"BreadcrumbList\",\"@id\":\"https:\/\/www.siciliarance.com\/fr\/prodotto\/milele-eucalyptus-ape-nera-sicula-500g\/#breadcrumb\",\"itemListElement\":[{\"@type\":\"ListItem\",\"position\":1,\"name\":\"Home\",\"item\":\"https:\/\/www.siciliarance.com\/fr\/domicile\/\"},{\"@type\":\"ListItem\",\"position\":2,\"name\":\"Boutique\",\"item\":\"https:\/\/www.siciliarance.com\/fr\/boutique\/\"},{\"@type\":\"ListItem\",\"position\":3,\"name\":\"Milele Eucalyptus &#8211; Ape nera sicula 500g\"}]},{\"@type\":\"WebSite\",\"@id\":\"https:\/\/www.siciliarance.com\/fr\/#website\",\"url\":\"https:\/\/www.siciliarance.com\/fr\/\",\"name\":\"Siciliarance\",\"description\":\"Agrumi di ribera\",\"publisher\":{\"@id\":\"https:\/\/www.siciliarance.com\/fr\/#organization\"},\"potentialAction\":[{\"@type\":\"SearchAction\",\"target\":{\"@type\":\"EntryPoint\",\"urlTemplate\":\"https:\/\/www.siciliarance.com\/fr\/?s={search_term_string}\"},\"query-input\":{\"@type\":\"PropertyValueSpecification\",\"valueRequired\":true,\"valueName\":\"search_term_string\"}}],\"inLanguage\":\"fr-FR\"},{\"@type\":\"Organization\",\"@id\":\"https:\/\/www.siciliarance.com\/fr\/#organization\",\"name\":\"Siciliarance\",\"url\":\"https:\/\/www.siciliarance.com\/fr\/\",\"logo\":{\"@type\":\"ImageObject\",\"inLanguage\":\"fr-FR\",\"@id\":\"https:\/\/www.siciliarance.com\/fr\/#\/schema\/logo\/image\/\",\"url\":\"https:\/\/www.siciliarance.com\/wp-content\/uploads\/2024\/08\/logo-definitivo.png\",\"contentUrl\":\"https:\/\/www.siciliarance.com\/wp-content\/uploads\/2024\/08\/logo-definitivo.png\",\"width\":1921,\"height\":482,\"caption\":\"Siciliarance\"},\"image\":{\"@id\":\"https:\/\/www.siciliarance.com\/fr\/#\/schema\/logo\/image\/\"}}]}<\/script>\n<!-- \/ Yoast SEO Premium plugin. -->","yoast_head_json":{"title":"Miel d'eucalyptus de Sicile de Ape Nera Sicula","description":"D\u00e9couvrez le miel d'eucalyptus de Sicile de l'Ape Nera Sicula, un miel \u00e0 la saveur intense et aux notes balsamiques. Id\u00e9al pour les fromages affin\u00e9s et les tisanes.","robots":{"index":"index","follow":"follow","max-snippet":"max-snippet:-1","max-image-preview":"max-image-preview:large","max-video-preview":"max-video-preview:-1"},"canonical":"https:\/\/www.siciliarance.com\/fr\/prodotto\/milele-eucalyptus-ape-nera-sicula-500g\/","og_locale":"fr_FR","og_type":"article","og_title":"Milele Eucalyptus - Ape nera sicula 500g","og_description":"D\u00e9couvrez le miel d'eucalyptus de Sicile de l'Ape Nera Sicula, un miel \u00e0 la saveur intense et aux notes balsamiques. Id\u00e9al pour les fromages affin\u00e9s et les tisanes.","og_url":"https:\/\/www.siciliarance.com\/fr\/prodotto\/milele-eucalyptus-ape-nera-sicula-500g\/","og_site_name":"Siciliarance","twitter_card":"summary_large_image","schema":{"@context":"https:\/\/schema.org","@graph":[{"@type":"WebPage","@id":"https:\/\/www.siciliarance.com\/fr\/prodotto\/milele-eucalyptus-ape-nera-sicula-500g\/","url":"https:\/\/www.siciliarance.com\/fr\/prodotto\/milele-eucalyptus-ape-nera-sicula-500g\/","name":"Miel d'eucalyptus de Sicile de Ape Nera Sicula","isPartOf":{"@id":"https:\/\/www.siciliarance.com\/fr\/#website"},"primaryImageOfPage":{"@id":"https:\/\/www.siciliarance.com\/fr\/prodotto\/milele-eucalyptus-ape-nera-sicula-500g\/#primaryimage"},"image":{"@id":"https:\/\/www.siciliarance.com\/fr\/prodotto\/milele-eucalyptus-ape-nera-sicula-500g\/#primaryimage"},"thumbnailUrl":"https:\/\/www.siciliarance.com\/wp-content\/uploads\/2024\/11\/eucalipto.png","datePublished":"2024-11-19T14:30:04+00:00","dateModified":"2024-11-19T14:30:04+00:00","description":"D\u00e9couvrez le miel d'eucalyptus de Sicile de l'Ape Nera Sicula, un miel \u00e0 la saveur intense et aux notes balsamiques. Id\u00e9al pour les fromages affin\u00e9s et les tisanes.","breadcrumb":{"@id":"https:\/\/www.siciliarance.com\/fr\/prodotto\/milele-eucalyptus-ape-nera-sicula-500g\/#breadcrumb"},"inLanguage":"fr-FR","potentialAction":[{"@type":"ReadAction","target":["https:\/\/www.siciliarance.com\/fr\/prodotto\/milele-eucalyptus-ape-nera-sicula-500g\/"]}]},{"@type":"ImageObject","inLanguage":"fr-FR","@id":"https:\/\/www.siciliarance.com\/fr\/prodotto\/milele-eucalyptus-ape-nera-sicula-500g\/#primaryimage","url":"https:\/\/www.siciliarance.com\/wp-content\/uploads\/2024\/11\/eucalipto.png","contentUrl":"https:\/\/www.siciliarance.com\/wp-content\/uploads\/2024\/11\/eucalipto.png","width":1080,"height":1080},{"@type":"BreadcrumbList","@id":"https:\/\/www.siciliarance.com\/fr\/prodotto\/milele-eucalyptus-ape-nera-sicula-500g\/#breadcrumb","itemListElement":[{"@type":"ListItem","position":1,"name":"Home","item":"https:\/\/www.siciliarance.com\/fr\/domicile\/"},{"@type":"ListItem","position":2,"name":"Boutique","item":"https:\/\/www.siciliarance.com\/fr\/boutique\/"},{"@type":"ListItem","position":3,"name":"Milele Eucalyptus &#8211; Ape nera sicula 500g"}]},{"@type":"WebSite","@id":"https:\/\/www.siciliarance.com\/fr\/#website","url":"https:\/\/www.siciliarance.com\/fr\/","name":"Siciliarance","description":"Agrumi di ribera","publisher":{"@id":"https:\/\/www.siciliarance.com\/fr\/#organization"},"potentialAction":[{"@type":"SearchAction","target":{"@type":"EntryPoint","urlTemplate":"https:\/\/www.siciliarance.com\/fr\/?s={search_term_string}"},"query-input":{"@type":"PropertyValueSpecification","valueRequired":true,"valueName":"search_term_string"}}],"inLanguage":"fr-FR"},{"@type":"Organization","@id":"https:\/\/www.siciliarance.com\/fr\/#organization","name":"Siciliarance","url":"https:\/\/www.siciliarance.com\/fr\/","logo":{"@type":"ImageObject","inLanguage":"fr-FR","@id":"https:\/\/www.siciliarance.com\/fr\/#\/schema\/logo\/image\/","url":"https:\/\/www.siciliarance.com\/wp-content\/uploads\/2024\/08\/logo-definitivo.png","contentUrl":"https:\/\/www.siciliarance.com\/wp-content\/uploads\/2024\/08\/logo-definitivo.png","width":1921,"height":482,"caption":"Siciliarance"},"image":{"@id":"https:\/\/www.siciliarance.com\/fr\/#\/schema\/logo\/image\/"}}]}},"_links":{"self":[{"href":"https:\/\/www.siciliarance.com\/fr\/wp-json\/wp\/v2\/product\/1436","targetHints":{"allow":["GET"]}}],"collection":[{"href":"https:\/\/www.siciliarance.com\/fr\/wp-json\/wp\/v2\/product"}],"about":[{"href":"https:\/\/www.siciliarance.com\/fr\/wp-json\/wp\/v2\/types\/product"}],"replies":[{"embeddable":true,"href":"https:\/\/www.siciliarance.com\/fr\/wp-json\/wp\/v2\/comments?post=1436"}],"version-history":[{"count":0,"href":"https:\/\/www.siciliarance.com\/fr\/wp-json\/wp\/v2\/product\/1436\/revisions"}],"wp:featuredmedia":[{"embeddable":true,"href":"https:\/\/www.siciliarance.com\/fr\/wp-json\/wp\/v2\/media\/1446"}],"wp:attachment":[{"href":"https:\/\/www.siciliarance.com\/fr\/wp-json\/wp\/v2\/media?parent=1436"}],"wp:term":[{"taxonomy":"product_brand","embeddable":true,"href":"https:\/\/www.siciliarance.com\/fr\/wp-json\/wp\/v2\/product_brand?post=1436"},{"taxonomy":"product_cat","embeddable":true,"href":"https:\/\/www.siciliarance.com\/fr\/wp-json\/wp\/v2\/product_cat?post=1436"},{"taxonomy":"product_tag","embeddable":true,"href":"https:\/\/www.siciliarance.com\/fr\/wp-json\/wp\/v2\/product_tag?post=1436"}],"curies":[{"name":"wp","href":"https:\/\/api.w.org\/{rel}","templated":true}]}}