{"id":1065,"date":"2024-10-24T08:03:43","date_gmt":"2024-10-24T08:03:43","guid":{"rendered":"https:\/\/www.siciliarance.com\/prodotto\/marmelade-de-citron-bio\/"},"modified":"2024-10-24T08:03:43","modified_gmt":"2024-10-24T08:03:43","slug":"marmelade-de-citron-bio","status":"publish","type":"product","link":"https:\/\/www.siciliarance.com\/fr\/prodotto\/marmelade-de-citron-bio\/","title":{"rendered":"Marmelade de citron bio"},"content":{"rendered":"<p>F<strong>ra\u00eecheur et go\u00fbt des citrons de Sicile<\/strong> Notre<em>marmelade de citrons biologiques<\/em> est une explosion de fra\u00eecheur, fabriqu\u00e9e \u00e0 partir de citrons biologiques de Sicile cueillis \u00e0 pleine maturit\u00e9. Chaque pot renferme le parfum et la saveur incomparables des citrons de Sicile, cultiv\u00e9s sans pesticides et trait\u00e9s \u00e0 la main pour garantir une qualit\u00e9 optimale. Parfaite pour ceux qui recherchent un produit naturel et authentique, cette marmelade est id\u00e9ale pour ajouter une touche d&rsquo;agrumes \u00e0 votre journ\u00e9e.<br \/>\nI <strong>ngr\u00e9dients simples et naturels<\/strong> Notre confiture est fabriqu\u00e9e \u00e0 partir d&rsquo;ingr\u00e9dients essentiels et naturels : uniquement des<em>citrons biologiques<\/em>, du sucre de canne et une petite quantit\u00e9 de jus de citron pour intensifier la saveur. Il n&rsquo;y a pas de conservateurs, de colorants ou d&rsquo;additifs artificiels, pour un produit sain et savoureux qui met en valeur la saveur authentique des citrons siciliens.<br \/>\nP <strong>arfaite pour les petits d\u00e9jeuners, les desserts et les recettes sal\u00e9es<\/strong> La marmelade de citron est parfaite pour enrichir votre petit d\u00e9jeuner : tartinez-en une cuill\u00e8re sur du pain complet ou des biscottes pour un r\u00e9veil \u00e9nergique et riche en vitamine C. Elle est l&rsquo;ingr\u00e9dient id\u00e9al pour les tartelettes et les tartes. Elle est l&rsquo;ingr\u00e9dient id\u00e9al pour les tartes, les g\u00e2teaux et les biscuits maison, ou pour garnir les panna cotta et les yaourts. Elle permet \u00e9galement de cr\u00e9er des associations gourmandes gr\u00e2ce \u00e0 sa saveur fra\u00eeche et l\u00e9g\u00e8rement am\u00e8re.<br \/>\nS <strong>uggestions d&rsquo;utilisation<\/strong> Si vous voulez impressionner vos invit\u00e9s, essayez d&rsquo;utiliser la<em>marmelade de citron biologique<\/em> pour accompagner les fromages frais ou cr\u00e9meux, ou pour mariner les viandes blanches et les poissons, en leur donnant une touche d&rsquo;agrume unique. Vous pouvez \u00e9galement l&rsquo;ajouter comme ingr\u00e9dient dans des sauces aigre-douces pour donner une saveur originale \u00e0 vos plats pr\u00e9f\u00e9r\u00e9s.  <\/p>\n","protected":false},"excerpt":{"rendered":"<p>Fra\u00eecheur et go\u00fbt des citrons de Sicile Notremarmelade de citrons biologiques est une explosion de fra\u00eecheur, fabriqu\u00e9e \u00e0 partir de citrons biologiques de Sicile cueillis \u00e0 pleine maturit\u00e9. Chaque pot renferme le parfum et la saveur incomparables des citrons de Sicile, cultiv\u00e9s sans pesticides et trait\u00e9s \u00e0 la main pour garantir une qualit\u00e9 optimale. Parfaite [&hellip;]<\/p>\n","protected":false},"featured_media":1028,"comment_status":"open","ping_status":"closed","template":"","meta":[],"product_brand":[],"product_cat":[43],"product_tag":[],"class_list":{"0":"post-1065","1":"product","2":"type-product","3":"status-publish","4":"has-post-thumbnail","6":"product_cat-produits-typiques-de-la-sicile","8":"first","9":"instock","10":"shipping-taxable","11":"purchasable","12":"product-type-simple"},"yoast_head":"<!-- This site is optimized with the Yoast SEO Premium plugin v23.5 (Yoast SEO v23.6) - https:\/\/yoast.com\/wordpress\/plugins\/seo\/ -->\n<title>Marmelade de citron bio de Sicile | SiciliaRance<\/title>\n<meta name=\"description\" content=\"Achetez la marmelade de citrons biologiques de Sicile. Uniquement des citrons biologiques de haute qualit\u00e9 pour un go\u00fbt frais et naturel. Go\u00fbtez au soleil de la Sicile !\" \/>\n<meta name=\"robots\" content=\"index, follow, max-snippet:-1, max-image-preview:large, max-video-preview:-1\" \/>\n<link rel=\"canonical\" href=\"https:\/\/www.siciliarance.com\/fr\/prodotto\/marmelade-de-citron-bio\/\" \/>\n<meta property=\"og:locale\" content=\"fr_FR\" \/>\n<meta property=\"og:type\" content=\"article\" \/>\n<meta property=\"og:title\" content=\"Marmelade de citron bio\" \/>\n<meta property=\"og:description\" content=\"Achetez la marmelade de citrons biologiques de Sicile. Uniquement des citrons biologiques de haute qualit\u00e9 pour un go\u00fbt frais et naturel. Go\u00fbtez au soleil de la Sicile !\" \/>\n<meta property=\"og:url\" content=\"https:\/\/www.siciliarance.com\/fr\/prodotto\/marmelade-de-citron-bio\/\" \/>\n<meta property=\"og:site_name\" content=\"Siciliarance\" \/>\n<meta property=\"og:image\" content=\"https:\/\/www.siciliarance.com\/wp-content\/uploads\/2024\/10\/JY3A6846-15-scaled.jpg\" \/>\n\t<meta property=\"og:image:width\" content=\"2560\" \/>\n\t<meta property=\"og:image:height\" content=\"2560\" \/>\n\t<meta property=\"og:image:type\" content=\"image\/jpeg\" \/>\n<meta name=\"twitter:card\" content=\"summary_large_image\" \/>\n<meta name=\"twitter:label1\" content=\"Dur\u00e9e de lecture estim\u00e9e\" \/>\n\t<meta name=\"twitter:data1\" content=\"2 minutes\" \/>\n<script type=\"application\/ld+json\" class=\"yoast-schema-graph\">{\"@context\":\"https:\/\/schema.org\",\"@graph\":[{\"@type\":\"WebPage\",\"@id\":\"https:\/\/www.siciliarance.com\/fr\/prodotto\/marmelade-de-citron-bio\/\",\"url\":\"https:\/\/www.siciliarance.com\/fr\/prodotto\/marmelade-de-citron-bio\/\",\"name\":\"Marmelade de citron bio de Sicile | SiciliaRance\",\"isPartOf\":{\"@id\":\"https:\/\/www.siciliarance.com\/fr\/#website\"},\"primaryImageOfPage\":{\"@id\":\"https:\/\/www.siciliarance.com\/fr\/prodotto\/marmelade-de-citron-bio\/#primaryimage\"},\"image\":{\"@id\":\"https:\/\/www.siciliarance.com\/fr\/prodotto\/marmelade-de-citron-bio\/#primaryimage\"},\"thumbnailUrl\":\"https:\/\/www.siciliarance.com\/wp-content\/uploads\/2024\/10\/JY3A6846-15-scaled.jpg\",\"datePublished\":\"2024-10-24T08:03:43+00:00\",\"dateModified\":\"2024-10-24T08:03:43+00:00\",\"description\":\"Achetez la marmelade de citrons biologiques de Sicile. Uniquement des citrons biologiques de haute qualit\u00e9 pour un go\u00fbt frais et naturel. Go\u00fbtez au soleil de la Sicile !\",\"breadcrumb\":{\"@id\":\"https:\/\/www.siciliarance.com\/fr\/prodotto\/marmelade-de-citron-bio\/#breadcrumb\"},\"inLanguage\":\"fr-FR\",\"potentialAction\":[{\"@type\":\"ReadAction\",\"target\":[\"https:\/\/www.siciliarance.com\/fr\/prodotto\/marmelade-de-citron-bio\/\"]}]},{\"@type\":\"ImageObject\",\"inLanguage\":\"fr-FR\",\"@id\":\"https:\/\/www.siciliarance.com\/fr\/prodotto\/marmelade-de-citron-bio\/#primaryimage\",\"url\":\"https:\/\/www.siciliarance.com\/wp-content\/uploads\/2024\/10\/JY3A6846-15-scaled.jpg\",\"contentUrl\":\"https:\/\/www.siciliarance.com\/wp-content\/uploads\/2024\/10\/JY3A6846-15-scaled.jpg\",\"width\":2560,\"height\":2560},{\"@type\":\"BreadcrumbList\",\"@id\":\"https:\/\/www.siciliarance.com\/fr\/prodotto\/marmelade-de-citron-bio\/#breadcrumb\",\"itemListElement\":[{\"@type\":\"ListItem\",\"position\":1,\"name\":\"Home\",\"item\":\"https:\/\/www.siciliarance.com\/fr\/domicile\/\"},{\"@type\":\"ListItem\",\"position\":2,\"name\":\"Boutique\",\"item\":\"https:\/\/www.siciliarance.com\/fr\/boutique\/\"},{\"@type\":\"ListItem\",\"position\":3,\"name\":\"Marmelade de citron bio\"}]},{\"@type\":\"WebSite\",\"@id\":\"https:\/\/www.siciliarance.com\/fr\/#website\",\"url\":\"https:\/\/www.siciliarance.com\/fr\/\",\"name\":\"Siciliarance\",\"description\":\"Agrumi di ribera\",\"publisher\":{\"@id\":\"https:\/\/www.siciliarance.com\/fr\/#organization\"},\"potentialAction\":[{\"@type\":\"SearchAction\",\"target\":{\"@type\":\"EntryPoint\",\"urlTemplate\":\"https:\/\/www.siciliarance.com\/fr\/?s={search_term_string}\"},\"query-input\":{\"@type\":\"PropertyValueSpecification\",\"valueRequired\":true,\"valueName\":\"search_term_string\"}}],\"inLanguage\":\"fr-FR\"},{\"@type\":\"Organization\",\"@id\":\"https:\/\/www.siciliarance.com\/fr\/#organization\",\"name\":\"Siciliarance\",\"url\":\"https:\/\/www.siciliarance.com\/fr\/\",\"logo\":{\"@type\":\"ImageObject\",\"inLanguage\":\"fr-FR\",\"@id\":\"https:\/\/www.siciliarance.com\/fr\/#\/schema\/logo\/image\/\",\"url\":\"https:\/\/www.siciliarance.com\/wp-content\/uploads\/2024\/08\/logo-definitivo.png\",\"contentUrl\":\"https:\/\/www.siciliarance.com\/wp-content\/uploads\/2024\/08\/logo-definitivo.png\",\"width\":1921,\"height\":482,\"caption\":\"Siciliarance\"},\"image\":{\"@id\":\"https:\/\/www.siciliarance.com\/fr\/#\/schema\/logo\/image\/\"}}]}<\/script>\n<!-- \/ Yoast SEO Premium plugin. -->","yoast_head_json":{"title":"Marmelade de citron bio de Sicile | SiciliaRance","description":"Achetez la marmelade de citrons biologiques de Sicile. Uniquement des citrons biologiques de haute qualit\u00e9 pour un go\u00fbt frais et naturel. Go\u00fbtez au soleil de la Sicile !","robots":{"index":"index","follow":"follow","max-snippet":"max-snippet:-1","max-image-preview":"max-image-preview:large","max-video-preview":"max-video-preview:-1"},"canonical":"https:\/\/www.siciliarance.com\/fr\/prodotto\/marmelade-de-citron-bio\/","og_locale":"fr_FR","og_type":"article","og_title":"Marmelade de citron bio","og_description":"Achetez la marmelade de citrons biologiques de Sicile. Uniquement des citrons biologiques de haute qualit\u00e9 pour un go\u00fbt frais et naturel. Go\u00fbtez au soleil de la Sicile !","og_url":"https:\/\/www.siciliarance.com\/fr\/prodotto\/marmelade-de-citron-bio\/","og_site_name":"Siciliarance","og_image":[{"width":2560,"height":2560,"url":"https:\/\/www.siciliarance.com\/wp-content\/uploads\/2024\/10\/JY3A6846-15-scaled.jpg","type":"image\/jpeg"}],"twitter_card":"summary_large_image","twitter_misc":{"Dur\u00e9e de lecture estim\u00e9e":"2 minutes"},"schema":{"@context":"https:\/\/schema.org","@graph":[{"@type":"WebPage","@id":"https:\/\/www.siciliarance.com\/fr\/prodotto\/marmelade-de-citron-bio\/","url":"https:\/\/www.siciliarance.com\/fr\/prodotto\/marmelade-de-citron-bio\/","name":"Marmelade de citron bio de Sicile | SiciliaRance","isPartOf":{"@id":"https:\/\/www.siciliarance.com\/fr\/#website"},"primaryImageOfPage":{"@id":"https:\/\/www.siciliarance.com\/fr\/prodotto\/marmelade-de-citron-bio\/#primaryimage"},"image":{"@id":"https:\/\/www.siciliarance.com\/fr\/prodotto\/marmelade-de-citron-bio\/#primaryimage"},"thumbnailUrl":"https:\/\/www.siciliarance.com\/wp-content\/uploads\/2024\/10\/JY3A6846-15-scaled.jpg","datePublished":"2024-10-24T08:03:43+00:00","dateModified":"2024-10-24T08:03:43+00:00","description":"Achetez la marmelade de citrons biologiques de Sicile. Uniquement des citrons biologiques de haute qualit\u00e9 pour un go\u00fbt frais et naturel. Go\u00fbtez au soleil de la Sicile !","breadcrumb":{"@id":"https:\/\/www.siciliarance.com\/fr\/prodotto\/marmelade-de-citron-bio\/#breadcrumb"},"inLanguage":"fr-FR","potentialAction":[{"@type":"ReadAction","target":["https:\/\/www.siciliarance.com\/fr\/prodotto\/marmelade-de-citron-bio\/"]}]},{"@type":"ImageObject","inLanguage":"fr-FR","@id":"https:\/\/www.siciliarance.com\/fr\/prodotto\/marmelade-de-citron-bio\/#primaryimage","url":"https:\/\/www.siciliarance.com\/wp-content\/uploads\/2024\/10\/JY3A6846-15-scaled.jpg","contentUrl":"https:\/\/www.siciliarance.com\/wp-content\/uploads\/2024\/10\/JY3A6846-15-scaled.jpg","width":2560,"height":2560},{"@type":"BreadcrumbList","@id":"https:\/\/www.siciliarance.com\/fr\/prodotto\/marmelade-de-citron-bio\/#breadcrumb","itemListElement":[{"@type":"ListItem","position":1,"name":"Home","item":"https:\/\/www.siciliarance.com\/fr\/domicile\/"},{"@type":"ListItem","position":2,"name":"Boutique","item":"https:\/\/www.siciliarance.com\/fr\/boutique\/"},{"@type":"ListItem","position":3,"name":"Marmelade de citron bio"}]},{"@type":"WebSite","@id":"https:\/\/www.siciliarance.com\/fr\/#website","url":"https:\/\/www.siciliarance.com\/fr\/","name":"Siciliarance","description":"Agrumi di ribera","publisher":{"@id":"https:\/\/www.siciliarance.com\/fr\/#organization"},"potentialAction":[{"@type":"SearchAction","target":{"@type":"EntryPoint","urlTemplate":"https:\/\/www.siciliarance.com\/fr\/?s={search_term_string}"},"query-input":{"@type":"PropertyValueSpecification","valueRequired":true,"valueName":"search_term_string"}}],"inLanguage":"fr-FR"},{"@type":"Organization","@id":"https:\/\/www.siciliarance.com\/fr\/#organization","name":"Siciliarance","url":"https:\/\/www.siciliarance.com\/fr\/","logo":{"@type":"ImageObject","inLanguage":"fr-FR","@id":"https:\/\/www.siciliarance.com\/fr\/#\/schema\/logo\/image\/","url":"https:\/\/www.siciliarance.com\/wp-content\/uploads\/2024\/08\/logo-definitivo.png","contentUrl":"https:\/\/www.siciliarance.com\/wp-content\/uploads\/2024\/08\/logo-definitivo.png","width":1921,"height":482,"caption":"Siciliarance"},"image":{"@id":"https:\/\/www.siciliarance.com\/fr\/#\/schema\/logo\/image\/"}}]}},"_links":{"self":[{"href":"https:\/\/www.siciliarance.com\/fr\/wp-json\/wp\/v2\/product\/1065","targetHints":{"allow":["GET"]}}],"collection":[{"href":"https:\/\/www.siciliarance.com\/fr\/wp-json\/wp\/v2\/product"}],"about":[{"href":"https:\/\/www.siciliarance.com\/fr\/wp-json\/wp\/v2\/types\/product"}],"replies":[{"embeddable":true,"href":"https:\/\/www.siciliarance.com\/fr\/wp-json\/wp\/v2\/comments?post=1065"}],"version-history":[{"count":0,"href":"https:\/\/www.siciliarance.com\/fr\/wp-json\/wp\/v2\/product\/1065\/revisions"}],"wp:featuredmedia":[{"embeddable":true,"href":"https:\/\/www.siciliarance.com\/fr\/wp-json\/wp\/v2\/media\/1028"}],"wp:attachment":[{"href":"https:\/\/www.siciliarance.com\/fr\/wp-json\/wp\/v2\/media?parent=1065"}],"wp:term":[{"taxonomy":"product_brand","embeddable":true,"href":"https:\/\/www.siciliarance.com\/fr\/wp-json\/wp\/v2\/product_brand?post=1065"},{"taxonomy":"product_cat","embeddable":true,"href":"https:\/\/www.siciliarance.com\/fr\/wp-json\/wp\/v2\/product_cat?post=1065"},{"taxonomy":"product_tag","embeddable":true,"href":"https:\/\/www.siciliarance.com\/fr\/wp-json\/wp\/v2\/product_tag?post=1065"}],"curies":[{"name":"wp","href":"https:\/\/api.w.org\/{rel}","templated":true}]}}