{"id":892,"date":"2024-10-17T20:47:40","date_gmt":"2024-10-17T20:47:40","guid":{"rendered":"https:\/\/www.siciliarance.com\/conditions-dexpedition\/"},"modified":"2024-10-17T20:51:51","modified_gmt":"2024-10-17T20:51:51","slug":"conditions-dexpedition","status":"publish","type":"page","link":"https:\/\/www.siciliarance.com\/fr\/conditions-dexpedition\/","title":{"rendered":"Conditions d&rsquo;exp\u00e9dition"},"content":{"rendered":"\t\t<div data-elementor-type=\"wp-page\" data-elementor-id=\"892\" class=\"elementor elementor-892 elementor-885\" data-elementor-post-type=\"page\">\n\t\t\t\t<div class=\"elementor-element elementor-element-953d1ed e-flex e-con-boxed e-con e-parent\" data-id=\"953d1ed\" data-element_type=\"container\">\n\t\t\t\t\t<div class=\"e-con-inner\">\n\t\t\t\t<div class=\"elementor-element elementor-element-d61749d elementor-widget elementor-widget-text-editor\" data-id=\"d61749d\" data-element_type=\"widget\" data-widget_type=\"text-editor.default\">\n\t\t\t\t<div class=\"elementor-widget-container\">\n\t\t\t\t\t\t\t\t\t<h3><strong>Conditions d&rsquo;exp\u00e9dition<\/strong><\/h3>\n<p><strong>1. D\u00e9lais d&rsquo;exp\u00e9dition<\/strong> Nous exp\u00e9dions les produits les lundis et mardis afin de garantir leur fra\u00eecheur. Le d\u00e9lai de livraison est estim\u00e9 \u00e0 48-72 heures ouvrables. <\/p>\n<p><strong>2.<\/strong> Frais d&rsquo;<strong>exp\u00e9dition<\/strong> Les frais d&rsquo;exp\u00e9dition sont calcul\u00e9s en fonction du poids de l&rsquo;article et sont clairement affich\u00e9s sur la page de paiement.<\/p>\n<p><strong>3. Exp\u00e9dition internationale<\/strong> Nous exp\u00e9dions dans toute l&rsquo;Europe. Les d\u00e9lais de livraison pour les envois internationaux peuvent varier en fonction de la destination. <\/p>\n<p><strong>4.<\/strong> Suivi de l&rsquo;<strong>envoi<\/strong> Nous vous fournirons un lien pour suivre votre envoi par l&rsquo;interm\u00e9diaire du service de messagerie, afin que vous puissiez contr\u00f4ler votre commande en temps r\u00e9el.<\/p>\n<p><strong>5. Zones d&rsquo;exp\u00e9dition<\/strong> Il n&rsquo;y a pas de frais suppl\u00e9mentaires pour les r\u00e9gions \u00e9loign\u00e9es ou les destinations particuli\u00e8res. Tous les co\u00fbts sont bas\u00e9s uniquement sur le poids du produit. <\/p>\n\t\t\t\t\t\t\t\t<\/div>\n\t\t\t\t<\/div>\n\t\t\t\t\t<\/div>\n\t\t\t\t<\/div>\n\t\t\t\t<\/div>\n\t\t","protected":false},"excerpt":{"rendered":"<p>Conditions d&rsquo;exp\u00e9dition 1. D\u00e9lais d&rsquo;exp\u00e9dition Nous exp\u00e9dions les produits les lundis et mardis afin de garantir leur fra\u00eecheur. Le d\u00e9lai de livraison est estim\u00e9 \u00e0 48-72 heures ouvrables. 2. Frais d&rsquo;exp\u00e9dition Les frais d&rsquo;exp\u00e9dition sont calcul\u00e9s en fonction du poids de l&rsquo;article et sont clairement affich\u00e9s sur la page de paiement. 3. Exp\u00e9dition internationale Nous [&hellip;]<\/p>\n","protected":false},"author":1,"featured_media":0,"parent":0,"menu_order":0,"comment_status":"closed","ping_status":"closed","template":"elementor_header_footer","meta":{"footnotes":""},"class_list":["post-892","page","type-page","status-publish","hentry"],"yoast_head":"<!-- This site is optimized with the Yoast SEO Premium plugin v23.5 (Yoast SEO v23.6) - https:\/\/yoast.com\/wordpress\/plugins\/seo\/ -->\n<title>Conditions d&#039;exp\u00e9dition - Siciliarance<\/title>\n<meta name=\"robots\" content=\"index, follow, max-snippet:-1, max-image-preview:large, max-video-preview:-1\" \/>\n<link rel=\"canonical\" href=\"https:\/\/www.siciliarance.com\/fr\/conditions-dexpedition\/\" \/>\n<meta property=\"og:locale\" content=\"fr_FR\" \/>\n<meta property=\"og:type\" content=\"article\" \/>\n<meta property=\"og:title\" content=\"Conditions d&#039;exp\u00e9dition\" \/>\n<meta property=\"og:description\" content=\"Conditions d&rsquo;exp\u00e9dition 1. D\u00e9lais d&rsquo;exp\u00e9dition Nous exp\u00e9dions les produits les lundis et mardis afin de garantir leur fra\u00eecheur. Le d\u00e9lai de livraison est estim\u00e9 \u00e0 48-72 heures ouvrables. 2. Frais d&rsquo;exp\u00e9dition Les frais d&rsquo;exp\u00e9dition sont calcul\u00e9s en fonction du poids de l&rsquo;article et sont clairement affich\u00e9s sur la page de paiement. 3. Exp\u00e9dition internationale Nous [&hellip;]\" \/>\n<meta property=\"og:url\" content=\"https:\/\/www.siciliarance.com\/fr\/conditions-dexpedition\/\" \/>\n<meta property=\"og:site_name\" content=\"Siciliarance\" \/>\n<meta property=\"article:modified_time\" content=\"2024-10-17T20:51:51+00:00\" \/>\n<meta name=\"twitter:card\" content=\"summary_large_image\" \/>\n<meta name=\"twitter:label1\" content=\"Dur\u00e9e de lecture estim\u00e9e\" \/>\n\t<meta name=\"twitter:data1\" content=\"1 minute\" \/>\n<script type=\"application\/ld+json\" class=\"yoast-schema-graph\">{\"@context\":\"https:\/\/schema.org\",\"@graph\":[{\"@type\":\"WebPage\",\"@id\":\"https:\/\/www.siciliarance.com\/fr\/conditions-dexpedition\/\",\"url\":\"https:\/\/www.siciliarance.com\/fr\/conditions-dexpedition\/\",\"name\":\"Conditions d'exp\u00e9dition - Siciliarance\",\"isPartOf\":{\"@id\":\"https:\/\/www.siciliarance.com\/fr\/#website\"},\"datePublished\":\"2024-10-17T20:47:40+00:00\",\"dateModified\":\"2024-10-17T20:51:51+00:00\",\"breadcrumb\":{\"@id\":\"https:\/\/www.siciliarance.com\/fr\/conditions-dexpedition\/#breadcrumb\"},\"inLanguage\":\"fr-FR\",\"potentialAction\":[{\"@type\":\"ReadAction\",\"target\":[\"https:\/\/www.siciliarance.com\/fr\/conditions-dexpedition\/\"]}]},{\"@type\":\"BreadcrumbList\",\"@id\":\"https:\/\/www.siciliarance.com\/fr\/conditions-dexpedition\/#breadcrumb\",\"itemListElement\":[{\"@type\":\"ListItem\",\"position\":1,\"name\":\"Home\",\"item\":\"https:\/\/www.siciliarance.com\/fr\/domicile\/\"},{\"@type\":\"ListItem\",\"position\":2,\"name\":\"Conditions d&#8217;exp\u00e9dition\"}]},{\"@type\":\"WebSite\",\"@id\":\"https:\/\/www.siciliarance.com\/fr\/#website\",\"url\":\"https:\/\/www.siciliarance.com\/fr\/\",\"name\":\"Siciliarance\",\"description\":\"Agrumi di ribera\",\"publisher\":{\"@id\":\"https:\/\/www.siciliarance.com\/fr\/#organization\"},\"potentialAction\":[{\"@type\":\"SearchAction\",\"target\":{\"@type\":\"EntryPoint\",\"urlTemplate\":\"https:\/\/www.siciliarance.com\/fr\/?s={search_term_string}\"},\"query-input\":{\"@type\":\"PropertyValueSpecification\",\"valueRequired\":true,\"valueName\":\"search_term_string\"}}],\"inLanguage\":\"fr-FR\"},{\"@type\":\"Organization\",\"@id\":\"https:\/\/www.siciliarance.com\/fr\/#organization\",\"name\":\"Siciliarance\",\"url\":\"https:\/\/www.siciliarance.com\/fr\/\",\"logo\":{\"@type\":\"ImageObject\",\"inLanguage\":\"fr-FR\",\"@id\":\"https:\/\/www.siciliarance.com\/fr\/#\/schema\/logo\/image\/\",\"url\":\"https:\/\/www.siciliarance.com\/wp-content\/uploads\/2024\/08\/logo-definitivo.png\",\"contentUrl\":\"https:\/\/www.siciliarance.com\/wp-content\/uploads\/2024\/08\/logo-definitivo.png\",\"width\":1921,\"height\":482,\"caption\":\"Siciliarance\"},\"image\":{\"@id\":\"https:\/\/www.siciliarance.com\/fr\/#\/schema\/logo\/image\/\"}}]}<\/script>\n<!-- \/ Yoast SEO Premium plugin. -->","yoast_head_json":{"title":"Conditions d'exp\u00e9dition - Siciliarance","robots":{"index":"index","follow":"follow","max-snippet":"max-snippet:-1","max-image-preview":"max-image-preview:large","max-video-preview":"max-video-preview:-1"},"canonical":"https:\/\/www.siciliarance.com\/fr\/conditions-dexpedition\/","og_locale":"fr_FR","og_type":"article","og_title":"Conditions d'exp\u00e9dition","og_description":"Conditions d&rsquo;exp\u00e9dition 1. D\u00e9lais d&rsquo;exp\u00e9dition Nous exp\u00e9dions les produits les lundis et mardis afin de garantir leur fra\u00eecheur. Le d\u00e9lai de livraison est estim\u00e9 \u00e0 48-72 heures ouvrables. 2. Frais d&rsquo;exp\u00e9dition Les frais d&rsquo;exp\u00e9dition sont calcul\u00e9s en fonction du poids de l&rsquo;article et sont clairement affich\u00e9s sur la page de paiement. 3. Exp\u00e9dition internationale Nous [&hellip;]","og_url":"https:\/\/www.siciliarance.com\/fr\/conditions-dexpedition\/","og_site_name":"Siciliarance","article_modified_time":"2024-10-17T20:51:51+00:00","twitter_card":"summary_large_image","twitter_misc":{"Dur\u00e9e de lecture estim\u00e9e":"1 minute"},"schema":{"@context":"https:\/\/schema.org","@graph":[{"@type":"WebPage","@id":"https:\/\/www.siciliarance.com\/fr\/conditions-dexpedition\/","url":"https:\/\/www.siciliarance.com\/fr\/conditions-dexpedition\/","name":"Conditions d'exp\u00e9dition - Siciliarance","isPartOf":{"@id":"https:\/\/www.siciliarance.com\/fr\/#website"},"datePublished":"2024-10-17T20:47:40+00:00","dateModified":"2024-10-17T20:51:51+00:00","breadcrumb":{"@id":"https:\/\/www.siciliarance.com\/fr\/conditions-dexpedition\/#breadcrumb"},"inLanguage":"fr-FR","potentialAction":[{"@type":"ReadAction","target":["https:\/\/www.siciliarance.com\/fr\/conditions-dexpedition\/"]}]},{"@type":"BreadcrumbList","@id":"https:\/\/www.siciliarance.com\/fr\/conditions-dexpedition\/#breadcrumb","itemListElement":[{"@type":"ListItem","position":1,"name":"Home","item":"https:\/\/www.siciliarance.com\/fr\/domicile\/"},{"@type":"ListItem","position":2,"name":"Conditions d&#8217;exp\u00e9dition"}]},{"@type":"WebSite","@id":"https:\/\/www.siciliarance.com\/fr\/#website","url":"https:\/\/www.siciliarance.com\/fr\/","name":"Siciliarance","description":"Agrumi di ribera","publisher":{"@id":"https:\/\/www.siciliarance.com\/fr\/#organization"},"potentialAction":[{"@type":"SearchAction","target":{"@type":"EntryPoint","urlTemplate":"https:\/\/www.siciliarance.com\/fr\/?s={search_term_string}"},"query-input":{"@type":"PropertyValueSpecification","valueRequired":true,"valueName":"search_term_string"}}],"inLanguage":"fr-FR"},{"@type":"Organization","@id":"https:\/\/www.siciliarance.com\/fr\/#organization","name":"Siciliarance","url":"https:\/\/www.siciliarance.com\/fr\/","logo":{"@type":"ImageObject","inLanguage":"fr-FR","@id":"https:\/\/www.siciliarance.com\/fr\/#\/schema\/logo\/image\/","url":"https:\/\/www.siciliarance.com\/wp-content\/uploads\/2024\/08\/logo-definitivo.png","contentUrl":"https:\/\/www.siciliarance.com\/wp-content\/uploads\/2024\/08\/logo-definitivo.png","width":1921,"height":482,"caption":"Siciliarance"},"image":{"@id":"https:\/\/www.siciliarance.com\/fr\/#\/schema\/logo\/image\/"}}]}},"_links":{"self":[{"href":"https:\/\/www.siciliarance.com\/fr\/wp-json\/wp\/v2\/pages\/892","targetHints":{"allow":["GET"]}}],"collection":[{"href":"https:\/\/www.siciliarance.com\/fr\/wp-json\/wp\/v2\/pages"}],"about":[{"href":"https:\/\/www.siciliarance.com\/fr\/wp-json\/wp\/v2\/types\/page"}],"author":[{"embeddable":true,"href":"https:\/\/www.siciliarance.com\/fr\/wp-json\/wp\/v2\/users\/1"}],"replies":[{"embeddable":true,"href":"https:\/\/www.siciliarance.com\/fr\/wp-json\/wp\/v2\/comments?post=892"}],"version-history":[{"count":0,"href":"https:\/\/www.siciliarance.com\/fr\/wp-json\/wp\/v2\/pages\/892\/revisions"}],"wp:attachment":[{"href":"https:\/\/www.siciliarance.com\/fr\/wp-json\/wp\/v2\/media?parent=892"}],"curies":[{"name":"wp","href":"https:\/\/api.w.org\/{rel}","templated":true}]}}