{"id":812,"date":"2024-10-15T08:11:33","date_gmt":"2024-10-15T08:11:33","guid":{"rendered":"https:\/\/www.siciliarance.com\/prodotto\/sizilianischer-oregano\/"},"modified":"2024-10-24T08:00:45","modified_gmt":"2024-10-24T08:00:45","slug":"sizilianischer-oregano","status":"publish","type":"product","link":"https:\/\/www.siciliarance.com\/de\/prodotto\/sizilianischer-oregano\/","title":{"rendered":"Sizilianischer Oregano"},"content":{"rendered":"<p>Entdecken Sie das unverwechselbare Aroma des sizilianischen Oreganos, der unter der warmen Sonne unserer Insel w\u00e4chst. Handgepfl\u00fcckt und nat\u00fcrlich getrocknet, ist dieser Oregano perfekt, um jedes Gericht mit seinem intensiven, aromatischen Geschmack zu bereichern. Von Pizza bis Pasta, von Salaten bis zu Fleischgerichten, bringen Sie mit dieser vielseitigen und unverf\u00e4lschten Zutat einen Hauch von Sizilien in Ihre K\u00fcche.  <\/p>\n<p><strong>Merkmale:<\/strong><\/p>\n<ul>\n<li>100% nat\u00fcrlich und ohne Zusatzstoffe<\/li>\n<li>Handgeerntet in den H\u00fcgeln von Sizilien<\/li>\n<li>Nat\u00fcrlich getrocknet, um alle aromatischen Eigenschaften zu bewahren<\/li>\n<li>Ideal zum W\u00fcrzen von Pizzen, Saucen, Salaten und Fleischgerichten<\/li>\n<\/ul>\n<p>Bringen Sie die mediterrane Tradition in Ihre K\u00fcche mit unserem sizilianischen Oregano, ein Muss f\u00fcr alle, die authentische Aromen lieben.<\/p>\n","protected":false},"excerpt":{"rendered":"<p>Entdecken Sie das unverwechselbare Aroma des sizilianischen Oreganos, der unter der warmen Sonne unserer Insel w\u00e4chst. Handgepfl\u00fcckt und nat\u00fcrlich getrocknet, ist dieser Oregano perfekt, um jedes Gericht mit seinem intensiven, aromatischen Geschmack zu bereichern. Von Pizza bis Pasta, von Salaten bis zu Fleischgerichten, bringen Sie mit dieser vielseitigen und unverf\u00e4lschten Zutat einen Hauch von Sizilien [&hellip;]<\/p>\n","protected":false},"featured_media":1032,"comment_status":"open","ping_status":"closed","template":"","meta":[],"product_brand":[],"product_cat":[42],"product_tag":[],"class_list":{"0":"post-812","1":"product","2":"type-product","3":"status-publish","4":"has-post-thumbnail","6":"product_cat-typisch-sizilianische-produkte","8":"first","9":"instock","10":"shipping-taxable","11":"purchasable","12":"product-type-simple"},"yoast_head":"<!-- This site is optimized with the Yoast SEO Premium plugin v23.5 (Yoast SEO v23.6) - https:\/\/yoast.com\/wordpress\/plugins\/seo\/ -->\n<title>Sizilianischer Oregano - Siciliarance<\/title>\n<meta name=\"description\" content=\"Entdecken Sie das unverwechselbare Aroma des sizilianischen Origano, der unter der warmen Sonne unserer Insel w\u00e4chst. Handgepfl\u00fcckt und nat\u00fcrlich getrocknet\" \/>\n<meta name=\"robots\" content=\"index, follow, max-snippet:-1, max-image-preview:large, max-video-preview:-1\" \/>\n<link rel=\"canonical\" href=\"https:\/\/www.siciliarance.com\/de\/prodotto\/sizilianischer-oregano\/\" \/>\n<meta property=\"og:locale\" content=\"de_DE\" \/>\n<meta property=\"og:type\" content=\"article\" \/>\n<meta property=\"og:title\" content=\"Sizilianischer Oregano\" \/>\n<meta property=\"og:description\" content=\"Entdecken Sie das unverwechselbare Aroma des sizilianischen Origano, der unter der warmen Sonne unserer Insel w\u00e4chst. Handgepfl\u00fcckt und nat\u00fcrlich getrocknet\" \/>\n<meta property=\"og:url\" content=\"https:\/\/www.siciliarance.com\/de\/prodotto\/sizilianischer-oregano\/\" \/>\n<meta property=\"og:site_name\" content=\"Siciliarance\" \/>\n<meta property=\"article:modified_time\" content=\"2024-10-24T08:00:45+00:00\" \/>\n<meta property=\"og:image\" content=\"https:\/\/www.siciliarance.com\/wp-content\/uploads\/2024\/10\/JY3A6859-16-scaled.jpg\" \/>\n\t<meta property=\"og:image:width\" content=\"2560\" \/>\n\t<meta property=\"og:image:height\" content=\"2560\" \/>\n\t<meta property=\"og:image:type\" content=\"image\/jpeg\" \/>\n<meta name=\"twitter:card\" content=\"summary_large_image\" \/>\n<meta name=\"twitter:label1\" content=\"Gesch\u00e4tzte Lesezeit\" \/>\n\t<meta name=\"twitter:data1\" content=\"1\u00a0Minute\" \/>\n<script type=\"application\/ld+json\" class=\"yoast-schema-graph\">{\"@context\":\"https:\/\/schema.org\",\"@graph\":[{\"@type\":\"WebPage\",\"@id\":\"https:\/\/www.siciliarance.com\/de\/prodotto\/sizilianischer-oregano\/\",\"url\":\"https:\/\/www.siciliarance.com\/de\/prodotto\/sizilianischer-oregano\/\",\"name\":\"Sizilianischer Oregano - Siciliarance\",\"isPartOf\":{\"@id\":\"https:\/\/www.siciliarance.com\/de\/#website\"},\"primaryImageOfPage\":{\"@id\":\"https:\/\/www.siciliarance.com\/de\/prodotto\/sizilianischer-oregano\/#primaryimage\"},\"image\":{\"@id\":\"https:\/\/www.siciliarance.com\/de\/prodotto\/sizilianischer-oregano\/#primaryimage\"},\"thumbnailUrl\":\"https:\/\/www.siciliarance.com\/wp-content\/uploads\/2024\/10\/JY3A6859-16-scaled.jpg\",\"datePublished\":\"2024-10-15T08:11:33+00:00\",\"dateModified\":\"2024-10-24T08:00:45+00:00\",\"description\":\"Entdecken Sie das unverwechselbare Aroma des sizilianischen Origano, der unter der warmen Sonne unserer Insel w\u00e4chst. Handgepfl\u00fcckt und nat\u00fcrlich getrocknet\",\"breadcrumb\":{\"@id\":\"https:\/\/www.siciliarance.com\/de\/prodotto\/sizilianischer-oregano\/#breadcrumb\"},\"inLanguage\":\"de\",\"potentialAction\":[{\"@type\":\"ReadAction\",\"target\":[\"https:\/\/www.siciliarance.com\/de\/prodotto\/sizilianischer-oregano\/\"]}]},{\"@type\":\"ImageObject\",\"inLanguage\":\"de\",\"@id\":\"https:\/\/www.siciliarance.com\/de\/prodotto\/sizilianischer-oregano\/#primaryimage\",\"url\":\"https:\/\/www.siciliarance.com\/wp-content\/uploads\/2024\/10\/JY3A6859-16-scaled.jpg\",\"contentUrl\":\"https:\/\/www.siciliarance.com\/wp-content\/uploads\/2024\/10\/JY3A6859-16-scaled.jpg\",\"width\":2560,\"height\":2560},{\"@type\":\"BreadcrumbList\",\"@id\":\"https:\/\/www.siciliarance.com\/de\/prodotto\/sizilianischer-oregano\/#breadcrumb\",\"itemListElement\":[{\"@type\":\"ListItem\",\"position\":1,\"name\":\"Home\",\"item\":\"https:\/\/www.siciliarance.com\/de\/zuhause\/\"},{\"@type\":\"ListItem\",\"position\":2,\"name\":\"Shop\",\"item\":\"https:\/\/www.siciliarance.com\/negozio\/\"},{\"@type\":\"ListItem\",\"position\":3,\"name\":\"Sizilianischer Oregano\"}]},{\"@type\":\"WebSite\",\"@id\":\"https:\/\/www.siciliarance.com\/de\/#website\",\"url\":\"https:\/\/www.siciliarance.com\/de\/\",\"name\":\"Siciliarance\",\"description\":\"Agrumi di ribera\",\"publisher\":{\"@id\":\"https:\/\/www.siciliarance.com\/de\/#organization\"},\"potentialAction\":[{\"@type\":\"SearchAction\",\"target\":{\"@type\":\"EntryPoint\",\"urlTemplate\":\"https:\/\/www.siciliarance.com\/de\/?s={search_term_string}\"},\"query-input\":{\"@type\":\"PropertyValueSpecification\",\"valueRequired\":true,\"valueName\":\"search_term_string\"}}],\"inLanguage\":\"de\"},{\"@type\":\"Organization\",\"@id\":\"https:\/\/www.siciliarance.com\/de\/#organization\",\"name\":\"Siciliarance\",\"url\":\"https:\/\/www.siciliarance.com\/de\/\",\"logo\":{\"@type\":\"ImageObject\",\"inLanguage\":\"de\",\"@id\":\"https:\/\/www.siciliarance.com\/de\/#\/schema\/logo\/image\/\",\"url\":\"https:\/\/www.siciliarance.com\/wp-content\/uploads\/2024\/08\/logo-definitivo.png\",\"contentUrl\":\"https:\/\/www.siciliarance.com\/wp-content\/uploads\/2024\/08\/logo-definitivo.png\",\"width\":1921,\"height\":482,\"caption\":\"Siciliarance\"},\"image\":{\"@id\":\"https:\/\/www.siciliarance.com\/de\/#\/schema\/logo\/image\/\"}}]}<\/script>\n<!-- \/ Yoast SEO Premium plugin. -->","yoast_head_json":{"title":"Sizilianischer Oregano - Siciliarance","description":"Entdecken Sie das unverwechselbare Aroma des sizilianischen Origano, der unter der warmen Sonne unserer Insel w\u00e4chst. Handgepfl\u00fcckt und nat\u00fcrlich getrocknet","robots":{"index":"index","follow":"follow","max-snippet":"max-snippet:-1","max-image-preview":"max-image-preview:large","max-video-preview":"max-video-preview:-1"},"canonical":"https:\/\/www.siciliarance.com\/de\/prodotto\/sizilianischer-oregano\/","og_locale":"de_DE","og_type":"article","og_title":"Sizilianischer Oregano","og_description":"Entdecken Sie das unverwechselbare Aroma des sizilianischen Origano, der unter der warmen Sonne unserer Insel w\u00e4chst. Handgepfl\u00fcckt und nat\u00fcrlich getrocknet","og_url":"https:\/\/www.siciliarance.com\/de\/prodotto\/sizilianischer-oregano\/","og_site_name":"Siciliarance","article_modified_time":"2024-10-24T08:00:45+00:00","og_image":[{"width":2560,"height":2560,"url":"https:\/\/www.siciliarance.com\/wp-content\/uploads\/2024\/10\/JY3A6859-16-scaled.jpg","type":"image\/jpeg"}],"twitter_card":"summary_large_image","twitter_misc":{"Gesch\u00e4tzte Lesezeit":"1\u00a0Minute"},"schema":{"@context":"https:\/\/schema.org","@graph":[{"@type":"WebPage","@id":"https:\/\/www.siciliarance.com\/de\/prodotto\/sizilianischer-oregano\/","url":"https:\/\/www.siciliarance.com\/de\/prodotto\/sizilianischer-oregano\/","name":"Sizilianischer Oregano - Siciliarance","isPartOf":{"@id":"https:\/\/www.siciliarance.com\/de\/#website"},"primaryImageOfPage":{"@id":"https:\/\/www.siciliarance.com\/de\/prodotto\/sizilianischer-oregano\/#primaryimage"},"image":{"@id":"https:\/\/www.siciliarance.com\/de\/prodotto\/sizilianischer-oregano\/#primaryimage"},"thumbnailUrl":"https:\/\/www.siciliarance.com\/wp-content\/uploads\/2024\/10\/JY3A6859-16-scaled.jpg","datePublished":"2024-10-15T08:11:33+00:00","dateModified":"2024-10-24T08:00:45+00:00","description":"Entdecken Sie das unverwechselbare Aroma des sizilianischen Origano, der unter der warmen Sonne unserer Insel w\u00e4chst. Handgepfl\u00fcckt und nat\u00fcrlich getrocknet","breadcrumb":{"@id":"https:\/\/www.siciliarance.com\/de\/prodotto\/sizilianischer-oregano\/#breadcrumb"},"inLanguage":"de","potentialAction":[{"@type":"ReadAction","target":["https:\/\/www.siciliarance.com\/de\/prodotto\/sizilianischer-oregano\/"]}]},{"@type":"ImageObject","inLanguage":"de","@id":"https:\/\/www.siciliarance.com\/de\/prodotto\/sizilianischer-oregano\/#primaryimage","url":"https:\/\/www.siciliarance.com\/wp-content\/uploads\/2024\/10\/JY3A6859-16-scaled.jpg","contentUrl":"https:\/\/www.siciliarance.com\/wp-content\/uploads\/2024\/10\/JY3A6859-16-scaled.jpg","width":2560,"height":2560},{"@type":"BreadcrumbList","@id":"https:\/\/www.siciliarance.com\/de\/prodotto\/sizilianischer-oregano\/#breadcrumb","itemListElement":[{"@type":"ListItem","position":1,"name":"Home","item":"https:\/\/www.siciliarance.com\/de\/zuhause\/"},{"@type":"ListItem","position":2,"name":"Shop","item":"https:\/\/www.siciliarance.com\/negozio\/"},{"@type":"ListItem","position":3,"name":"Sizilianischer Oregano"}]},{"@type":"WebSite","@id":"https:\/\/www.siciliarance.com\/de\/#website","url":"https:\/\/www.siciliarance.com\/de\/","name":"Siciliarance","description":"Agrumi di ribera","publisher":{"@id":"https:\/\/www.siciliarance.com\/de\/#organization"},"potentialAction":[{"@type":"SearchAction","target":{"@type":"EntryPoint","urlTemplate":"https:\/\/www.siciliarance.com\/de\/?s={search_term_string}"},"query-input":{"@type":"PropertyValueSpecification","valueRequired":true,"valueName":"search_term_string"}}],"inLanguage":"de"},{"@type":"Organization","@id":"https:\/\/www.siciliarance.com\/de\/#organization","name":"Siciliarance","url":"https:\/\/www.siciliarance.com\/de\/","logo":{"@type":"ImageObject","inLanguage":"de","@id":"https:\/\/www.siciliarance.com\/de\/#\/schema\/logo\/image\/","url":"https:\/\/www.siciliarance.com\/wp-content\/uploads\/2024\/08\/logo-definitivo.png","contentUrl":"https:\/\/www.siciliarance.com\/wp-content\/uploads\/2024\/08\/logo-definitivo.png","width":1921,"height":482,"caption":"Siciliarance"},"image":{"@id":"https:\/\/www.siciliarance.com\/de\/#\/schema\/logo\/image\/"}}]}},"_links":{"self":[{"href":"https:\/\/www.siciliarance.com\/de\/wp-json\/wp\/v2\/product\/812","targetHints":{"allow":["GET"]}}],"collection":[{"href":"https:\/\/www.siciliarance.com\/de\/wp-json\/wp\/v2\/product"}],"about":[{"href":"https:\/\/www.siciliarance.com\/de\/wp-json\/wp\/v2\/types\/product"}],"replies":[{"embeddable":true,"href":"https:\/\/www.siciliarance.com\/de\/wp-json\/wp\/v2\/comments?post=812"}],"version-history":[{"count":0,"href":"https:\/\/www.siciliarance.com\/de\/wp-json\/wp\/v2\/product\/812\/revisions"}],"wp:featuredmedia":[{"embeddable":true,"href":"https:\/\/www.siciliarance.com\/de\/wp-json\/wp\/v2\/media\/1032"}],"wp:attachment":[{"href":"https:\/\/www.siciliarance.com\/de\/wp-json\/wp\/v2\/media?parent=812"}],"wp:term":[{"taxonomy":"product_brand","embeddable":true,"href":"https:\/\/www.siciliarance.com\/de\/wp-json\/wp\/v2\/product_brand?post=812"},{"taxonomy":"product_cat","embeddable":true,"href":"https:\/\/www.siciliarance.com\/de\/wp-json\/wp\/v2\/product_cat?post=812"},{"taxonomy":"product_tag","embeddable":true,"href":"https:\/\/www.siciliarance.com\/de\/wp-json\/wp\/v2\/product_tag?post=812"}],"curies":[{"name":"wp","href":"https:\/\/api.w.org\/{rel}","templated":true}]}}