{"id":713,"date":"2024-07-30T10:01:19","date_gmt":"2024-07-30T08:01:19","guid":{"rendered":"https:\/\/www.siciliarance.com\/prodotto\/bio-washington-navel-tafelorangen-15-kg\/"},"modified":"2025-11-16T07:42:50","modified_gmt":"2025-11-16T07:42:50","slug":"bio-washington-navel-tafelorangen-15-kg","status":"publish","type":"product","link":"https:\/\/www.siciliarance.com\/de\/prodotto\/bio-washington-navel-tafelorangen-15-kg\/","title":{"rendered":"Bio-Tafelorangen \u2013 15 kg"},"content":{"rendered":"<h4>Bio-Tafelorangen \u2013 15 kg<\/h4>\n<p>Willkommen bei Siciliarance.com, Ihrer ersten Adresse f\u00fcr Bio-Orangen aus Sizilien! Wir pr\u00e4sentieren Ihnen stolz unsere <strong>Bio-Washington-Navel-Tafelorangen \u2013 15 kg<\/strong> , mit Liebe und Hingabe auf der renommierten Borsellino Farm angebaut. <\/p>\n<h4>Warum sollten Sie unsere Tafelorangen w\u00e4hlen?<\/h4>\n<p>Unsere Washington Navel Tafelorangen sind das Ergebnis eines streng \u00f6kologischen Anbaus, der die Umwelt respektiert und ein gesundes und nat\u00fcrliches Produkt garantiert. Jede Orange wird auf dem fruchtbaren Boden Siziliens angebaut, wo das ideale Klima und traditionelle Anbaumethoden Fr\u00fcchte von unvergleichlichem Geschmack hervorbringen. <\/p>\n<h4>Hauptmerkmale:<\/h4>\n<ul>\n<li><strong>Bio-Qualit\u00e4t<\/strong>: Unsere Orangen sind bio-zertifiziert und werden ohne chemische Pestizide und Kunstd\u00fcnger angebaut.<\/li>\n<li><strong>Authentischer Geschmack<\/strong>: Sizilianische Orangen sind bekannt f\u00fcr ihren einzigartigen, s\u00fc\u00dfen und leicht s\u00e4uerlichen Geschmack, perfekt f\u00fcr jede Gelegenheit.<\/li>\n<li><strong>Garantierte Frische<\/strong>: Unsere Orangen werden im richtigen Reifegrad geerntet und kommen frisch zu Ihnen nach Hause.<\/li>\n<li><strong>Gro\u00dfz\u00fcgige Menge<\/strong> : Die 15-kg-Packung ist ideal f\u00fcr Familien, Abendessen mit Freunden oder f\u00fcr alle, die immer frisches Obst zur Hand haben m\u00f6chten.<\/li>\n<\/ul>\n<h4>Gesundheitliche Vorteile:<\/h4>\n<p>Washington Navel Orangen sind eine ausgezeichnete Quelle f\u00fcr Vitamin C, Antioxidantien, Ballaststoffe und andere wichtige N\u00e4hrstoffe. T\u00e4glich verzehrt, helfen sie, das Immunsystem zu st\u00e4rken, die Verdauung zu verbessern und die allgemeine Gesundheit zu erhalten. <\/p>\n<h4>Verpackung und Lieferung:<\/h4>\n<p>Unsere Orangen werden sorgf\u00e4ltig verpackt, um sicherzustellen, dass sie in perfektem Zustand bei Ihnen zu Hause ankommen. Wir bieten eine schnelle und sichere Lieferung in ganz Italien, direkt vom Feld auf Ihren Tisch. <\/p>\n","protected":false},"excerpt":{"rendered":"<p>Gewicht jeweils von 200 bis 290 g.<br \/>\n Durchmesser von 77 mm bis 83 mm.<br \/>\n Nettogewicht 15 kg &#8211; Bruttogewicht 16 kg<\/p>\n","protected":false},"featured_media":545,"comment_status":"open","ping_status":"closed","template":"","meta":[],"product_brand":[],"product_cat":[44,39],"product_tag":[],"class_list":{"0":"post-713","1":"product","2":"type-product","3":"status-publish","4":"has-post-thumbnail","6":"product_cat-sizilianische-orangen","7":"product_cat-zitrusfruchte-aus-sizilien","9":"first","10":"outofstock","11":"shipping-taxable","12":"purchasable","13":"product-type-simple"},"yoast_head":"<!-- This site is optimized with the Yoast SEO Premium plugin v23.5 (Yoast SEO v23.6) - https:\/\/yoast.com\/wordpress\/plugins\/seo\/ -->\n<title>Bio Washington Navel Tafelorangen 17 kg<\/title>\n<meta name=\"description\" content=\"Bio Washington Navel Tafelorangen - 17 kg bei Siciliarance.de kaufen. Unsere Bio-Orangen, angebaut in Sizilien.\" \/>\n<meta name=\"robots\" content=\"index, follow, max-snippet:-1, max-image-preview:large, max-video-preview:-1\" \/>\n<link rel=\"canonical\" href=\"https:\/\/www.siciliarance.com\/de\/prodotto\/bio-washington-navel-tafelorangen-15-kg\/\" \/>\n<meta property=\"og:locale\" content=\"de_DE\" \/>\n<meta property=\"og:type\" content=\"article\" \/>\n<meta property=\"og:title\" content=\"Bio-Tafelorangen \u2013 15 kg\" \/>\n<meta property=\"og:description\" content=\"Bio Washington Navel Tafelorangen - 17 kg bei Siciliarance.de kaufen. Unsere Bio-Orangen, angebaut in Sizilien.\" \/>\n<meta property=\"og:url\" content=\"https:\/\/www.siciliarance.com\/de\/prodotto\/bio-washington-navel-tafelorangen-15-kg\/\" \/>\n<meta property=\"og:site_name\" content=\"Siciliarance\" \/>\n<meta property=\"article:modified_time\" content=\"2025-11-16T07:42:50+00:00\" \/>\n<meta property=\"og:image\" content=\"https:\/\/www.siciliarance.com\/wp-content\/uploads\/2024\/05\/arance-biologiche-washington-navel-da-tavola-17-kg-1.jpg\" \/>\n\t<meta property=\"og:image:width\" content=\"458\" \/>\n\t<meta property=\"og:image:height\" content=\"458\" \/>\n\t<meta property=\"og:image:type\" content=\"image\/jpeg\" \/>\n<meta name=\"twitter:card\" content=\"summary_large_image\" \/>\n<meta name=\"twitter:label1\" content=\"Gesch\u00e4tzte Lesezeit\" \/>\n\t<meta name=\"twitter:data1\" content=\"1\u00a0Minute\" \/>\n<script type=\"application\/ld+json\" class=\"yoast-schema-graph\">{\"@context\":\"https:\/\/schema.org\",\"@graph\":[{\"@type\":\"WebPage\",\"@id\":\"https:\/\/www.siciliarance.com\/de\/prodotto\/bio-washington-navel-tafelorangen-15-kg\/\",\"url\":\"https:\/\/www.siciliarance.com\/de\/prodotto\/bio-washington-navel-tafelorangen-15-kg\/\",\"name\":\"Bio Washington Navel Tafelorangen 17 kg\",\"isPartOf\":{\"@id\":\"https:\/\/www.siciliarance.com\/de\/#website\"},\"primaryImageOfPage\":{\"@id\":\"https:\/\/www.siciliarance.com\/de\/prodotto\/bio-washington-navel-tafelorangen-15-kg\/#primaryimage\"},\"image\":{\"@id\":\"https:\/\/www.siciliarance.com\/de\/prodotto\/bio-washington-navel-tafelorangen-15-kg\/#primaryimage\"},\"thumbnailUrl\":\"https:\/\/www.siciliarance.com\/wp-content\/uploads\/2024\/05\/arance-biologiche-washington-navel-da-tavola-17-kg-1.jpg\",\"datePublished\":\"2024-07-30T08:01:19+00:00\",\"dateModified\":\"2025-11-16T07:42:50+00:00\",\"description\":\"Bio Washington Navel Tafelorangen - 17 kg bei Siciliarance.de kaufen. Unsere Bio-Orangen, angebaut in Sizilien.\",\"breadcrumb\":{\"@id\":\"https:\/\/www.siciliarance.com\/de\/prodotto\/bio-washington-navel-tafelorangen-15-kg\/#breadcrumb\"},\"inLanguage\":\"de\",\"potentialAction\":[{\"@type\":\"ReadAction\",\"target\":[\"https:\/\/www.siciliarance.com\/de\/prodotto\/bio-washington-navel-tafelorangen-15-kg\/\"]}]},{\"@type\":\"ImageObject\",\"inLanguage\":\"de\",\"@id\":\"https:\/\/www.siciliarance.com\/de\/prodotto\/bio-washington-navel-tafelorangen-15-kg\/#primaryimage\",\"url\":\"https:\/\/www.siciliarance.com\/wp-content\/uploads\/2024\/05\/arance-biologiche-washington-navel-da-tavola-17-kg-1.jpg\",\"contentUrl\":\"https:\/\/www.siciliarance.com\/wp-content\/uploads\/2024\/05\/arance-biologiche-washington-navel-da-tavola-17-kg-1.jpg\",\"width\":458,\"height\":458},{\"@type\":\"BreadcrumbList\",\"@id\":\"https:\/\/www.siciliarance.com\/de\/prodotto\/bio-washington-navel-tafelorangen-15-kg\/#breadcrumb\",\"itemListElement\":[{\"@type\":\"ListItem\",\"position\":1,\"name\":\"Home\",\"item\":\"https:\/\/www.siciliarance.com\/de\/zuhause\/\"},{\"@type\":\"ListItem\",\"position\":2,\"name\":\"Shop\",\"item\":\"https:\/\/www.siciliarance.com\/negozio\/\"},{\"@type\":\"ListItem\",\"position\":3,\"name\":\"Bio-Tafelorangen \u2013 15 kg\"}]},{\"@type\":\"WebSite\",\"@id\":\"https:\/\/www.siciliarance.com\/de\/#website\",\"url\":\"https:\/\/www.siciliarance.com\/de\/\",\"name\":\"Siciliarance\",\"description\":\"Agrumi di ribera\",\"publisher\":{\"@id\":\"https:\/\/www.siciliarance.com\/de\/#organization\"},\"potentialAction\":[{\"@type\":\"SearchAction\",\"target\":{\"@type\":\"EntryPoint\",\"urlTemplate\":\"https:\/\/www.siciliarance.com\/de\/?s={search_term_string}\"},\"query-input\":{\"@type\":\"PropertyValueSpecification\",\"valueRequired\":true,\"valueName\":\"search_term_string\"}}],\"inLanguage\":\"de\"},{\"@type\":\"Organization\",\"@id\":\"https:\/\/www.siciliarance.com\/de\/#organization\",\"name\":\"Siciliarance\",\"url\":\"https:\/\/www.siciliarance.com\/de\/\",\"logo\":{\"@type\":\"ImageObject\",\"inLanguage\":\"de\",\"@id\":\"https:\/\/www.siciliarance.com\/de\/#\/schema\/logo\/image\/\",\"url\":\"https:\/\/www.siciliarance.com\/wp-content\/uploads\/2024\/08\/logo-definitivo.png\",\"contentUrl\":\"https:\/\/www.siciliarance.com\/wp-content\/uploads\/2024\/08\/logo-definitivo.png\",\"width\":1921,\"height\":482,\"caption\":\"Siciliarance\"},\"image\":{\"@id\":\"https:\/\/www.siciliarance.com\/de\/#\/schema\/logo\/image\/\"}}]}<\/script>\n<!-- \/ Yoast SEO Premium plugin. -->","yoast_head_json":{"title":"Bio Washington Navel Tafelorangen 17 kg","description":"Bio Washington Navel Tafelorangen - 17 kg bei Siciliarance.de kaufen. Unsere Bio-Orangen, angebaut in Sizilien.","robots":{"index":"index","follow":"follow","max-snippet":"max-snippet:-1","max-image-preview":"max-image-preview:large","max-video-preview":"max-video-preview:-1"},"canonical":"https:\/\/www.siciliarance.com\/de\/prodotto\/bio-washington-navel-tafelorangen-15-kg\/","og_locale":"de_DE","og_type":"article","og_title":"Bio-Tafelorangen \u2013 15 kg","og_description":"Bio Washington Navel Tafelorangen - 17 kg bei Siciliarance.de kaufen. Unsere Bio-Orangen, angebaut in Sizilien.","og_url":"https:\/\/www.siciliarance.com\/de\/prodotto\/bio-washington-navel-tafelorangen-15-kg\/","og_site_name":"Siciliarance","article_modified_time":"2025-11-16T07:42:50+00:00","og_image":[{"width":458,"height":458,"url":"https:\/\/www.siciliarance.com\/wp-content\/uploads\/2024\/05\/arance-biologiche-washington-navel-da-tavola-17-kg-1.jpg","type":"image\/jpeg"}],"twitter_card":"summary_large_image","twitter_misc":{"Gesch\u00e4tzte Lesezeit":"1\u00a0Minute"},"schema":{"@context":"https:\/\/schema.org","@graph":[{"@type":"WebPage","@id":"https:\/\/www.siciliarance.com\/de\/prodotto\/bio-washington-navel-tafelorangen-15-kg\/","url":"https:\/\/www.siciliarance.com\/de\/prodotto\/bio-washington-navel-tafelorangen-15-kg\/","name":"Bio Washington Navel Tafelorangen 17 kg","isPartOf":{"@id":"https:\/\/www.siciliarance.com\/de\/#website"},"primaryImageOfPage":{"@id":"https:\/\/www.siciliarance.com\/de\/prodotto\/bio-washington-navel-tafelorangen-15-kg\/#primaryimage"},"image":{"@id":"https:\/\/www.siciliarance.com\/de\/prodotto\/bio-washington-navel-tafelorangen-15-kg\/#primaryimage"},"thumbnailUrl":"https:\/\/www.siciliarance.com\/wp-content\/uploads\/2024\/05\/arance-biologiche-washington-navel-da-tavola-17-kg-1.jpg","datePublished":"2024-07-30T08:01:19+00:00","dateModified":"2025-11-16T07:42:50+00:00","description":"Bio Washington Navel Tafelorangen - 17 kg bei Siciliarance.de kaufen. Unsere Bio-Orangen, angebaut in Sizilien.","breadcrumb":{"@id":"https:\/\/www.siciliarance.com\/de\/prodotto\/bio-washington-navel-tafelorangen-15-kg\/#breadcrumb"},"inLanguage":"de","potentialAction":[{"@type":"ReadAction","target":["https:\/\/www.siciliarance.com\/de\/prodotto\/bio-washington-navel-tafelorangen-15-kg\/"]}]},{"@type":"ImageObject","inLanguage":"de","@id":"https:\/\/www.siciliarance.com\/de\/prodotto\/bio-washington-navel-tafelorangen-15-kg\/#primaryimage","url":"https:\/\/www.siciliarance.com\/wp-content\/uploads\/2024\/05\/arance-biologiche-washington-navel-da-tavola-17-kg-1.jpg","contentUrl":"https:\/\/www.siciliarance.com\/wp-content\/uploads\/2024\/05\/arance-biologiche-washington-navel-da-tavola-17-kg-1.jpg","width":458,"height":458},{"@type":"BreadcrumbList","@id":"https:\/\/www.siciliarance.com\/de\/prodotto\/bio-washington-navel-tafelorangen-15-kg\/#breadcrumb","itemListElement":[{"@type":"ListItem","position":1,"name":"Home","item":"https:\/\/www.siciliarance.com\/de\/zuhause\/"},{"@type":"ListItem","position":2,"name":"Shop","item":"https:\/\/www.siciliarance.com\/negozio\/"},{"@type":"ListItem","position":3,"name":"Bio-Tafelorangen \u2013 15 kg"}]},{"@type":"WebSite","@id":"https:\/\/www.siciliarance.com\/de\/#website","url":"https:\/\/www.siciliarance.com\/de\/","name":"Siciliarance","description":"Agrumi di ribera","publisher":{"@id":"https:\/\/www.siciliarance.com\/de\/#organization"},"potentialAction":[{"@type":"SearchAction","target":{"@type":"EntryPoint","urlTemplate":"https:\/\/www.siciliarance.com\/de\/?s={search_term_string}"},"query-input":{"@type":"PropertyValueSpecification","valueRequired":true,"valueName":"search_term_string"}}],"inLanguage":"de"},{"@type":"Organization","@id":"https:\/\/www.siciliarance.com\/de\/#organization","name":"Siciliarance","url":"https:\/\/www.siciliarance.com\/de\/","logo":{"@type":"ImageObject","inLanguage":"de","@id":"https:\/\/www.siciliarance.com\/de\/#\/schema\/logo\/image\/","url":"https:\/\/www.siciliarance.com\/wp-content\/uploads\/2024\/08\/logo-definitivo.png","contentUrl":"https:\/\/www.siciliarance.com\/wp-content\/uploads\/2024\/08\/logo-definitivo.png","width":1921,"height":482,"caption":"Siciliarance"},"image":{"@id":"https:\/\/www.siciliarance.com\/de\/#\/schema\/logo\/image\/"}}]}},"_links":{"self":[{"href":"https:\/\/www.siciliarance.com\/de\/wp-json\/wp\/v2\/product\/713","targetHints":{"allow":["GET"]}}],"collection":[{"href":"https:\/\/www.siciliarance.com\/de\/wp-json\/wp\/v2\/product"}],"about":[{"href":"https:\/\/www.siciliarance.com\/de\/wp-json\/wp\/v2\/types\/product"}],"replies":[{"embeddable":true,"href":"https:\/\/www.siciliarance.com\/de\/wp-json\/wp\/v2\/comments?post=713"}],"version-history":[{"count":1,"href":"https:\/\/www.siciliarance.com\/de\/wp-json\/wp\/v2\/product\/713\/revisions"}],"predecessor-version":[{"id":2374,"href":"https:\/\/www.siciliarance.com\/de\/wp-json\/wp\/v2\/product\/713\/revisions\/2374"}],"wp:featuredmedia":[{"embeddable":true,"href":"https:\/\/www.siciliarance.com\/de\/wp-json\/wp\/v2\/media\/545"}],"wp:attachment":[{"href":"https:\/\/www.siciliarance.com\/de\/wp-json\/wp\/v2\/media?parent=713"}],"wp:term":[{"taxonomy":"product_brand","embeddable":true,"href":"https:\/\/www.siciliarance.com\/de\/wp-json\/wp\/v2\/product_brand?post=713"},{"taxonomy":"product_cat","embeddable":true,"href":"https:\/\/www.siciliarance.com\/de\/wp-json\/wp\/v2\/product_cat?post=713"},{"taxonomy":"product_tag","embeddable":true,"href":"https:\/\/www.siciliarance.com\/de\/wp-json\/wp\/v2\/product_tag?post=713"}],"curies":[{"name":"wp","href":"https:\/\/api.w.org\/{rel}","templated":true}]}}