{"id":709,"date":"2024-07-30T10:01:19","date_gmt":"2024-07-30T08:01:19","guid":{"rendered":"https:\/\/www.siciliarance.com\/prodotto\/fioroni-washington-navel-bio-orangen-15kg\/"},"modified":"2025-11-16T07:43:50","modified_gmt":"2025-11-16T07:43:50","slug":"fioroni-washington-navel-bio-orangen-15kg","status":"publish","type":"product","link":"https:\/\/www.siciliarance.com\/de\/prodotto\/fioroni-washington-navel-bio-orangen-15kg\/","title":{"rendered":"Fioroni Bio-Orangen \u2013 15 kg"},"content":{"rendered":"<h4>Fioroni Bio-Orangen \u2013 15 kg<\/h4>\n<p>Willkommen bei Siciliarance.com, Ihrem Anbieter f\u00fcr feinste sizilianische Bio-Orangen! Wir pr\u00e4sentieren Ihnen stolz unsere <strong>Fioroni Bio-Washington-Navel-Orangen \u2013 15 kg<\/strong> , mit Liebe und Sorgfalt auf der renommierten Borsellino Farm angebaut. <\/p>\n<h4>Warum w\u00e4hlen Sie unsere Orangen?<\/h4>\n<p>Unsere Fioroni Washington Navel Orangen werden in den sonnigen Gefilden Siziliens angebaut, und zwar streng nach biologischen Anbaumethoden. Das bedeutet, dass wir keine chemischen Pestizide oder Kunstd\u00fcnger verwenden und so ein gesundes, nat\u00fcrliches und geschmacksintensives Produkt garantieren. <\/p>\n<h4>Hauptmerkmale:<\/h4>\n<ul>\n<li><strong>Bio-Qualit\u00e4t<\/strong>: Unsere Orangen sind bio-zertifiziert und werden ohne den Einsatz von sch\u00e4dlichen Chemikalien angebaut.<\/li>\n<li><strong>Authentischer Geschmack<\/strong>: Sizilianische Orangen sind ber\u00fchmt f\u00fcr ihren einzigartigen s\u00fc\u00dfen und aromatischen Geschmack, den man am besten frisch genie\u00dft.<\/li>\n<li><strong>Garantierte<\/strong> Frische: Unsere Orangen werden zum richtigen Zeitpunkt gepfl\u00fcckt und schnell verschickt, um ihre Frische zu erhalten.<\/li>\n<li><strong>Gro\u00dfz\u00fcgige Menge<\/strong> : Die 15-kg-Packung ist ideal f\u00fcr Familien, Restaurants oder f\u00fcr alle, die immer frisches und unverf\u00e4lschtes Obst zur Verf\u00fcgung haben m\u00f6chten.<\/li>\n<\/ul>\n<h4>Gesundheitliche Vorteile:<\/h4>\n<p>Die Washington Navel Orangen von Fioroni sind reich an Vitamin C, Antioxidantien, Ballaststoffen und anderen wichtigen N\u00e4hrstoffen, die das Immunsystem st\u00e4rken, die Verdauung verbessern und das allgemeine Wohlbefinden f\u00f6rdern.<\/p>\n<h4>Verpackung und Lieferung:<\/h4>\n<p>Unsere Orangen werden sorgf\u00e4ltig verpackt, damit sie frisch und in einwandfreiem Zustand bei Ihnen ankommen. Wir bieten eine schnelle und zuverl\u00e4ssige Lieferung in ganz Europa. <\/p>\n","protected":false},"excerpt":{"rendered":"<p>Gewicht jeweils 300 bis 500 g.<br \/>\n Durchmesser von 84 mm bis&gt; 100 mm.<br \/>\n Nettogewicht 15 kg &#8211; Bruttogewicht 16 kg<\/p>\n","protected":false},"featured_media":547,"comment_status":"open","ping_status":"closed","template":"","meta":[],"product_brand":[],"product_cat":[44,39],"product_tag":[],"class_list":{"0":"post-709","1":"product","2":"type-product","3":"status-publish","4":"has-post-thumbnail","6":"product_cat-sizilianische-orangen","7":"product_cat-zitrusfruchte-aus-sizilien","9":"first","10":"outofstock","11":"shipping-taxable","12":"purchasable","13":"product-type-simple"},"yoast_head":"<!-- This site is optimized with the Yoast SEO Premium plugin v23.5 (Yoast SEO v23.6) - https:\/\/yoast.com\/wordpress\/plugins\/seo\/ -->\n<title>Fioroni Washington Navel Bio-Orangen 17 kg<\/title>\n<meta name=\"description\" content=\"Kaufen Sie Fioroni Bio-Washington-Navel-Orangen \u2013 17 kg auf Siciliarance.com. Genie\u00dfen Sie frische, s\u00fc\u00dfe Orangen aus biologischem Anbau in Sizilien.\" \/>\n<meta name=\"robots\" content=\"index, follow, max-snippet:-1, max-image-preview:large, max-video-preview:-1\" \/>\n<link rel=\"canonical\" href=\"https:\/\/www.siciliarance.com\/de\/prodotto\/fioroni-washington-navel-bio-orangen-15kg\/\" \/>\n<meta property=\"og:locale\" content=\"de_DE\" \/>\n<meta property=\"og:type\" content=\"article\" \/>\n<meta property=\"og:title\" content=\"Fioroni Bio-Orangen \u2013 15 kg\" \/>\n<meta property=\"og:description\" content=\"Kaufen Sie Fioroni Bio-Washington-Navel-Orangen \u2013 17 kg auf Siciliarance.com. Genie\u00dfen Sie frische, s\u00fc\u00dfe Orangen aus biologischem Anbau in Sizilien.\" \/>\n<meta property=\"og:url\" content=\"https:\/\/www.siciliarance.com\/de\/prodotto\/fioroni-washington-navel-bio-orangen-15kg\/\" \/>\n<meta property=\"og:site_name\" content=\"Siciliarance\" \/>\n<meta property=\"article:modified_time\" content=\"2025-11-16T07:43:50+00:00\" \/>\n<meta property=\"og:image\" content=\"https:\/\/www.siciliarance.com\/wp-content\/uploads\/2024\/05\/arance-biologiche-washington-navel-fioroni-17-kg.jpg\" \/>\n\t<meta property=\"og:image:width\" content=\"458\" \/>\n\t<meta property=\"og:image:height\" content=\"458\" \/>\n\t<meta property=\"og:image:type\" content=\"image\/jpeg\" \/>\n<meta name=\"twitter:card\" content=\"summary_large_image\" \/>\n<meta name=\"twitter:label1\" content=\"Gesch\u00e4tzte Lesezeit\" \/>\n\t<meta name=\"twitter:data1\" content=\"1\u00a0Minute\" \/>\n<script type=\"application\/ld+json\" class=\"yoast-schema-graph\">{\"@context\":\"https:\/\/schema.org\",\"@graph\":[{\"@type\":\"WebPage\",\"@id\":\"https:\/\/www.siciliarance.com\/de\/prodotto\/fioroni-washington-navel-bio-orangen-15kg\/\",\"url\":\"https:\/\/www.siciliarance.com\/de\/prodotto\/fioroni-washington-navel-bio-orangen-15kg\/\",\"name\":\"Fioroni Washington Navel Bio-Orangen 17 kg\",\"isPartOf\":{\"@id\":\"https:\/\/www.siciliarance.com\/de\/#website\"},\"primaryImageOfPage\":{\"@id\":\"https:\/\/www.siciliarance.com\/de\/prodotto\/fioroni-washington-navel-bio-orangen-15kg\/#primaryimage\"},\"image\":{\"@id\":\"https:\/\/www.siciliarance.com\/de\/prodotto\/fioroni-washington-navel-bio-orangen-15kg\/#primaryimage\"},\"thumbnailUrl\":\"https:\/\/www.siciliarance.com\/wp-content\/uploads\/2024\/05\/arance-biologiche-washington-navel-fioroni-17-kg.jpg\",\"datePublished\":\"2024-07-30T08:01:19+00:00\",\"dateModified\":\"2025-11-16T07:43:50+00:00\",\"description\":\"Kaufen Sie Fioroni Bio-Washington-Navel-Orangen \u2013 17 kg auf Siciliarance.com. Genie\u00dfen Sie frische, s\u00fc\u00dfe Orangen aus biologischem Anbau in Sizilien.\",\"breadcrumb\":{\"@id\":\"https:\/\/www.siciliarance.com\/de\/prodotto\/fioroni-washington-navel-bio-orangen-15kg\/#breadcrumb\"},\"inLanguage\":\"de\",\"potentialAction\":[{\"@type\":\"ReadAction\",\"target\":[\"https:\/\/www.siciliarance.com\/de\/prodotto\/fioroni-washington-navel-bio-orangen-15kg\/\"]}]},{\"@type\":\"ImageObject\",\"inLanguage\":\"de\",\"@id\":\"https:\/\/www.siciliarance.com\/de\/prodotto\/fioroni-washington-navel-bio-orangen-15kg\/#primaryimage\",\"url\":\"https:\/\/www.siciliarance.com\/wp-content\/uploads\/2024\/05\/arance-biologiche-washington-navel-fioroni-17-kg.jpg\",\"contentUrl\":\"https:\/\/www.siciliarance.com\/wp-content\/uploads\/2024\/05\/arance-biologiche-washington-navel-fioroni-17-kg.jpg\",\"width\":458,\"height\":458},{\"@type\":\"BreadcrumbList\",\"@id\":\"https:\/\/www.siciliarance.com\/de\/prodotto\/fioroni-washington-navel-bio-orangen-15kg\/#breadcrumb\",\"itemListElement\":[{\"@type\":\"ListItem\",\"position\":1,\"name\":\"Home\",\"item\":\"https:\/\/www.siciliarance.com\/de\/zuhause\/\"},{\"@type\":\"ListItem\",\"position\":2,\"name\":\"Shop\",\"item\":\"https:\/\/www.siciliarance.com\/negozio\/\"},{\"@type\":\"ListItem\",\"position\":3,\"name\":\"Fioroni Bio-Orangen \u2013 15 kg\"}]},{\"@type\":\"WebSite\",\"@id\":\"https:\/\/www.siciliarance.com\/de\/#website\",\"url\":\"https:\/\/www.siciliarance.com\/de\/\",\"name\":\"Siciliarance\",\"description\":\"Agrumi di ribera\",\"publisher\":{\"@id\":\"https:\/\/www.siciliarance.com\/de\/#organization\"},\"potentialAction\":[{\"@type\":\"SearchAction\",\"target\":{\"@type\":\"EntryPoint\",\"urlTemplate\":\"https:\/\/www.siciliarance.com\/de\/?s={search_term_string}\"},\"query-input\":{\"@type\":\"PropertyValueSpecification\",\"valueRequired\":true,\"valueName\":\"search_term_string\"}}],\"inLanguage\":\"de\"},{\"@type\":\"Organization\",\"@id\":\"https:\/\/www.siciliarance.com\/de\/#organization\",\"name\":\"Siciliarance\",\"url\":\"https:\/\/www.siciliarance.com\/de\/\",\"logo\":{\"@type\":\"ImageObject\",\"inLanguage\":\"de\",\"@id\":\"https:\/\/www.siciliarance.com\/de\/#\/schema\/logo\/image\/\",\"url\":\"https:\/\/www.siciliarance.com\/wp-content\/uploads\/2024\/08\/logo-definitivo.png\",\"contentUrl\":\"https:\/\/www.siciliarance.com\/wp-content\/uploads\/2024\/08\/logo-definitivo.png\",\"width\":1921,\"height\":482,\"caption\":\"Siciliarance\"},\"image\":{\"@id\":\"https:\/\/www.siciliarance.com\/de\/#\/schema\/logo\/image\/\"}}]}<\/script>\n<!-- \/ Yoast SEO Premium plugin. -->","yoast_head_json":{"title":"Fioroni Washington Navel Bio-Orangen 17 kg","description":"Kaufen Sie Fioroni Bio-Washington-Navel-Orangen \u2013 17 kg auf Siciliarance.com. Genie\u00dfen Sie frische, s\u00fc\u00dfe Orangen aus biologischem Anbau in Sizilien.","robots":{"index":"index","follow":"follow","max-snippet":"max-snippet:-1","max-image-preview":"max-image-preview:large","max-video-preview":"max-video-preview:-1"},"canonical":"https:\/\/www.siciliarance.com\/de\/prodotto\/fioroni-washington-navel-bio-orangen-15kg\/","og_locale":"de_DE","og_type":"article","og_title":"Fioroni Bio-Orangen \u2013 15 kg","og_description":"Kaufen Sie Fioroni Bio-Washington-Navel-Orangen \u2013 17 kg auf Siciliarance.com. Genie\u00dfen Sie frische, s\u00fc\u00dfe Orangen aus biologischem Anbau in Sizilien.","og_url":"https:\/\/www.siciliarance.com\/de\/prodotto\/fioroni-washington-navel-bio-orangen-15kg\/","og_site_name":"Siciliarance","article_modified_time":"2025-11-16T07:43:50+00:00","og_image":[{"width":458,"height":458,"url":"https:\/\/www.siciliarance.com\/wp-content\/uploads\/2024\/05\/arance-biologiche-washington-navel-fioroni-17-kg.jpg","type":"image\/jpeg"}],"twitter_card":"summary_large_image","twitter_misc":{"Gesch\u00e4tzte Lesezeit":"1\u00a0Minute"},"schema":{"@context":"https:\/\/schema.org","@graph":[{"@type":"WebPage","@id":"https:\/\/www.siciliarance.com\/de\/prodotto\/fioroni-washington-navel-bio-orangen-15kg\/","url":"https:\/\/www.siciliarance.com\/de\/prodotto\/fioroni-washington-navel-bio-orangen-15kg\/","name":"Fioroni Washington Navel Bio-Orangen 17 kg","isPartOf":{"@id":"https:\/\/www.siciliarance.com\/de\/#website"},"primaryImageOfPage":{"@id":"https:\/\/www.siciliarance.com\/de\/prodotto\/fioroni-washington-navel-bio-orangen-15kg\/#primaryimage"},"image":{"@id":"https:\/\/www.siciliarance.com\/de\/prodotto\/fioroni-washington-navel-bio-orangen-15kg\/#primaryimage"},"thumbnailUrl":"https:\/\/www.siciliarance.com\/wp-content\/uploads\/2024\/05\/arance-biologiche-washington-navel-fioroni-17-kg.jpg","datePublished":"2024-07-30T08:01:19+00:00","dateModified":"2025-11-16T07:43:50+00:00","description":"Kaufen Sie Fioroni Bio-Washington-Navel-Orangen \u2013 17 kg auf Siciliarance.com. Genie\u00dfen Sie frische, s\u00fc\u00dfe Orangen aus biologischem Anbau in Sizilien.","breadcrumb":{"@id":"https:\/\/www.siciliarance.com\/de\/prodotto\/fioroni-washington-navel-bio-orangen-15kg\/#breadcrumb"},"inLanguage":"de","potentialAction":[{"@type":"ReadAction","target":["https:\/\/www.siciliarance.com\/de\/prodotto\/fioroni-washington-navel-bio-orangen-15kg\/"]}]},{"@type":"ImageObject","inLanguage":"de","@id":"https:\/\/www.siciliarance.com\/de\/prodotto\/fioroni-washington-navel-bio-orangen-15kg\/#primaryimage","url":"https:\/\/www.siciliarance.com\/wp-content\/uploads\/2024\/05\/arance-biologiche-washington-navel-fioroni-17-kg.jpg","contentUrl":"https:\/\/www.siciliarance.com\/wp-content\/uploads\/2024\/05\/arance-biologiche-washington-navel-fioroni-17-kg.jpg","width":458,"height":458},{"@type":"BreadcrumbList","@id":"https:\/\/www.siciliarance.com\/de\/prodotto\/fioroni-washington-navel-bio-orangen-15kg\/#breadcrumb","itemListElement":[{"@type":"ListItem","position":1,"name":"Home","item":"https:\/\/www.siciliarance.com\/de\/zuhause\/"},{"@type":"ListItem","position":2,"name":"Shop","item":"https:\/\/www.siciliarance.com\/negozio\/"},{"@type":"ListItem","position":3,"name":"Fioroni Bio-Orangen \u2013 15 kg"}]},{"@type":"WebSite","@id":"https:\/\/www.siciliarance.com\/de\/#website","url":"https:\/\/www.siciliarance.com\/de\/","name":"Siciliarance","description":"Agrumi di ribera","publisher":{"@id":"https:\/\/www.siciliarance.com\/de\/#organization"},"potentialAction":[{"@type":"SearchAction","target":{"@type":"EntryPoint","urlTemplate":"https:\/\/www.siciliarance.com\/de\/?s={search_term_string}"},"query-input":{"@type":"PropertyValueSpecification","valueRequired":true,"valueName":"search_term_string"}}],"inLanguage":"de"},{"@type":"Organization","@id":"https:\/\/www.siciliarance.com\/de\/#organization","name":"Siciliarance","url":"https:\/\/www.siciliarance.com\/de\/","logo":{"@type":"ImageObject","inLanguage":"de","@id":"https:\/\/www.siciliarance.com\/de\/#\/schema\/logo\/image\/","url":"https:\/\/www.siciliarance.com\/wp-content\/uploads\/2024\/08\/logo-definitivo.png","contentUrl":"https:\/\/www.siciliarance.com\/wp-content\/uploads\/2024\/08\/logo-definitivo.png","width":1921,"height":482,"caption":"Siciliarance"},"image":{"@id":"https:\/\/www.siciliarance.com\/de\/#\/schema\/logo\/image\/"}}]}},"_links":{"self":[{"href":"https:\/\/www.siciliarance.com\/de\/wp-json\/wp\/v2\/product\/709","targetHints":{"allow":["GET"]}}],"collection":[{"href":"https:\/\/www.siciliarance.com\/de\/wp-json\/wp\/v2\/product"}],"about":[{"href":"https:\/\/www.siciliarance.com\/de\/wp-json\/wp\/v2\/types\/product"}],"replies":[{"embeddable":true,"href":"https:\/\/www.siciliarance.com\/de\/wp-json\/wp\/v2\/comments?post=709"}],"version-history":[{"count":1,"href":"https:\/\/www.siciliarance.com\/de\/wp-json\/wp\/v2\/product\/709\/revisions"}],"predecessor-version":[{"id":2375,"href":"https:\/\/www.siciliarance.com\/de\/wp-json\/wp\/v2\/product\/709\/revisions\/2375"}],"wp:featuredmedia":[{"embeddable":true,"href":"https:\/\/www.siciliarance.com\/de\/wp-json\/wp\/v2\/media\/547"}],"wp:attachment":[{"href":"https:\/\/www.siciliarance.com\/de\/wp-json\/wp\/v2\/media?parent=709"}],"wp:term":[{"taxonomy":"product_brand","embeddable":true,"href":"https:\/\/www.siciliarance.com\/de\/wp-json\/wp\/v2\/product_brand?post=709"},{"taxonomy":"product_cat","embeddable":true,"href":"https:\/\/www.siciliarance.com\/de\/wp-json\/wp\/v2\/product_cat?post=709"},{"taxonomy":"product_tag","embeddable":true,"href":"https:\/\/www.siciliarance.com\/de\/wp-json\/wp\/v2\/product_tag?post=709"}],"curies":[{"name":"wp","href":"https:\/\/api.w.org\/{rel}","templated":true}]}}