{"id":705,"date":"2024-07-30T10:01:20","date_gmt":"2024-07-30T10:01:20","guid":{"rendered":"https:\/\/www.siciliarance.com\/prodotto\/bio-clementinen-10-kg\/"},"modified":"2024-11-09T08:11:00","modified_gmt":"2024-11-09T08:11:00","slug":"bio-clementinen-10-kg","status":"publish","type":"product","link":"https:\/\/www.siciliarance.com\/de\/prodotto\/bio-clementinen-10-kg\/","title":{"rendered":"Bio Clementinen &#8211; 10 kg"},"content":{"rendered":"<h4>Bio Clementinen &#8211; 10 kg<\/h4>\n<p>Willkommen bei Siciliarance.com, Ihrer Adresse f\u00fcr die besten sizilianischen Bio-Clementinen! Mit Begeisterung pr\u00e4sentieren wir Ihnen unsere <strong>Bio-Clementinen<\/strong>, verpackt in praktischen 10-kg-Kisten, direkt von der Azienda Agricola Borsellino. <\/p>\n<h4>Warum sollten Sie unsere Clementinen w\u00e4hlen?<\/h4>\n<p>Unsere Bio-Clementinen werden mit Liebe und Respekt f\u00fcr die Umwelt in den fruchtbaren B\u00f6den Siziliens angebaut. Jede Frucht wird sorgf\u00e4ltig ausgew\u00e4hlt, um ein Maximum an S\u00fc\u00dfe und Frische zu gew\u00e4hrleisten und Ihnen ein einzigartiges und authentisches Geschmackserlebnis zu bieten. <\/p>\n<h4>Hauptmerkmale:<\/h4>\n<ul>\n<li><strong>Unwiderstehliche S\u00fc\u00dfe<\/strong>: Sizilianische Clementinen werden weltweit f\u00fcr ihre nat\u00fcrliche S\u00fc\u00dfe und ihren aromatischen Saft gesch\u00e4tzt.<\/li>\n<li><strong>100% Bio<\/strong>: Unsere Clementinen werden nach strengen Bio-Standards angebaut und sind frei von sch\u00e4dlichen Pestiziden und chemischen D\u00fcngemitteln.<\/li>\n<li><strong>Garantierte Frische<\/strong>: Die Clementinen werden zum richtigen Zeitpunkt geerntet, um ihre Frische und ihren authentischen Geschmack zu bewahren.<\/li>\n<li><strong>Praktisch verpackt<\/strong>: Die 10-kg-Kiste ist ideal f\u00fcr Familien, Restaurants oder jeden, der immer frische, echte Clementinen zur Hand haben m\u00f6chte.<\/li>\n<\/ul>\n<h4>Gesundheitliche Vorteile:<\/h4>\n<p>Bio-Clementinen sind eine nat\u00fcrliche Quelle von Vitamin C, Antioxidantien und anderen wichtigen N\u00e4hrstoffen, die zum allgemeinen Wohlbefinden und zum Immunsystem beitragen.<\/p>\n<h4>Verpackung und Lieferung:<\/h4>\n<p>Unsere Clementinen werden sorgf\u00e4ltig verpackt und direkt zu Ihnen nach Hause geliefert, damit sie frisch und genussbereit bei Ihnen ankommen.<\/p>\n","protected":false},"excerpt":{"rendered":"<p>Kategorie I &#8211; Sorte: Korsika 2 &#8211; Italien Nettogewicht 10 kg &#8211; Bruttogewicht 11 kg<\/p>\n","protected":false},"featured_media":555,"comment_status":"open","ping_status":"closed","template":"","meta":[],"product_brand":[],"product_cat":[39],"product_tag":[],"class_list":{"0":"post-705","1":"product","2":"type-product","3":"status-publish","4":"has-post-thumbnail","6":"product_cat-zitrusfruchte-aus-sizilien","8":"first","9":"outofstock","10":"shipping-taxable","11":"purchasable","12":"product-type-simple"},"yoast_head":"<!-- This site is optimized with the Yoast SEO Premium plugin v23.5 (Yoast SEO v23.6) - https:\/\/yoast.com\/wordpress\/plugins\/seo\/ -->\n<title>Bio Clementinen 10 kg | Siciliarance.com<\/title>\n<meta name=\"description\" content=\"Bio Clementinen - 10 kg bei Siciliarance.de kaufen. Frische und s\u00fc\u00dfe Clementinen, biologisch angebaut in Sizilien.\" \/>\n<meta name=\"robots\" content=\"index, follow, max-snippet:-1, max-image-preview:large, max-video-preview:-1\" \/>\n<link rel=\"canonical\" href=\"https:\/\/www.siciliarance.com\/de\/prodotto\/bio-clementinen-10-kg\/\" \/>\n<meta property=\"og:locale\" content=\"de_DE\" \/>\n<meta property=\"og:type\" content=\"article\" \/>\n<meta property=\"og:title\" content=\"Bio Clementinen - 10 kg\" \/>\n<meta property=\"og:description\" content=\"Bio Clementinen - 10 kg bei Siciliarance.de kaufen. Frische und s\u00fc\u00dfe Clementinen, biologisch angebaut in Sizilien.\" \/>\n<meta property=\"og:url\" content=\"https:\/\/www.siciliarance.com\/de\/prodotto\/bio-clementinen-10-kg\/\" \/>\n<meta property=\"og:site_name\" content=\"Siciliarance\" \/>\n<meta property=\"article:modified_time\" content=\"2024-11-09T08:11:00+00:00\" \/>\n<meta property=\"og:image\" content=\"https:\/\/www.siciliarance.com\/wp-content\/uploads\/2024\/05\/clementine-biologiche-10-kg.jpg\" \/>\n\t<meta property=\"og:image:width\" content=\"458\" \/>\n\t<meta property=\"og:image:height\" content=\"458\" \/>\n\t<meta property=\"og:image:type\" content=\"image\/jpeg\" \/>\n<meta name=\"twitter:card\" content=\"summary_large_image\" \/>\n<meta name=\"twitter:label1\" content=\"Gesch\u00e4tzte Lesezeit\" \/>\n\t<meta name=\"twitter:data1\" content=\"1\u00a0Minute\" \/>\n<script type=\"application\/ld+json\" class=\"yoast-schema-graph\">{\"@context\":\"https:\/\/schema.org\",\"@graph\":[{\"@type\":\"WebPage\",\"@id\":\"https:\/\/www.siciliarance.com\/de\/prodotto\/bio-clementinen-10-kg\/\",\"url\":\"https:\/\/www.siciliarance.com\/de\/prodotto\/bio-clementinen-10-kg\/\",\"name\":\"Bio Clementinen 10 kg | Siciliarance.com\",\"isPartOf\":{\"@id\":\"https:\/\/www.siciliarance.com\/de\/#website\"},\"primaryImageOfPage\":{\"@id\":\"https:\/\/www.siciliarance.com\/de\/prodotto\/bio-clementinen-10-kg\/#primaryimage\"},\"image\":{\"@id\":\"https:\/\/www.siciliarance.com\/de\/prodotto\/bio-clementinen-10-kg\/#primaryimage\"},\"thumbnailUrl\":\"https:\/\/www.siciliarance.com\/wp-content\/uploads\/2024\/05\/clementine-biologiche-10-kg.jpg\",\"datePublished\":\"2024-07-30T10:01:20+00:00\",\"dateModified\":\"2024-11-09T08:11:00+00:00\",\"description\":\"Bio Clementinen - 10 kg bei Siciliarance.de kaufen. Frische und s\u00fc\u00dfe Clementinen, biologisch angebaut in Sizilien.\",\"breadcrumb\":{\"@id\":\"https:\/\/www.siciliarance.com\/de\/prodotto\/bio-clementinen-10-kg\/#breadcrumb\"},\"inLanguage\":\"de\",\"potentialAction\":[{\"@type\":\"ReadAction\",\"target\":[\"https:\/\/www.siciliarance.com\/de\/prodotto\/bio-clementinen-10-kg\/\"]}]},{\"@type\":\"ImageObject\",\"inLanguage\":\"de\",\"@id\":\"https:\/\/www.siciliarance.com\/de\/prodotto\/bio-clementinen-10-kg\/#primaryimage\",\"url\":\"https:\/\/www.siciliarance.com\/wp-content\/uploads\/2024\/05\/clementine-biologiche-10-kg.jpg\",\"contentUrl\":\"https:\/\/www.siciliarance.com\/wp-content\/uploads\/2024\/05\/clementine-biologiche-10-kg.jpg\",\"width\":458,\"height\":458},{\"@type\":\"BreadcrumbList\",\"@id\":\"https:\/\/www.siciliarance.com\/de\/prodotto\/bio-clementinen-10-kg\/#breadcrumb\",\"itemListElement\":[{\"@type\":\"ListItem\",\"position\":1,\"name\":\"Home\",\"item\":\"https:\/\/www.siciliarance.com\/de\/zuhause\/\"},{\"@type\":\"ListItem\",\"position\":2,\"name\":\"Shop\",\"item\":\"https:\/\/www.siciliarance.com\/negozio\/\"},{\"@type\":\"ListItem\",\"position\":3,\"name\":\"Bio Clementinen &#8211; 10 kg\"}]},{\"@type\":\"WebSite\",\"@id\":\"https:\/\/www.siciliarance.com\/de\/#website\",\"url\":\"https:\/\/www.siciliarance.com\/de\/\",\"name\":\"Siciliarance\",\"description\":\"Agrumi di ribera\",\"publisher\":{\"@id\":\"https:\/\/www.siciliarance.com\/de\/#organization\"},\"potentialAction\":[{\"@type\":\"SearchAction\",\"target\":{\"@type\":\"EntryPoint\",\"urlTemplate\":\"https:\/\/www.siciliarance.com\/de\/?s={search_term_string}\"},\"query-input\":{\"@type\":\"PropertyValueSpecification\",\"valueRequired\":true,\"valueName\":\"search_term_string\"}}],\"inLanguage\":\"de\"},{\"@type\":\"Organization\",\"@id\":\"https:\/\/www.siciliarance.com\/de\/#organization\",\"name\":\"Siciliarance\",\"url\":\"https:\/\/www.siciliarance.com\/de\/\",\"logo\":{\"@type\":\"ImageObject\",\"inLanguage\":\"de\",\"@id\":\"https:\/\/www.siciliarance.com\/de\/#\/schema\/logo\/image\/\",\"url\":\"https:\/\/www.siciliarance.com\/wp-content\/uploads\/2024\/08\/logo-definitivo.png\",\"contentUrl\":\"https:\/\/www.siciliarance.com\/wp-content\/uploads\/2024\/08\/logo-definitivo.png\",\"width\":1921,\"height\":482,\"caption\":\"Siciliarance\"},\"image\":{\"@id\":\"https:\/\/www.siciliarance.com\/de\/#\/schema\/logo\/image\/\"}}]}<\/script>\n<!-- \/ Yoast SEO Premium plugin. -->","yoast_head_json":{"title":"Bio Clementinen 10 kg | Siciliarance.com","description":"Bio Clementinen - 10 kg bei Siciliarance.de kaufen. Frische und s\u00fc\u00dfe Clementinen, biologisch angebaut in Sizilien.","robots":{"index":"index","follow":"follow","max-snippet":"max-snippet:-1","max-image-preview":"max-image-preview:large","max-video-preview":"max-video-preview:-1"},"canonical":"https:\/\/www.siciliarance.com\/de\/prodotto\/bio-clementinen-10-kg\/","og_locale":"de_DE","og_type":"article","og_title":"Bio Clementinen - 10 kg","og_description":"Bio Clementinen - 10 kg bei Siciliarance.de kaufen. Frische und s\u00fc\u00dfe Clementinen, biologisch angebaut in Sizilien.","og_url":"https:\/\/www.siciliarance.com\/de\/prodotto\/bio-clementinen-10-kg\/","og_site_name":"Siciliarance","article_modified_time":"2024-11-09T08:11:00+00:00","og_image":[{"width":458,"height":458,"url":"https:\/\/www.siciliarance.com\/wp-content\/uploads\/2024\/05\/clementine-biologiche-10-kg.jpg","type":"image\/jpeg"}],"twitter_card":"summary_large_image","twitter_misc":{"Gesch\u00e4tzte Lesezeit":"1\u00a0Minute"},"schema":{"@context":"https:\/\/schema.org","@graph":[{"@type":"WebPage","@id":"https:\/\/www.siciliarance.com\/de\/prodotto\/bio-clementinen-10-kg\/","url":"https:\/\/www.siciliarance.com\/de\/prodotto\/bio-clementinen-10-kg\/","name":"Bio Clementinen 10 kg | Siciliarance.com","isPartOf":{"@id":"https:\/\/www.siciliarance.com\/de\/#website"},"primaryImageOfPage":{"@id":"https:\/\/www.siciliarance.com\/de\/prodotto\/bio-clementinen-10-kg\/#primaryimage"},"image":{"@id":"https:\/\/www.siciliarance.com\/de\/prodotto\/bio-clementinen-10-kg\/#primaryimage"},"thumbnailUrl":"https:\/\/www.siciliarance.com\/wp-content\/uploads\/2024\/05\/clementine-biologiche-10-kg.jpg","datePublished":"2024-07-30T10:01:20+00:00","dateModified":"2024-11-09T08:11:00+00:00","description":"Bio Clementinen - 10 kg bei Siciliarance.de kaufen. Frische und s\u00fc\u00dfe Clementinen, biologisch angebaut in Sizilien.","breadcrumb":{"@id":"https:\/\/www.siciliarance.com\/de\/prodotto\/bio-clementinen-10-kg\/#breadcrumb"},"inLanguage":"de","potentialAction":[{"@type":"ReadAction","target":["https:\/\/www.siciliarance.com\/de\/prodotto\/bio-clementinen-10-kg\/"]}]},{"@type":"ImageObject","inLanguage":"de","@id":"https:\/\/www.siciliarance.com\/de\/prodotto\/bio-clementinen-10-kg\/#primaryimage","url":"https:\/\/www.siciliarance.com\/wp-content\/uploads\/2024\/05\/clementine-biologiche-10-kg.jpg","contentUrl":"https:\/\/www.siciliarance.com\/wp-content\/uploads\/2024\/05\/clementine-biologiche-10-kg.jpg","width":458,"height":458},{"@type":"BreadcrumbList","@id":"https:\/\/www.siciliarance.com\/de\/prodotto\/bio-clementinen-10-kg\/#breadcrumb","itemListElement":[{"@type":"ListItem","position":1,"name":"Home","item":"https:\/\/www.siciliarance.com\/de\/zuhause\/"},{"@type":"ListItem","position":2,"name":"Shop","item":"https:\/\/www.siciliarance.com\/negozio\/"},{"@type":"ListItem","position":3,"name":"Bio Clementinen &#8211; 10 kg"}]},{"@type":"WebSite","@id":"https:\/\/www.siciliarance.com\/de\/#website","url":"https:\/\/www.siciliarance.com\/de\/","name":"Siciliarance","description":"Agrumi di ribera","publisher":{"@id":"https:\/\/www.siciliarance.com\/de\/#organization"},"potentialAction":[{"@type":"SearchAction","target":{"@type":"EntryPoint","urlTemplate":"https:\/\/www.siciliarance.com\/de\/?s={search_term_string}"},"query-input":{"@type":"PropertyValueSpecification","valueRequired":true,"valueName":"search_term_string"}}],"inLanguage":"de"},{"@type":"Organization","@id":"https:\/\/www.siciliarance.com\/de\/#organization","name":"Siciliarance","url":"https:\/\/www.siciliarance.com\/de\/","logo":{"@type":"ImageObject","inLanguage":"de","@id":"https:\/\/www.siciliarance.com\/de\/#\/schema\/logo\/image\/","url":"https:\/\/www.siciliarance.com\/wp-content\/uploads\/2024\/08\/logo-definitivo.png","contentUrl":"https:\/\/www.siciliarance.com\/wp-content\/uploads\/2024\/08\/logo-definitivo.png","width":1921,"height":482,"caption":"Siciliarance"},"image":{"@id":"https:\/\/www.siciliarance.com\/de\/#\/schema\/logo\/image\/"}}]}},"_links":{"self":[{"href":"https:\/\/www.siciliarance.com\/de\/wp-json\/wp\/v2\/product\/705","targetHints":{"allow":["GET"]}}],"collection":[{"href":"https:\/\/www.siciliarance.com\/de\/wp-json\/wp\/v2\/product"}],"about":[{"href":"https:\/\/www.siciliarance.com\/de\/wp-json\/wp\/v2\/types\/product"}],"replies":[{"embeddable":true,"href":"https:\/\/www.siciliarance.com\/de\/wp-json\/wp\/v2\/comments?post=705"}],"version-history":[{"count":0,"href":"https:\/\/www.siciliarance.com\/de\/wp-json\/wp\/v2\/product\/705\/revisions"}],"wp:featuredmedia":[{"embeddable":true,"href":"https:\/\/www.siciliarance.com\/de\/wp-json\/wp\/v2\/media\/555"}],"wp:attachment":[{"href":"https:\/\/www.siciliarance.com\/de\/wp-json\/wp\/v2\/media?parent=705"}],"wp:term":[{"taxonomy":"product_brand","embeddable":true,"href":"https:\/\/www.siciliarance.com\/de\/wp-json\/wp\/v2\/product_brand?post=705"},{"taxonomy":"product_cat","embeddable":true,"href":"https:\/\/www.siciliarance.com\/de\/wp-json\/wp\/v2\/product_cat?post=705"},{"taxonomy":"product_tag","embeddable":true,"href":"https:\/\/www.siciliarance.com\/de\/wp-json\/wp\/v2\/product_tag?post=705"}],"curies":[{"name":"wp","href":"https:\/\/api.w.org\/{rel}","templated":true}]}}