{"id":688,"date":"2024-07-30T10:01:21","date_gmt":"2024-07-30T08:01:21","guid":{"rendered":"https:\/\/www.siciliarance.com\/prodotto\/bio-gelbe-grapefruit-15-kg\/"},"modified":"2025-11-16T07:41:54","modified_gmt":"2025-11-16T07:41:54","slug":"bio-gelbe-grapefruit-15-kg","status":"publish","type":"product","link":"https:\/\/www.siciliarance.com\/de\/prodotto\/bio-gelbe-grapefruit-15-kg\/","title":{"rendered":"Bio Gelbe Grapefruit &#8211; 15 kg"},"content":{"rendered":"<p>Willkommen bei Siciliarance.it, Ihrem Anbieter f\u00fcr die besten sizilianischen Bio-Grapefruits! Wir freuen uns, Ihnen unsere <strong>gelben Bio-Grapefruits<\/strong> pr\u00e4sentieren zu k\u00f6nnen, die direkt vom Bauernhof Borsellino in praktischen 15-kg-Kisten verpackt sind. <\/p>\n<h4>Warum sollten Sie unsere Grapefruits w\u00e4hlen?<\/h4>\n<p>Unsere gelben Bio-Grapefruits werden mit Liebe und Respekt f\u00fcr die Umwelt in den fruchtbaren B\u00f6den Siziliens angebaut. Jede Frucht wird sorgf\u00e4ltig ausgew\u00e4hlt, um maximale Frische und den einzigartigen Geschmack der sizilianischen Grapefruits zu gew\u00e4hrleisten. <\/p>\n<h4>Hauptmerkmale:<\/h4>\n<ul>\n<li><strong>Garantierte Frische<\/strong>: Unsere Grapefruits werden zum richtigen Zeitpunkt gepfl\u00fcckt, um ihre Frische und ihren saftigen Geschmack zu bewahren.<\/li>\n<li><strong>100% Bio<\/strong>: Unsere Grapefruits werden nach strengen Bio-Standards angebaut und sind frei von Pestiziden und Schadstoffen.<\/li>\n<li><strong>Einzigartiger Geschmack<\/strong>: Sizilianische Grapefruits sind bekannt f\u00fcr ihren s\u00fc\u00dfen und leicht s\u00e4uerlichen Geschmack, perfekt f\u00fcr eine erfrischende Pause w\u00e4hrend des Tages.<\/li>\n<li><strong>Praktische Verpackung<\/strong> : Die 15 kg Kiste ist ideal f\u00fcr Familien, Restaurants oder f\u00fcr alle, die immer frische, echte Grapefruits zur Verf\u00fcgung haben m\u00f6chten.<\/li>\n<\/ul>\n<h4>Gesundheitliche Vorteile:<\/h4>\n<p>Gelbe Bio-Grapefruits sind eine nat\u00fcrliche Quelle von Vitamin C und Antioxidantien, die zum allgemeinen Wohlbefinden und zur St\u00e4rkung des Immunsystems beitragen.<\/p>\n<h4>Verpackung und Lieferung:<\/h4>\n<p>Unsere Grapefruits werden sorgf\u00e4ltig verpackt, um eine Lieferung in einwandfreiem Zustand zu gew\u00e4hrleisten.<\/p>\n","protected":false},"excerpt":{"rendered":"<p>Willkommen bei Siciliarance.it, Ihrem Anbieter f\u00fcr die besten sizilianischen Bio-Grapefruits! Wir freuen uns, Ihnen unsere gelben Bio-Grapefruits pr\u00e4sentieren zu k\u00f6nnen, die direkt vom Bauernhof Borsellino in praktischen 15-kg-Kisten verpackt sind. Warum sollten Sie unsere Grapefruits w\u00e4hlen? Unsere gelben Bio-Grapefruits werden mit Liebe und Respekt f\u00fcr die Umwelt in den fruchtbaren B\u00f6den Siziliens angebaut. Jede Frucht [&hellip;]<\/p>\n","protected":false},"featured_media":561,"comment_status":"open","ping_status":"closed","template":"","meta":[],"product_brand":[],"product_cat":[39],"product_tag":[],"class_list":{"0":"post-688","1":"product","2":"type-product","3":"status-publish","4":"has-post-thumbnail","6":"product_cat-zitrusfruchte-aus-sizilien","8":"first","9":"outofstock","10":"shipping-taxable","11":"purchasable","12":"product-type-simple"},"yoast_head":"<!-- This site is optimized with the Yoast SEO Premium plugin v23.5 (Yoast SEO v23.6) - https:\/\/yoast.com\/wordpress\/plugins\/seo\/ -->\n<title>Bio Gelbe Grapefruit 17 kg | Siciliarance.com<\/title>\n<meta name=\"description\" content=\"Kaufen Sie Bio-Grapefruits (gelb) \u2013 17 kg auf Siciliarance.com. Frische, saftige Grapefruits aus biologischem Anbau in Sizilien, ideal f\u00fcr eine gesunde Ern\u00e4hrung.\" \/>\n<meta name=\"robots\" content=\"index, follow, max-snippet:-1, max-image-preview:large, max-video-preview:-1\" \/>\n<link rel=\"canonical\" href=\"https:\/\/www.siciliarance.com\/de\/prodotto\/bio-gelbe-grapefruit-15-kg\/\" \/>\n<meta property=\"og:locale\" content=\"de_DE\" \/>\n<meta property=\"og:type\" content=\"article\" \/>\n<meta property=\"og:title\" content=\"Bio Gelbe Grapefruit - 15 kg\" \/>\n<meta property=\"og:description\" content=\"Kaufen Sie Bio-Grapefruits (gelb) \u2013 17 kg auf Siciliarance.com. Frische, saftige Grapefruits aus biologischem Anbau in Sizilien, ideal f\u00fcr eine gesunde Ern\u00e4hrung.\" \/>\n<meta property=\"og:url\" content=\"https:\/\/www.siciliarance.com\/de\/prodotto\/bio-gelbe-grapefruit-15-kg\/\" \/>\n<meta property=\"og:site_name\" content=\"Siciliarance\" \/>\n<meta property=\"article:modified_time\" content=\"2025-11-16T07:41:54+00:00\" \/>\n<meta property=\"og:image\" content=\"https:\/\/www.siciliarance.com\/wp-content\/uploads\/2024\/05\/pompelmi-gialli-biologici-10-kg.jpg\" \/>\n\t<meta property=\"og:image:width\" content=\"458\" \/>\n\t<meta property=\"og:image:height\" content=\"458\" \/>\n\t<meta property=\"og:image:type\" content=\"image\/jpeg\" \/>\n<meta name=\"twitter:card\" content=\"summary_large_image\" \/>\n<meta name=\"twitter:label1\" content=\"Gesch\u00e4tzte Lesezeit\" \/>\n\t<meta name=\"twitter:data1\" content=\"1\u00a0Minute\" \/>\n<script type=\"application\/ld+json\" class=\"yoast-schema-graph\">{\"@context\":\"https:\/\/schema.org\",\"@graph\":[{\"@type\":\"WebPage\",\"@id\":\"https:\/\/www.siciliarance.com\/de\/prodotto\/bio-gelbe-grapefruit-15-kg\/\",\"url\":\"https:\/\/www.siciliarance.com\/de\/prodotto\/bio-gelbe-grapefruit-15-kg\/\",\"name\":\"Bio Gelbe Grapefruit 17 kg | Siciliarance.com\",\"isPartOf\":{\"@id\":\"https:\/\/www.siciliarance.com\/de\/#website\"},\"primaryImageOfPage\":{\"@id\":\"https:\/\/www.siciliarance.com\/de\/prodotto\/bio-gelbe-grapefruit-15-kg\/#primaryimage\"},\"image\":{\"@id\":\"https:\/\/www.siciliarance.com\/de\/prodotto\/bio-gelbe-grapefruit-15-kg\/#primaryimage\"},\"thumbnailUrl\":\"https:\/\/www.siciliarance.com\/wp-content\/uploads\/2024\/05\/pompelmi-gialli-biologici-10-kg.jpg\",\"datePublished\":\"2024-07-30T08:01:21+00:00\",\"dateModified\":\"2025-11-16T07:41:54+00:00\",\"description\":\"Kaufen Sie Bio-Grapefruits (gelb) \u2013 17 kg auf Siciliarance.com. Frische, saftige Grapefruits aus biologischem Anbau in Sizilien, ideal f\u00fcr eine gesunde Ern\u00e4hrung.\",\"breadcrumb\":{\"@id\":\"https:\/\/www.siciliarance.com\/de\/prodotto\/bio-gelbe-grapefruit-15-kg\/#breadcrumb\"},\"inLanguage\":\"de\",\"potentialAction\":[{\"@type\":\"ReadAction\",\"target\":[\"https:\/\/www.siciliarance.com\/de\/prodotto\/bio-gelbe-grapefruit-15-kg\/\"]}]},{\"@type\":\"ImageObject\",\"inLanguage\":\"de\",\"@id\":\"https:\/\/www.siciliarance.com\/de\/prodotto\/bio-gelbe-grapefruit-15-kg\/#primaryimage\",\"url\":\"https:\/\/www.siciliarance.com\/wp-content\/uploads\/2024\/05\/pompelmi-gialli-biologici-10-kg.jpg\",\"contentUrl\":\"https:\/\/www.siciliarance.com\/wp-content\/uploads\/2024\/05\/pompelmi-gialli-biologici-10-kg.jpg\",\"width\":458,\"height\":458},{\"@type\":\"BreadcrumbList\",\"@id\":\"https:\/\/www.siciliarance.com\/de\/prodotto\/bio-gelbe-grapefruit-15-kg\/#breadcrumb\",\"itemListElement\":[{\"@type\":\"ListItem\",\"position\":1,\"name\":\"Home\",\"item\":\"https:\/\/www.siciliarance.com\/de\/zuhause\/\"},{\"@type\":\"ListItem\",\"position\":2,\"name\":\"Shop\",\"item\":\"https:\/\/www.siciliarance.com\/negozio\/\"},{\"@type\":\"ListItem\",\"position\":3,\"name\":\"Bio Gelbe Grapefruit &#8211; 15 kg\"}]},{\"@type\":\"WebSite\",\"@id\":\"https:\/\/www.siciliarance.com\/de\/#website\",\"url\":\"https:\/\/www.siciliarance.com\/de\/\",\"name\":\"Siciliarance\",\"description\":\"Agrumi di ribera\",\"publisher\":{\"@id\":\"https:\/\/www.siciliarance.com\/de\/#organization\"},\"potentialAction\":[{\"@type\":\"SearchAction\",\"target\":{\"@type\":\"EntryPoint\",\"urlTemplate\":\"https:\/\/www.siciliarance.com\/de\/?s={search_term_string}\"},\"query-input\":{\"@type\":\"PropertyValueSpecification\",\"valueRequired\":true,\"valueName\":\"search_term_string\"}}],\"inLanguage\":\"de\"},{\"@type\":\"Organization\",\"@id\":\"https:\/\/www.siciliarance.com\/de\/#organization\",\"name\":\"Siciliarance\",\"url\":\"https:\/\/www.siciliarance.com\/de\/\",\"logo\":{\"@type\":\"ImageObject\",\"inLanguage\":\"de\",\"@id\":\"https:\/\/www.siciliarance.com\/de\/#\/schema\/logo\/image\/\",\"url\":\"https:\/\/www.siciliarance.com\/wp-content\/uploads\/2024\/08\/logo-definitivo.png\",\"contentUrl\":\"https:\/\/www.siciliarance.com\/wp-content\/uploads\/2024\/08\/logo-definitivo.png\",\"width\":1921,\"height\":482,\"caption\":\"Siciliarance\"},\"image\":{\"@id\":\"https:\/\/www.siciliarance.com\/de\/#\/schema\/logo\/image\/\"}}]}<\/script>\n<!-- \/ Yoast SEO Premium plugin. -->","yoast_head_json":{"title":"Bio Gelbe Grapefruit 17 kg | Siciliarance.com","description":"Kaufen Sie Bio-Grapefruits (gelb) \u2013 17 kg auf Siciliarance.com. Frische, saftige Grapefruits aus biologischem Anbau in Sizilien, ideal f\u00fcr eine gesunde Ern\u00e4hrung.","robots":{"index":"index","follow":"follow","max-snippet":"max-snippet:-1","max-image-preview":"max-image-preview:large","max-video-preview":"max-video-preview:-1"},"canonical":"https:\/\/www.siciliarance.com\/de\/prodotto\/bio-gelbe-grapefruit-15-kg\/","og_locale":"de_DE","og_type":"article","og_title":"Bio Gelbe Grapefruit - 15 kg","og_description":"Kaufen Sie Bio-Grapefruits (gelb) \u2013 17 kg auf Siciliarance.com. Frische, saftige Grapefruits aus biologischem Anbau in Sizilien, ideal f\u00fcr eine gesunde Ern\u00e4hrung.","og_url":"https:\/\/www.siciliarance.com\/de\/prodotto\/bio-gelbe-grapefruit-15-kg\/","og_site_name":"Siciliarance","article_modified_time":"2025-11-16T07:41:54+00:00","og_image":[{"width":458,"height":458,"url":"https:\/\/www.siciliarance.com\/wp-content\/uploads\/2024\/05\/pompelmi-gialli-biologici-10-kg.jpg","type":"image\/jpeg"}],"twitter_card":"summary_large_image","twitter_misc":{"Gesch\u00e4tzte Lesezeit":"1\u00a0Minute"},"schema":{"@context":"https:\/\/schema.org","@graph":[{"@type":"WebPage","@id":"https:\/\/www.siciliarance.com\/de\/prodotto\/bio-gelbe-grapefruit-15-kg\/","url":"https:\/\/www.siciliarance.com\/de\/prodotto\/bio-gelbe-grapefruit-15-kg\/","name":"Bio Gelbe Grapefruit 17 kg | Siciliarance.com","isPartOf":{"@id":"https:\/\/www.siciliarance.com\/de\/#website"},"primaryImageOfPage":{"@id":"https:\/\/www.siciliarance.com\/de\/prodotto\/bio-gelbe-grapefruit-15-kg\/#primaryimage"},"image":{"@id":"https:\/\/www.siciliarance.com\/de\/prodotto\/bio-gelbe-grapefruit-15-kg\/#primaryimage"},"thumbnailUrl":"https:\/\/www.siciliarance.com\/wp-content\/uploads\/2024\/05\/pompelmi-gialli-biologici-10-kg.jpg","datePublished":"2024-07-30T08:01:21+00:00","dateModified":"2025-11-16T07:41:54+00:00","description":"Kaufen Sie Bio-Grapefruits (gelb) \u2013 17 kg auf Siciliarance.com. Frische, saftige Grapefruits aus biologischem Anbau in Sizilien, ideal f\u00fcr eine gesunde Ern\u00e4hrung.","breadcrumb":{"@id":"https:\/\/www.siciliarance.com\/de\/prodotto\/bio-gelbe-grapefruit-15-kg\/#breadcrumb"},"inLanguage":"de","potentialAction":[{"@type":"ReadAction","target":["https:\/\/www.siciliarance.com\/de\/prodotto\/bio-gelbe-grapefruit-15-kg\/"]}]},{"@type":"ImageObject","inLanguage":"de","@id":"https:\/\/www.siciliarance.com\/de\/prodotto\/bio-gelbe-grapefruit-15-kg\/#primaryimage","url":"https:\/\/www.siciliarance.com\/wp-content\/uploads\/2024\/05\/pompelmi-gialli-biologici-10-kg.jpg","contentUrl":"https:\/\/www.siciliarance.com\/wp-content\/uploads\/2024\/05\/pompelmi-gialli-biologici-10-kg.jpg","width":458,"height":458},{"@type":"BreadcrumbList","@id":"https:\/\/www.siciliarance.com\/de\/prodotto\/bio-gelbe-grapefruit-15-kg\/#breadcrumb","itemListElement":[{"@type":"ListItem","position":1,"name":"Home","item":"https:\/\/www.siciliarance.com\/de\/zuhause\/"},{"@type":"ListItem","position":2,"name":"Shop","item":"https:\/\/www.siciliarance.com\/negozio\/"},{"@type":"ListItem","position":3,"name":"Bio Gelbe Grapefruit &#8211; 15 kg"}]},{"@type":"WebSite","@id":"https:\/\/www.siciliarance.com\/de\/#website","url":"https:\/\/www.siciliarance.com\/de\/","name":"Siciliarance","description":"Agrumi di ribera","publisher":{"@id":"https:\/\/www.siciliarance.com\/de\/#organization"},"potentialAction":[{"@type":"SearchAction","target":{"@type":"EntryPoint","urlTemplate":"https:\/\/www.siciliarance.com\/de\/?s={search_term_string}"},"query-input":{"@type":"PropertyValueSpecification","valueRequired":true,"valueName":"search_term_string"}}],"inLanguage":"de"},{"@type":"Organization","@id":"https:\/\/www.siciliarance.com\/de\/#organization","name":"Siciliarance","url":"https:\/\/www.siciliarance.com\/de\/","logo":{"@type":"ImageObject","inLanguage":"de","@id":"https:\/\/www.siciliarance.com\/de\/#\/schema\/logo\/image\/","url":"https:\/\/www.siciliarance.com\/wp-content\/uploads\/2024\/08\/logo-definitivo.png","contentUrl":"https:\/\/www.siciliarance.com\/wp-content\/uploads\/2024\/08\/logo-definitivo.png","width":1921,"height":482,"caption":"Siciliarance"},"image":{"@id":"https:\/\/www.siciliarance.com\/de\/#\/schema\/logo\/image\/"}}]}},"_links":{"self":[{"href":"https:\/\/www.siciliarance.com\/de\/wp-json\/wp\/v2\/product\/688","targetHints":{"allow":["GET"]}}],"collection":[{"href":"https:\/\/www.siciliarance.com\/de\/wp-json\/wp\/v2\/product"}],"about":[{"href":"https:\/\/www.siciliarance.com\/de\/wp-json\/wp\/v2\/types\/product"}],"replies":[{"embeddable":true,"href":"https:\/\/www.siciliarance.com\/de\/wp-json\/wp\/v2\/comments?post=688"}],"version-history":[{"count":1,"href":"https:\/\/www.siciliarance.com\/de\/wp-json\/wp\/v2\/product\/688\/revisions"}],"predecessor-version":[{"id":2371,"href":"https:\/\/www.siciliarance.com\/de\/wp-json\/wp\/v2\/product\/688\/revisions\/2371"}],"wp:featuredmedia":[{"embeddable":true,"href":"https:\/\/www.siciliarance.com\/de\/wp-json\/wp\/v2\/media\/561"}],"wp:attachment":[{"href":"https:\/\/www.siciliarance.com\/de\/wp-json\/wp\/v2\/media?parent=688"}],"wp:term":[{"taxonomy":"product_brand","embeddable":true,"href":"https:\/\/www.siciliarance.com\/de\/wp-json\/wp\/v2\/product_brand?post=688"},{"taxonomy":"product_cat","embeddable":true,"href":"https:\/\/www.siciliarance.com\/de\/wp-json\/wp\/v2\/product_cat?post=688"},{"taxonomy":"product_tag","embeddable":true,"href":"https:\/\/www.siciliarance.com\/de\/wp-json\/wp\/v2\/product_tag?post=688"}],"curies":[{"name":"wp","href":"https:\/\/api.w.org\/{rel}","templated":true}]}}