{"id":1487,"date":"2024-11-20T08:05:57","date_gmt":"2024-11-20T08:05:57","guid":{"rendered":"https:\/\/www.siciliarance.com\/prodotto\/pistazien-pesto\/"},"modified":"2024-11-20T08:05:57","modified_gmt":"2024-11-20T08:05:57","slug":"pistazien-pesto","status":"publish","type":"product","link":"https:\/\/www.siciliarance.com\/de\/prodotto\/pistazien-pesto\/","title":{"rendered":"Pistazien-Pesto"},"content":{"rendered":"<p>Pistazien-Pesto Unser Pistazien-Pesto ist ein Genuss f\u00fcr den Gaumen, hergestellt aus hochwertigen sizilianischen Pistazien. Jedes Glas wird in Handarbeit hergestellt, um ihr nat\u00fcrliches Aroma zu erhalten. Perfekt f\u00fcr alle, die den authentischen Geschmack von handwerklich hergestellten Produkten lieben. Dieses Pesto verk\u00f6rpert die Essenz Siziliens in nur einem L\u00f6ffel.<\/p>\n","protected":false},"excerpt":{"rendered":"<p>Pistazien-Pesto Unser Pistazien-Pesto ist ein Genuss f\u00fcr den Gaumen, hergestellt aus hochwertigen sizilianischen Pistazien. Jedes Glas wird in Handarbeit hergestellt, um ihr nat\u00fcrliches Aroma zu erhalten. Perfekt f\u00fcr alle, die den authentischen Geschmack von handwerklich hergestellten Produkten lieben. Dieses Pesto verk\u00f6rpert die Essenz Siziliens in nur einem L\u00f6ffel.<\/p>\n","protected":false},"featured_media":1043,"comment_status":"open","ping_status":"closed","template":"","meta":[],"product_brand":[],"product_cat":[50],"product_tag":[],"class_list":{"0":"post-1487","1":"product","2":"type-product","3":"status-publish","4":"has-post-thumbnail","6":"product_cat-uncategorized","8":"first","9":"instock","10":"shipping-taxable","11":"purchasable","12":"product-type-simple"},"yoast_head":"<!-- This site is optimized with the Yoast SEO Premium plugin v23.5 (Yoast SEO v23.6) - https:\/\/yoast.com\/wordpress\/plugins\/seo\/ -->\n<title>Pistazien-Pesto - Siciliarance<\/title>\n<meta name=\"robots\" content=\"index, follow, max-snippet:-1, max-image-preview:large, max-video-preview:-1\" \/>\n<link rel=\"canonical\" href=\"https:\/\/www.siciliarance.com\/de\/prodotto\/pistazien-pesto\/\" \/>\n<meta property=\"og:locale\" content=\"de_DE\" \/>\n<meta property=\"og:type\" content=\"article\" \/>\n<meta property=\"og:title\" content=\"Pistazien-Pesto\" \/>\n<meta property=\"og:description\" content=\"Pistazien-Pesto Unser Pistazien-Pesto ist ein Genuss f\u00fcr den Gaumen, hergestellt aus hochwertigen sizilianischen Pistazien. Jedes Glas wird in Handarbeit hergestellt, um ihr nat\u00fcrliches Aroma zu erhalten. Perfekt f\u00fcr alle, die den authentischen Geschmack von handwerklich hergestellten Produkten lieben. Dieses Pesto verk\u00f6rpert die Essenz Siziliens in nur einem L\u00f6ffel.\" \/>\n<meta property=\"og:url\" content=\"https:\/\/www.siciliarance.com\/de\/prodotto\/pistazien-pesto\/\" \/>\n<meta property=\"og:site_name\" content=\"Siciliarance\" \/>\n<meta name=\"twitter:card\" content=\"summary_large_image\" \/>\n<script type=\"application\/ld+json\" class=\"yoast-schema-graph\">{\"@context\":\"https:\/\/schema.org\",\"@graph\":[{\"@type\":\"WebPage\",\"@id\":\"https:\/\/www.siciliarance.com\/de\/prodotto\/pistazien-pesto\/\",\"url\":\"https:\/\/www.siciliarance.com\/de\/prodotto\/pistazien-pesto\/\",\"name\":\"Pistazien-Pesto - Siciliarance\",\"isPartOf\":{\"@id\":\"https:\/\/www.siciliarance.com\/de\/#website\"},\"primaryImageOfPage\":{\"@id\":\"https:\/\/www.siciliarance.com\/de\/prodotto\/pistazien-pesto\/#primaryimage\"},\"image\":{\"@id\":\"https:\/\/www.siciliarance.com\/de\/prodotto\/pistazien-pesto\/#primaryimage\"},\"thumbnailUrl\":\"https:\/\/www.siciliarance.com\/wp-content\/uploads\/2024\/10\/JY3A6807-12-scaled.jpg\",\"datePublished\":\"2024-11-20T08:05:57+00:00\",\"dateModified\":\"2024-11-20T08:05:57+00:00\",\"breadcrumb\":{\"@id\":\"https:\/\/www.siciliarance.com\/de\/prodotto\/pistazien-pesto\/#breadcrumb\"},\"inLanguage\":\"de\",\"potentialAction\":[{\"@type\":\"ReadAction\",\"target\":[\"https:\/\/www.siciliarance.com\/de\/prodotto\/pistazien-pesto\/\"]}]},{\"@type\":\"ImageObject\",\"inLanguage\":\"de\",\"@id\":\"https:\/\/www.siciliarance.com\/de\/prodotto\/pistazien-pesto\/#primaryimage\",\"url\":\"https:\/\/www.siciliarance.com\/wp-content\/uploads\/2024\/10\/JY3A6807-12-scaled.jpg\",\"contentUrl\":\"https:\/\/www.siciliarance.com\/wp-content\/uploads\/2024\/10\/JY3A6807-12-scaled.jpg\",\"width\":2560,\"height\":2560},{\"@type\":\"BreadcrumbList\",\"@id\":\"https:\/\/www.siciliarance.com\/de\/prodotto\/pistazien-pesto\/#breadcrumb\",\"itemListElement\":[{\"@type\":\"ListItem\",\"position\":1,\"name\":\"Home\",\"item\":\"https:\/\/www.siciliarance.com\/de\/zuhause\/\"},{\"@type\":\"ListItem\",\"position\":2,\"name\":\"Shop\",\"item\":\"https:\/\/www.siciliarance.com\/negozio\/\"},{\"@type\":\"ListItem\",\"position\":3,\"name\":\"Pistazien-Pesto\"}]},{\"@type\":\"WebSite\",\"@id\":\"https:\/\/www.siciliarance.com\/de\/#website\",\"url\":\"https:\/\/www.siciliarance.com\/de\/\",\"name\":\"Siciliarance\",\"description\":\"Agrumi di ribera\",\"publisher\":{\"@id\":\"https:\/\/www.siciliarance.com\/de\/#organization\"},\"potentialAction\":[{\"@type\":\"SearchAction\",\"target\":{\"@type\":\"EntryPoint\",\"urlTemplate\":\"https:\/\/www.siciliarance.com\/de\/?s={search_term_string}\"},\"query-input\":{\"@type\":\"PropertyValueSpecification\",\"valueRequired\":true,\"valueName\":\"search_term_string\"}}],\"inLanguage\":\"de\"},{\"@type\":\"Organization\",\"@id\":\"https:\/\/www.siciliarance.com\/de\/#organization\",\"name\":\"Siciliarance\",\"url\":\"https:\/\/www.siciliarance.com\/de\/\",\"logo\":{\"@type\":\"ImageObject\",\"inLanguage\":\"de\",\"@id\":\"https:\/\/www.siciliarance.com\/de\/#\/schema\/logo\/image\/\",\"url\":\"https:\/\/www.siciliarance.com\/wp-content\/uploads\/2024\/08\/logo-definitivo.png\",\"contentUrl\":\"https:\/\/www.siciliarance.com\/wp-content\/uploads\/2024\/08\/logo-definitivo.png\",\"width\":1921,\"height\":482,\"caption\":\"Siciliarance\"},\"image\":{\"@id\":\"https:\/\/www.siciliarance.com\/de\/#\/schema\/logo\/image\/\"}}]}<\/script>\n<!-- \/ Yoast SEO Premium plugin. -->","yoast_head_json":{"title":"Pistazien-Pesto - Siciliarance","robots":{"index":"index","follow":"follow","max-snippet":"max-snippet:-1","max-image-preview":"max-image-preview:large","max-video-preview":"max-video-preview:-1"},"canonical":"https:\/\/www.siciliarance.com\/de\/prodotto\/pistazien-pesto\/","og_locale":"de_DE","og_type":"article","og_title":"Pistazien-Pesto","og_description":"Pistazien-Pesto Unser Pistazien-Pesto ist ein Genuss f\u00fcr den Gaumen, hergestellt aus hochwertigen sizilianischen Pistazien. Jedes Glas wird in Handarbeit hergestellt, um ihr nat\u00fcrliches Aroma zu erhalten. Perfekt f\u00fcr alle, die den authentischen Geschmack von handwerklich hergestellten Produkten lieben. Dieses Pesto verk\u00f6rpert die Essenz Siziliens in nur einem L\u00f6ffel.","og_url":"https:\/\/www.siciliarance.com\/de\/prodotto\/pistazien-pesto\/","og_site_name":"Siciliarance","twitter_card":"summary_large_image","schema":{"@context":"https:\/\/schema.org","@graph":[{"@type":"WebPage","@id":"https:\/\/www.siciliarance.com\/de\/prodotto\/pistazien-pesto\/","url":"https:\/\/www.siciliarance.com\/de\/prodotto\/pistazien-pesto\/","name":"Pistazien-Pesto - Siciliarance","isPartOf":{"@id":"https:\/\/www.siciliarance.com\/de\/#website"},"primaryImageOfPage":{"@id":"https:\/\/www.siciliarance.com\/de\/prodotto\/pistazien-pesto\/#primaryimage"},"image":{"@id":"https:\/\/www.siciliarance.com\/de\/prodotto\/pistazien-pesto\/#primaryimage"},"thumbnailUrl":"https:\/\/www.siciliarance.com\/wp-content\/uploads\/2024\/10\/JY3A6807-12-scaled.jpg","datePublished":"2024-11-20T08:05:57+00:00","dateModified":"2024-11-20T08:05:57+00:00","breadcrumb":{"@id":"https:\/\/www.siciliarance.com\/de\/prodotto\/pistazien-pesto\/#breadcrumb"},"inLanguage":"de","potentialAction":[{"@type":"ReadAction","target":["https:\/\/www.siciliarance.com\/de\/prodotto\/pistazien-pesto\/"]}]},{"@type":"ImageObject","inLanguage":"de","@id":"https:\/\/www.siciliarance.com\/de\/prodotto\/pistazien-pesto\/#primaryimage","url":"https:\/\/www.siciliarance.com\/wp-content\/uploads\/2024\/10\/JY3A6807-12-scaled.jpg","contentUrl":"https:\/\/www.siciliarance.com\/wp-content\/uploads\/2024\/10\/JY3A6807-12-scaled.jpg","width":2560,"height":2560},{"@type":"BreadcrumbList","@id":"https:\/\/www.siciliarance.com\/de\/prodotto\/pistazien-pesto\/#breadcrumb","itemListElement":[{"@type":"ListItem","position":1,"name":"Home","item":"https:\/\/www.siciliarance.com\/de\/zuhause\/"},{"@type":"ListItem","position":2,"name":"Shop","item":"https:\/\/www.siciliarance.com\/negozio\/"},{"@type":"ListItem","position":3,"name":"Pistazien-Pesto"}]},{"@type":"WebSite","@id":"https:\/\/www.siciliarance.com\/de\/#website","url":"https:\/\/www.siciliarance.com\/de\/","name":"Siciliarance","description":"Agrumi di ribera","publisher":{"@id":"https:\/\/www.siciliarance.com\/de\/#organization"},"potentialAction":[{"@type":"SearchAction","target":{"@type":"EntryPoint","urlTemplate":"https:\/\/www.siciliarance.com\/de\/?s={search_term_string}"},"query-input":{"@type":"PropertyValueSpecification","valueRequired":true,"valueName":"search_term_string"}}],"inLanguage":"de"},{"@type":"Organization","@id":"https:\/\/www.siciliarance.com\/de\/#organization","name":"Siciliarance","url":"https:\/\/www.siciliarance.com\/de\/","logo":{"@type":"ImageObject","inLanguage":"de","@id":"https:\/\/www.siciliarance.com\/de\/#\/schema\/logo\/image\/","url":"https:\/\/www.siciliarance.com\/wp-content\/uploads\/2024\/08\/logo-definitivo.png","contentUrl":"https:\/\/www.siciliarance.com\/wp-content\/uploads\/2024\/08\/logo-definitivo.png","width":1921,"height":482,"caption":"Siciliarance"},"image":{"@id":"https:\/\/www.siciliarance.com\/de\/#\/schema\/logo\/image\/"}}]}},"_links":{"self":[{"href":"https:\/\/www.siciliarance.com\/de\/wp-json\/wp\/v2\/product\/1487","targetHints":{"allow":["GET"]}}],"collection":[{"href":"https:\/\/www.siciliarance.com\/de\/wp-json\/wp\/v2\/product"}],"about":[{"href":"https:\/\/www.siciliarance.com\/de\/wp-json\/wp\/v2\/types\/product"}],"replies":[{"embeddable":true,"href":"https:\/\/www.siciliarance.com\/de\/wp-json\/wp\/v2\/comments?post=1487"}],"version-history":[{"count":0,"href":"https:\/\/www.siciliarance.com\/de\/wp-json\/wp\/v2\/product\/1487\/revisions"}],"wp:featuredmedia":[{"embeddable":true,"href":"https:\/\/www.siciliarance.com\/de\/wp-json\/wp\/v2\/media\/1043"}],"wp:attachment":[{"href":"https:\/\/www.siciliarance.com\/de\/wp-json\/wp\/v2\/media?parent=1487"}],"wp:term":[{"taxonomy":"product_brand","embeddable":true,"href":"https:\/\/www.siciliarance.com\/de\/wp-json\/wp\/v2\/product_brand?post=1487"},{"taxonomy":"product_cat","embeddable":true,"href":"https:\/\/www.siciliarance.com\/de\/wp-json\/wp\/v2\/product_cat?post=1487"},{"taxonomy":"product_tag","embeddable":true,"href":"https:\/\/www.siciliarance.com\/de\/wp-json\/wp\/v2\/product_tag?post=1487"}],"curies":[{"name":"wp","href":"https:\/\/api.w.org\/{rel}","templated":true}]}}