{"id":1435,"date":"2024-11-19T14:30:04","date_gmt":"2024-11-19T14:30:04","guid":{"rendered":"https:\/\/www.siciliarance.com\/prodotto\/milele-eukalyptus-ape-nera-sicula-500g\/"},"modified":"2024-11-19T14:30:04","modified_gmt":"2024-11-19T14:30:04","slug":"milele-eukalyptus-ape-nera-sicula-500g","status":"publish","type":"product","link":"https:\/\/www.siciliarance.com\/de\/prodotto\/milele-eukalyptus-ape-nera-sicula-500g\/","title":{"rendered":"Milele Eukalyptus &#8211; Ape nera sicula 500g"},"content":{"rendered":"<p>Unser sizilianischer Eukalyptushonig ist ein echtes Juwel der Natur, das sorgf\u00e4ltig von sizilianischen schwarzen Bienen, einer gesch\u00fctzten einheimischen Art, geerntet wird. Mit seinem intensiven Geschmack und seinen balsamischen aromatischen Noten ist dieser Honig ideal f\u00fcr alle, die einen kr\u00e4ftigen Geschmack und eine wohltuende Wirkung auf den Hals und die Atemwege suchen. Er passt perfekt zu reifem K\u00e4se oder als nat\u00fcrliches S\u00fc\u00dfungsmittel in Kr\u00e4utertees.  <\/p>\n","protected":false},"excerpt":{"rendered":"<p>Unser sizilianischer Eukalyptushonig ist ein echtes Juwel der Natur, das sorgf\u00e4ltig von sizilianischen schwarzen Bienen, einer gesch\u00fctzten einheimischen Art, geerntet wird. Mit seinem intensiven Geschmack und seinen balsamischen aromatischen Noten ist dieser Honig ideal f\u00fcr alle, die einen kr\u00e4ftigen Geschmack und eine wohltuende Wirkung auf den Hals und die Atemwege suchen. Er passt perfekt zu [&hellip;]<\/p>\n","protected":false},"featured_media":1447,"comment_status":"open","ping_status":"closed","template":"","meta":[],"product_brand":[],"product_cat":[42],"product_tag":[],"class_list":{"0":"post-1435","1":"product","2":"type-product","3":"status-publish","4":"has-post-thumbnail","6":"product_cat-typisch-sizilianische-produkte","8":"first","9":"instock","10":"shipping-taxable","11":"purchasable","12":"product-type-simple"},"yoast_head":"<!-- This site is optimized with the Yoast SEO Premium plugin v23.5 (Yoast SEO v23.6) - https:\/\/yoast.com\/wordpress\/plugins\/seo\/ -->\n<title>Sizilianischer Eukalyptus-Honig von Ape Nera Sicula<\/title>\n<meta name=\"description\" content=\"Entdecken Sie den sizilianischen Eukalyptushonig von Ape Nera Sicula, ein Honig mit intensivem Geschmack und balsamischen Noten. Ideal f\u00fcr reife K\u00e4sesorten und Kr\u00e4utertees.\" \/>\n<meta name=\"robots\" content=\"index, follow, max-snippet:-1, max-image-preview:large, max-video-preview:-1\" \/>\n<link rel=\"canonical\" href=\"https:\/\/www.siciliarance.com\/de\/prodotto\/milele-eukalyptus-ape-nera-sicula-500g\/\" \/>\n<meta property=\"og:locale\" content=\"de_DE\" \/>\n<meta property=\"og:type\" content=\"article\" \/>\n<meta property=\"og:title\" content=\"Milele Eukalyptus - Ape nera sicula 500g\" \/>\n<meta property=\"og:description\" content=\"Entdecken Sie den sizilianischen Eukalyptushonig von Ape Nera Sicula, ein Honig mit intensivem Geschmack und balsamischen Noten. Ideal f\u00fcr reife K\u00e4sesorten und Kr\u00e4utertees.\" \/>\n<meta property=\"og:url\" content=\"https:\/\/www.siciliarance.com\/de\/prodotto\/milele-eukalyptus-ape-nera-sicula-500g\/\" \/>\n<meta property=\"og:site_name\" content=\"Siciliarance\" \/>\n<meta name=\"twitter:card\" content=\"summary_large_image\" \/>\n<script type=\"application\/ld+json\" class=\"yoast-schema-graph\">{\"@context\":\"https:\/\/schema.org\",\"@graph\":[{\"@type\":\"WebPage\",\"@id\":\"https:\/\/www.siciliarance.com\/de\/prodotto\/milele-eukalyptus-ape-nera-sicula-500g\/\",\"url\":\"https:\/\/www.siciliarance.com\/de\/prodotto\/milele-eukalyptus-ape-nera-sicula-500g\/\",\"name\":\"Sizilianischer Eukalyptus-Honig von Ape Nera Sicula\",\"isPartOf\":{\"@id\":\"https:\/\/www.siciliarance.com\/de\/#website\"},\"primaryImageOfPage\":{\"@id\":\"https:\/\/www.siciliarance.com\/de\/prodotto\/milele-eukalyptus-ape-nera-sicula-500g\/#primaryimage\"},\"image\":{\"@id\":\"https:\/\/www.siciliarance.com\/de\/prodotto\/milele-eukalyptus-ape-nera-sicula-500g\/#primaryimage\"},\"thumbnailUrl\":\"https:\/\/www.siciliarance.com\/wp-content\/uploads\/2024\/11\/eucalipto.png\",\"datePublished\":\"2024-11-19T14:30:04+00:00\",\"dateModified\":\"2024-11-19T14:30:04+00:00\",\"description\":\"Entdecken Sie den sizilianischen Eukalyptushonig von Ape Nera Sicula, ein Honig mit intensivem Geschmack und balsamischen Noten. Ideal f\u00fcr reife K\u00e4sesorten und Kr\u00e4utertees.\",\"breadcrumb\":{\"@id\":\"https:\/\/www.siciliarance.com\/de\/prodotto\/milele-eukalyptus-ape-nera-sicula-500g\/#breadcrumb\"},\"inLanguage\":\"de\",\"potentialAction\":[{\"@type\":\"ReadAction\",\"target\":[\"https:\/\/www.siciliarance.com\/de\/prodotto\/milele-eukalyptus-ape-nera-sicula-500g\/\"]}]},{\"@type\":\"ImageObject\",\"inLanguage\":\"de\",\"@id\":\"https:\/\/www.siciliarance.com\/de\/prodotto\/milele-eukalyptus-ape-nera-sicula-500g\/#primaryimage\",\"url\":\"https:\/\/www.siciliarance.com\/wp-content\/uploads\/2024\/11\/eucalipto.png\",\"contentUrl\":\"https:\/\/www.siciliarance.com\/wp-content\/uploads\/2024\/11\/eucalipto.png\",\"width\":1080,\"height\":1080},{\"@type\":\"BreadcrumbList\",\"@id\":\"https:\/\/www.siciliarance.com\/de\/prodotto\/milele-eukalyptus-ape-nera-sicula-500g\/#breadcrumb\",\"itemListElement\":[{\"@type\":\"ListItem\",\"position\":1,\"name\":\"Home\",\"item\":\"https:\/\/www.siciliarance.com\/de\/zuhause\/\"},{\"@type\":\"ListItem\",\"position\":2,\"name\":\"Shop\",\"item\":\"https:\/\/www.siciliarance.com\/negozio\/\"},{\"@type\":\"ListItem\",\"position\":3,\"name\":\"Milele Eukalyptus &#8211; Ape nera sicula 500g\"}]},{\"@type\":\"WebSite\",\"@id\":\"https:\/\/www.siciliarance.com\/de\/#website\",\"url\":\"https:\/\/www.siciliarance.com\/de\/\",\"name\":\"Siciliarance\",\"description\":\"Agrumi di ribera\",\"publisher\":{\"@id\":\"https:\/\/www.siciliarance.com\/de\/#organization\"},\"potentialAction\":[{\"@type\":\"SearchAction\",\"target\":{\"@type\":\"EntryPoint\",\"urlTemplate\":\"https:\/\/www.siciliarance.com\/de\/?s={search_term_string}\"},\"query-input\":{\"@type\":\"PropertyValueSpecification\",\"valueRequired\":true,\"valueName\":\"search_term_string\"}}],\"inLanguage\":\"de\"},{\"@type\":\"Organization\",\"@id\":\"https:\/\/www.siciliarance.com\/de\/#organization\",\"name\":\"Siciliarance\",\"url\":\"https:\/\/www.siciliarance.com\/de\/\",\"logo\":{\"@type\":\"ImageObject\",\"inLanguage\":\"de\",\"@id\":\"https:\/\/www.siciliarance.com\/de\/#\/schema\/logo\/image\/\",\"url\":\"https:\/\/www.siciliarance.com\/wp-content\/uploads\/2024\/08\/logo-definitivo.png\",\"contentUrl\":\"https:\/\/www.siciliarance.com\/wp-content\/uploads\/2024\/08\/logo-definitivo.png\",\"width\":1921,\"height\":482,\"caption\":\"Siciliarance\"},\"image\":{\"@id\":\"https:\/\/www.siciliarance.com\/de\/#\/schema\/logo\/image\/\"}}]}<\/script>\n<!-- \/ Yoast SEO Premium plugin. -->","yoast_head_json":{"title":"Sizilianischer Eukalyptus-Honig von Ape Nera Sicula","description":"Entdecken Sie den sizilianischen Eukalyptushonig von Ape Nera Sicula, ein Honig mit intensivem Geschmack und balsamischen Noten. Ideal f\u00fcr reife K\u00e4sesorten und Kr\u00e4utertees.","robots":{"index":"index","follow":"follow","max-snippet":"max-snippet:-1","max-image-preview":"max-image-preview:large","max-video-preview":"max-video-preview:-1"},"canonical":"https:\/\/www.siciliarance.com\/de\/prodotto\/milele-eukalyptus-ape-nera-sicula-500g\/","og_locale":"de_DE","og_type":"article","og_title":"Milele Eukalyptus - Ape nera sicula 500g","og_description":"Entdecken Sie den sizilianischen Eukalyptushonig von Ape Nera Sicula, ein Honig mit intensivem Geschmack und balsamischen Noten. Ideal f\u00fcr reife K\u00e4sesorten und Kr\u00e4utertees.","og_url":"https:\/\/www.siciliarance.com\/de\/prodotto\/milele-eukalyptus-ape-nera-sicula-500g\/","og_site_name":"Siciliarance","twitter_card":"summary_large_image","schema":{"@context":"https:\/\/schema.org","@graph":[{"@type":"WebPage","@id":"https:\/\/www.siciliarance.com\/de\/prodotto\/milele-eukalyptus-ape-nera-sicula-500g\/","url":"https:\/\/www.siciliarance.com\/de\/prodotto\/milele-eukalyptus-ape-nera-sicula-500g\/","name":"Sizilianischer Eukalyptus-Honig von Ape Nera Sicula","isPartOf":{"@id":"https:\/\/www.siciliarance.com\/de\/#website"},"primaryImageOfPage":{"@id":"https:\/\/www.siciliarance.com\/de\/prodotto\/milele-eukalyptus-ape-nera-sicula-500g\/#primaryimage"},"image":{"@id":"https:\/\/www.siciliarance.com\/de\/prodotto\/milele-eukalyptus-ape-nera-sicula-500g\/#primaryimage"},"thumbnailUrl":"https:\/\/www.siciliarance.com\/wp-content\/uploads\/2024\/11\/eucalipto.png","datePublished":"2024-11-19T14:30:04+00:00","dateModified":"2024-11-19T14:30:04+00:00","description":"Entdecken Sie den sizilianischen Eukalyptushonig von Ape Nera Sicula, ein Honig mit intensivem Geschmack und balsamischen Noten. Ideal f\u00fcr reife K\u00e4sesorten und Kr\u00e4utertees.","breadcrumb":{"@id":"https:\/\/www.siciliarance.com\/de\/prodotto\/milele-eukalyptus-ape-nera-sicula-500g\/#breadcrumb"},"inLanguage":"de","potentialAction":[{"@type":"ReadAction","target":["https:\/\/www.siciliarance.com\/de\/prodotto\/milele-eukalyptus-ape-nera-sicula-500g\/"]}]},{"@type":"ImageObject","inLanguage":"de","@id":"https:\/\/www.siciliarance.com\/de\/prodotto\/milele-eukalyptus-ape-nera-sicula-500g\/#primaryimage","url":"https:\/\/www.siciliarance.com\/wp-content\/uploads\/2024\/11\/eucalipto.png","contentUrl":"https:\/\/www.siciliarance.com\/wp-content\/uploads\/2024\/11\/eucalipto.png","width":1080,"height":1080},{"@type":"BreadcrumbList","@id":"https:\/\/www.siciliarance.com\/de\/prodotto\/milele-eukalyptus-ape-nera-sicula-500g\/#breadcrumb","itemListElement":[{"@type":"ListItem","position":1,"name":"Home","item":"https:\/\/www.siciliarance.com\/de\/zuhause\/"},{"@type":"ListItem","position":2,"name":"Shop","item":"https:\/\/www.siciliarance.com\/negozio\/"},{"@type":"ListItem","position":3,"name":"Milele Eukalyptus &#8211; Ape nera sicula 500g"}]},{"@type":"WebSite","@id":"https:\/\/www.siciliarance.com\/de\/#website","url":"https:\/\/www.siciliarance.com\/de\/","name":"Siciliarance","description":"Agrumi di ribera","publisher":{"@id":"https:\/\/www.siciliarance.com\/de\/#organization"},"potentialAction":[{"@type":"SearchAction","target":{"@type":"EntryPoint","urlTemplate":"https:\/\/www.siciliarance.com\/de\/?s={search_term_string}"},"query-input":{"@type":"PropertyValueSpecification","valueRequired":true,"valueName":"search_term_string"}}],"inLanguage":"de"},{"@type":"Organization","@id":"https:\/\/www.siciliarance.com\/de\/#organization","name":"Siciliarance","url":"https:\/\/www.siciliarance.com\/de\/","logo":{"@type":"ImageObject","inLanguage":"de","@id":"https:\/\/www.siciliarance.com\/de\/#\/schema\/logo\/image\/","url":"https:\/\/www.siciliarance.com\/wp-content\/uploads\/2024\/08\/logo-definitivo.png","contentUrl":"https:\/\/www.siciliarance.com\/wp-content\/uploads\/2024\/08\/logo-definitivo.png","width":1921,"height":482,"caption":"Siciliarance"},"image":{"@id":"https:\/\/www.siciliarance.com\/de\/#\/schema\/logo\/image\/"}}]}},"_links":{"self":[{"href":"https:\/\/www.siciliarance.com\/de\/wp-json\/wp\/v2\/product\/1435","targetHints":{"allow":["GET"]}}],"collection":[{"href":"https:\/\/www.siciliarance.com\/de\/wp-json\/wp\/v2\/product"}],"about":[{"href":"https:\/\/www.siciliarance.com\/de\/wp-json\/wp\/v2\/types\/product"}],"replies":[{"embeddable":true,"href":"https:\/\/www.siciliarance.com\/de\/wp-json\/wp\/v2\/comments?post=1435"}],"version-history":[{"count":0,"href":"https:\/\/www.siciliarance.com\/de\/wp-json\/wp\/v2\/product\/1435\/revisions"}],"wp:featuredmedia":[{"embeddable":true,"href":"https:\/\/www.siciliarance.com\/de\/wp-json\/wp\/v2\/media\/1447"}],"wp:attachment":[{"href":"https:\/\/www.siciliarance.com\/de\/wp-json\/wp\/v2\/media?parent=1435"}],"wp:term":[{"taxonomy":"product_brand","embeddable":true,"href":"https:\/\/www.siciliarance.com\/de\/wp-json\/wp\/v2\/product_brand?post=1435"},{"taxonomy":"product_cat","embeddable":true,"href":"https:\/\/www.siciliarance.com\/de\/wp-json\/wp\/v2\/product_cat?post=1435"},{"taxonomy":"product_tag","embeddable":true,"href":"https:\/\/www.siciliarance.com\/de\/wp-json\/wp\/v2\/product_tag?post=1435"}],"curies":[{"name":"wp","href":"https:\/\/api.w.org\/{rel}","templated":true}]}}