{"id":1056,"date":"2024-10-24T07:55:26","date_gmt":"2024-10-24T07:55:26","guid":{"rendered":"https:\/\/www.siciliarance.com\/prodotto\/pistaziencreme\/"},"modified":"2024-10-24T07:55:26","modified_gmt":"2024-10-24T07:55:26","slug":"pistaziencreme","status":"publish","type":"product","link":"https:\/\/www.siciliarance.com\/de\/prodotto\/pistaziencreme\/","title":{"rendered":"Pistaziencreme"},"content":{"rendered":"<p>D<strong>er unverwechselbare Geschmack sizilianischer Pistazien<\/strong> Unsere<em>Pistaziencreme<\/em> ist ein Genuss f\u00fcr den Gaumen, hergestellt aus ausgew\u00e4hlten hochwertigen sizilianischen Pistazien. Jedes Glas enth\u00e4lt den reichen, intensiven Geschmack der feinsten Pistazien, die in Handarbeit hergestellt werden, um ihr nat\u00fcrliches Aroma und ihre cremige Textur zu erhalten. Diese Creme ist perfekt f\u00fcr alle, die den authentischen Geschmack handwerklich hergestellter Produkte lieben. Sie verk\u00f6rpert die Essenz Siziliens in einem einzigen L\u00f6ffel.<br \/>\nA <strong>usgew\u00e4hlte und nat\u00fcrliche Zutaten<\/strong> Die<em>Pistaziencreme<\/em> wird mit einfachen und unverf\u00e4lschten Zutaten zubereitet: sizilianische Pistazien, Zucker, Pflanzen\u00f6l und eine kleine Menge Salz zur Verst\u00e4rkung des Geschmacks. Wir verwenden keine chemischen Zus\u00e4tze, Farb- oder Konservierungsstoffe und garantieren so ein gesundes Produkt ohne k\u00fcnstliche Stoffe. Das Ergebnis ist eine Creme mit einer samtigen Textur und einem intensiven Geschmack, ideal f\u00fcr alle, die ein hochwertiges Produkt suchen.<br \/>\nI <strong>deal f\u00fcr Fr\u00fchst\u00fccke, Desserts und Gourmet-Rezepte<\/strong> Pistaziencreme ist \u00e4u\u00dferst vielseitig. Sie kann zur Bereicherung Ihres Fr\u00fchst\u00fccksaufstrichs auf frischem Brot oder Zwieback oder als F\u00fcllung f\u00fcr selbstgemachte Brioche und Croissants verwendet werden. Sie eignet sich auch hervorragend zum Dekorieren und F\u00fcllen von Desserts wie Kuchen, K\u00e4sekuchen und Keksen oder zur Herstellung von raffiniert schmeckenden L\u00f6ffeldesserts.<br \/>\nS <strong>erviervorschl\u00e4ge<\/strong> Versuchen Sie, die<em>Pistaziencreme<\/em> als geheime Zutat f\u00fcr Ihren n\u00e4chsten Kuchen oder Ihre n\u00e4chste Torte zu verwenden, oder geben Sie sie f\u00fcr einen Hauch von unwiderstehlichem Geschmack in Eiscreme. Wenn Sie es herzhaft m\u00f6gen, experimentieren Sie mit gew\u00fcrzten K\u00e4sesorten oder verwenden Sie die Creme als Basis f\u00fcr So\u00dfen zu wei\u00dfem Fleisch oder Schalentieren. Lassen Sie sich von der sizilianischen Tradition inspirieren und kreieren Sie einzigartige Rezepte!  <\/p>\n","protected":false},"excerpt":{"rendered":"<p>Der unverwechselbare Geschmack sizilianischer Pistazien UnserePistaziencreme ist ein Genuss f\u00fcr den Gaumen, hergestellt aus ausgew\u00e4hlten hochwertigen sizilianischen Pistazien. Jedes Glas enth\u00e4lt den reichen, intensiven Geschmack der feinsten Pistazien, die in Handarbeit hergestellt werden, um ihr nat\u00fcrliches Aroma und ihre cremige Textur zu erhalten. Diese Creme ist perfekt f\u00fcr alle, die den authentischen Geschmack handwerklich hergestellter [&hellip;]<\/p>\n","protected":false},"featured_media":1783,"comment_status":"open","ping_status":"closed","template":"","meta":[],"product_brand":[],"product_cat":[42],"product_tag":[],"class_list":{"0":"post-1056","1":"product","2":"type-product","3":"status-publish","4":"has-post-thumbnail","6":"product_cat-typisch-sizilianische-produkte","8":"first","9":"instock","10":"shipping-taxable","11":"purchasable","12":"product-type-simple"},"yoast_head":"<!-- This site is optimized with the Yoast SEO Premium plugin v23.5 (Yoast SEO v23.6) - https:\/\/yoast.com\/wordpress\/plugins\/seo\/ -->\n<title>Sizilianische Pistaziencreme | SiciliaRance<\/title>\n<meta name=\"description\" content=\"Sizilianische Pistaziencreme kaufen. Nur hochwertige Pistazien f\u00fcr einen intensiven und nat\u00fcrlichen Geschmack. Probieren Sie die handwerklich hergestellte sizilianische Creme!\" \/>\n<meta name=\"robots\" content=\"index, follow, max-snippet:-1, max-image-preview:large, max-video-preview:-1\" \/>\n<link rel=\"canonical\" href=\"https:\/\/www.siciliarance.com\/de\/prodotto\/pistaziencreme\/\" \/>\n<meta property=\"og:locale\" content=\"de_DE\" \/>\n<meta property=\"og:type\" content=\"article\" \/>\n<meta property=\"og:title\" content=\"Pistaziencreme\" \/>\n<meta property=\"og:description\" content=\"Sizilianische Pistaziencreme kaufen. Nur hochwertige Pistazien f\u00fcr einen intensiven und nat\u00fcrlichen Geschmack. Probieren Sie die handwerklich hergestellte sizilianische Creme!\" \/>\n<meta property=\"og:url\" content=\"https:\/\/www.siciliarance.com\/de\/prodotto\/pistaziencreme\/\" \/>\n<meta property=\"og:site_name\" content=\"Siciliarance\" \/>\n<meta property=\"og:image\" content=\"https:\/\/www.siciliarance.com\/wp-content\/uploads\/2024\/10\/JY3A6807-12-scaled.jpg\" \/>\n\t<meta property=\"og:image:width\" content=\"2560\" \/>\n\t<meta property=\"og:image:height\" content=\"2560\" \/>\n\t<meta property=\"og:image:type\" content=\"image\/jpeg\" \/>\n<meta name=\"twitter:card\" content=\"summary_large_image\" \/>\n<meta name=\"twitter:label1\" content=\"Gesch\u00e4tzte Lesezeit\" \/>\n\t<meta name=\"twitter:data1\" content=\"1\u00a0Minute\" \/>\n<script type=\"application\/ld+json\" class=\"yoast-schema-graph\">{\"@context\":\"https:\/\/schema.org\",\"@graph\":[{\"@type\":\"WebPage\",\"@id\":\"https:\/\/www.siciliarance.com\/de\/prodotto\/pistaziencreme\/\",\"url\":\"https:\/\/www.siciliarance.com\/de\/prodotto\/pistaziencreme\/\",\"name\":\"Sizilianische Pistaziencreme | SiciliaRance\",\"isPartOf\":{\"@id\":\"https:\/\/www.siciliarance.com\/de\/#website\"},\"primaryImageOfPage\":{\"@id\":\"https:\/\/www.siciliarance.com\/de\/prodotto\/pistaziencreme\/#primaryimage\"},\"image\":{\"@id\":\"https:\/\/www.siciliarance.com\/de\/prodotto\/pistaziencreme\/#primaryimage\"},\"thumbnailUrl\":\"https:\/\/www.siciliarance.com\/wp-content\/uploads\/2024\/10\/Crema-di-pistacchio.png\",\"datePublished\":\"2024-10-24T07:55:26+00:00\",\"dateModified\":\"2024-10-24T07:55:26+00:00\",\"description\":\"Sizilianische Pistaziencreme kaufen. Nur hochwertige Pistazien f\u00fcr einen intensiven und nat\u00fcrlichen Geschmack. Probieren Sie die handwerklich hergestellte sizilianische Creme!\",\"breadcrumb\":{\"@id\":\"https:\/\/www.siciliarance.com\/de\/prodotto\/pistaziencreme\/#breadcrumb\"},\"inLanguage\":\"de\",\"potentialAction\":[{\"@type\":\"ReadAction\",\"target\":[\"https:\/\/www.siciliarance.com\/de\/prodotto\/pistaziencreme\/\"]}]},{\"@type\":\"ImageObject\",\"inLanguage\":\"de\",\"@id\":\"https:\/\/www.siciliarance.com\/de\/prodotto\/pistaziencreme\/#primaryimage\",\"url\":\"https:\/\/www.siciliarance.com\/wp-content\/uploads\/2024\/10\/Crema-di-pistacchio.png\",\"contentUrl\":\"https:\/\/www.siciliarance.com\/wp-content\/uploads\/2024\/10\/Crema-di-pistacchio.png\",\"width\":1080,\"height\":1080},{\"@type\":\"BreadcrumbList\",\"@id\":\"https:\/\/www.siciliarance.com\/de\/prodotto\/pistaziencreme\/#breadcrumb\",\"itemListElement\":[{\"@type\":\"ListItem\",\"position\":1,\"name\":\"Home\",\"item\":\"https:\/\/www.siciliarance.com\/de\/zuhause\/\"},{\"@type\":\"ListItem\",\"position\":2,\"name\":\"Shop\",\"item\":\"https:\/\/www.siciliarance.com\/negozio\/\"},{\"@type\":\"ListItem\",\"position\":3,\"name\":\"Pistaziencreme\"}]},{\"@type\":\"WebSite\",\"@id\":\"https:\/\/www.siciliarance.com\/de\/#website\",\"url\":\"https:\/\/www.siciliarance.com\/de\/\",\"name\":\"Siciliarance\",\"description\":\"Agrumi di ribera\",\"publisher\":{\"@id\":\"https:\/\/www.siciliarance.com\/de\/#organization\"},\"potentialAction\":[{\"@type\":\"SearchAction\",\"target\":{\"@type\":\"EntryPoint\",\"urlTemplate\":\"https:\/\/www.siciliarance.com\/de\/?s={search_term_string}\"},\"query-input\":{\"@type\":\"PropertyValueSpecification\",\"valueRequired\":true,\"valueName\":\"search_term_string\"}}],\"inLanguage\":\"de\"},{\"@type\":\"Organization\",\"@id\":\"https:\/\/www.siciliarance.com\/de\/#organization\",\"name\":\"Siciliarance\",\"url\":\"https:\/\/www.siciliarance.com\/de\/\",\"logo\":{\"@type\":\"ImageObject\",\"inLanguage\":\"de\",\"@id\":\"https:\/\/www.siciliarance.com\/de\/#\/schema\/logo\/image\/\",\"url\":\"https:\/\/www.siciliarance.com\/wp-content\/uploads\/2024\/08\/logo-definitivo.png\",\"contentUrl\":\"https:\/\/www.siciliarance.com\/wp-content\/uploads\/2024\/08\/logo-definitivo.png\",\"width\":1921,\"height\":482,\"caption\":\"Siciliarance\"},\"image\":{\"@id\":\"https:\/\/www.siciliarance.com\/de\/#\/schema\/logo\/image\/\"}}]}<\/script>\n<!-- \/ Yoast SEO Premium plugin. -->","yoast_head_json":{"title":"Sizilianische Pistaziencreme | SiciliaRance","description":"Sizilianische Pistaziencreme kaufen. Nur hochwertige Pistazien f\u00fcr einen intensiven und nat\u00fcrlichen Geschmack. Probieren Sie die handwerklich hergestellte sizilianische Creme!","robots":{"index":"index","follow":"follow","max-snippet":"max-snippet:-1","max-image-preview":"max-image-preview:large","max-video-preview":"max-video-preview:-1"},"canonical":"https:\/\/www.siciliarance.com\/de\/prodotto\/pistaziencreme\/","og_locale":"de_DE","og_type":"article","og_title":"Pistaziencreme","og_description":"Sizilianische Pistaziencreme kaufen. Nur hochwertige Pistazien f\u00fcr einen intensiven und nat\u00fcrlichen Geschmack. Probieren Sie die handwerklich hergestellte sizilianische Creme!","og_url":"https:\/\/www.siciliarance.com\/de\/prodotto\/pistaziencreme\/","og_site_name":"Siciliarance","og_image":[{"width":2560,"height":2560,"url":"https:\/\/www.siciliarance.com\/wp-content\/uploads\/2024\/10\/JY3A6807-12-scaled.jpg","type":"image\/jpeg"}],"twitter_card":"summary_large_image","twitter_misc":{"Gesch\u00e4tzte Lesezeit":"1\u00a0Minute"},"schema":{"@context":"https:\/\/schema.org","@graph":[{"@type":"WebPage","@id":"https:\/\/www.siciliarance.com\/de\/prodotto\/pistaziencreme\/","url":"https:\/\/www.siciliarance.com\/de\/prodotto\/pistaziencreme\/","name":"Sizilianische Pistaziencreme | SiciliaRance","isPartOf":{"@id":"https:\/\/www.siciliarance.com\/de\/#website"},"primaryImageOfPage":{"@id":"https:\/\/www.siciliarance.com\/de\/prodotto\/pistaziencreme\/#primaryimage"},"image":{"@id":"https:\/\/www.siciliarance.com\/de\/prodotto\/pistaziencreme\/#primaryimage"},"thumbnailUrl":"https:\/\/www.siciliarance.com\/wp-content\/uploads\/2024\/10\/Crema-di-pistacchio.png","datePublished":"2024-10-24T07:55:26+00:00","dateModified":"2024-10-24T07:55:26+00:00","description":"Sizilianische Pistaziencreme kaufen. Nur hochwertige Pistazien f\u00fcr einen intensiven und nat\u00fcrlichen Geschmack. Probieren Sie die handwerklich hergestellte sizilianische Creme!","breadcrumb":{"@id":"https:\/\/www.siciliarance.com\/de\/prodotto\/pistaziencreme\/#breadcrumb"},"inLanguage":"de","potentialAction":[{"@type":"ReadAction","target":["https:\/\/www.siciliarance.com\/de\/prodotto\/pistaziencreme\/"]}]},{"@type":"ImageObject","inLanguage":"de","@id":"https:\/\/www.siciliarance.com\/de\/prodotto\/pistaziencreme\/#primaryimage","url":"https:\/\/www.siciliarance.com\/wp-content\/uploads\/2024\/10\/Crema-di-pistacchio.png","contentUrl":"https:\/\/www.siciliarance.com\/wp-content\/uploads\/2024\/10\/Crema-di-pistacchio.png","width":1080,"height":1080},{"@type":"BreadcrumbList","@id":"https:\/\/www.siciliarance.com\/de\/prodotto\/pistaziencreme\/#breadcrumb","itemListElement":[{"@type":"ListItem","position":1,"name":"Home","item":"https:\/\/www.siciliarance.com\/de\/zuhause\/"},{"@type":"ListItem","position":2,"name":"Shop","item":"https:\/\/www.siciliarance.com\/negozio\/"},{"@type":"ListItem","position":3,"name":"Pistaziencreme"}]},{"@type":"WebSite","@id":"https:\/\/www.siciliarance.com\/de\/#website","url":"https:\/\/www.siciliarance.com\/de\/","name":"Siciliarance","description":"Agrumi di ribera","publisher":{"@id":"https:\/\/www.siciliarance.com\/de\/#organization"},"potentialAction":[{"@type":"SearchAction","target":{"@type":"EntryPoint","urlTemplate":"https:\/\/www.siciliarance.com\/de\/?s={search_term_string}"},"query-input":{"@type":"PropertyValueSpecification","valueRequired":true,"valueName":"search_term_string"}}],"inLanguage":"de"},{"@type":"Organization","@id":"https:\/\/www.siciliarance.com\/de\/#organization","name":"Siciliarance","url":"https:\/\/www.siciliarance.com\/de\/","logo":{"@type":"ImageObject","inLanguage":"de","@id":"https:\/\/www.siciliarance.com\/de\/#\/schema\/logo\/image\/","url":"https:\/\/www.siciliarance.com\/wp-content\/uploads\/2024\/08\/logo-definitivo.png","contentUrl":"https:\/\/www.siciliarance.com\/wp-content\/uploads\/2024\/08\/logo-definitivo.png","width":1921,"height":482,"caption":"Siciliarance"},"image":{"@id":"https:\/\/www.siciliarance.com\/de\/#\/schema\/logo\/image\/"}}]}},"_links":{"self":[{"href":"https:\/\/www.siciliarance.com\/de\/wp-json\/wp\/v2\/product\/1056","targetHints":{"allow":["GET"]}}],"collection":[{"href":"https:\/\/www.siciliarance.com\/de\/wp-json\/wp\/v2\/product"}],"about":[{"href":"https:\/\/www.siciliarance.com\/de\/wp-json\/wp\/v2\/types\/product"}],"replies":[{"embeddable":true,"href":"https:\/\/www.siciliarance.com\/de\/wp-json\/wp\/v2\/comments?post=1056"}],"version-history":[{"count":0,"href":"https:\/\/www.siciliarance.com\/de\/wp-json\/wp\/v2\/product\/1056\/revisions"}],"wp:featuredmedia":[{"embeddable":true,"href":"https:\/\/www.siciliarance.com\/de\/wp-json\/wp\/v2\/media\/1783"}],"wp:attachment":[{"href":"https:\/\/www.siciliarance.com\/de\/wp-json\/wp\/v2\/media?parent=1056"}],"wp:term":[{"taxonomy":"product_brand","embeddable":true,"href":"https:\/\/www.siciliarance.com\/de\/wp-json\/wp\/v2\/product_brand?post=1056"},{"taxonomy":"product_cat","embeddable":true,"href":"https:\/\/www.siciliarance.com\/de\/wp-json\/wp\/v2\/product_cat?post=1056"},{"taxonomy":"product_tag","embeddable":true,"href":"https:\/\/www.siciliarance.com\/de\/wp-json\/wp\/v2\/product_tag?post=1056"}],"curies":[{"name":"wp","href":"https:\/\/api.w.org\/{rel}","templated":true}]}}